{"id":22171,"date":"2025-03-13T14:08:26","date_gmt":"2025-03-13T13:08:26","guid":{"rendered":"https:\/\/gebruederthonetvienna.com\/professionelles\/creations-personnalisees\/"},"modified":"2025-04-09T13:25:48","modified_gmt":"2025-04-09T11:25:48","slug":"creations-personnalisees","status":"publish","type":"page","link":"https:\/\/gebruederthonetvienna.com\/fr\/professionelles\/creations-personnalisees\/","title":{"rendered":"Cr\u00e9ations personnalis\u00e9es"},"content":{"rendered":"\n<div class=\"wp-block-group alignfull is-layout-constrained wp-block-group-is-layout-constrained\"><h1 style=\"padding-top:var(--wp--preset--spacing--112);padding-bottom:var(--wp--preset--spacing--112);margin-top:0;margin-bottom:0;\" class=\"has-text-align-center wp-block-post-title has-58-font-size\">Cr\u00e9ations personnalis\u00e9es<\/h1>\n\n\n<div class=\"wp-block-media-text alignfull has-media-on-the-right is-stacked-on-mobile is-image-fill-element is-style-content-teaser has-light-grey-background-color has-background\" id=\"designer\"><div class=\"wp-block-media-text__content\">\n<div class=\"wp-block-group is-layout-constrained wp-container-core-group-is-layout-caa2d89a wp-block-group-is-layout-constrained\" style=\"padding-right:var(--wp--preset--spacing--80);padding-left:var(--wp--preset--spacing--80)\">\n<p class=\"has-20-font-size\" style=\"font-style:normal;font-weight:300\">GTV met son savoir-faire au service des architectes et des designers pour des r\u00e9alisations sur mesure. Du d\u00e9veloppement de finitions exclusives \u00e0 la cr\u00e9ation de mobilier sur mesure, nous offrons des solutions sur mesure pour les projets contractuels et r\u00e9sidentiels. Contactez-nous pour une consultation personnalis\u00e9e.  <\/p>\n\n\n\n<div class=\"wp-block-buttons is-layout-flex wp-block-buttons-is-layout-flex\">\n<div class=\"wp-block-button is-style-cta\"><a class=\"wp-block-button__link wp-element-button\" href=\"mailto:sales@gebruederthonetvienna.com\">\u00c9crivez-nous<\/a><\/div>\n<\/div>\n<\/div>\n<\/div><figure class=\"wp-block-media-text__media\"><img loading=\"lazy\" decoding=\"async\" width=\"680\" height=\"850\" src=\"https:\/\/gebruederthonetvienna.com\/wp-content\/uploads\/2025\/03\/professionisti-realizzazioni-1.webp\" alt=\"\" class=\"wp-image-19991 size-full\" style=\"object-position:50% 50%\" srcset=\"https:\/\/gebruederthonetvienna.com\/wp-content\/uploads\/2025\/03\/professionisti-realizzazioni-1.webp 680w, https:\/\/gebruederthonetvienna.com\/wp-content\/uploads\/2025\/03\/professionisti-realizzazioni-1-240x300.webp 240w\" sizes=\"auto, (max-width: 680px) 100vw, 680px\" \/><\/figure><\/div>\n\n\n\n<div style=\"height:10rem\" aria-hidden=\"true\" class=\"wp-block-spacer\"><\/div>\n\n\n\n<div class=\"wp-block-group alignfull is-style-breadcrumbs is-layout-constrained wp-block-group-is-layout-constrained\"><span><span><a href=\"https:\/\/gebruederthonetvienna.com\/fr\/\">Home<\/a><\/span><\/span>\n<\/div>\n<\/div>\n","protected":false},"excerpt":{"rendered":"<p>GTV met son savoir-faire au service des architectes et des designers pour des r\u00e9alisations sur mesure. Du d\u00e9veloppement de finitions exclusives \u00e0 la cr\u00e9ation de mobilier sur mesure, nous offrons des solutions sur mesure pour les projets contractuels et r\u00e9sidentiels. Contactez-nous pour une consultation personnalis\u00e9e.<\/p>\n","protected":false},"author":9,"featured_media":0,"parent":22080,"menu_order":0,"comment_status":"closed","ping_status":"closed","template":"","meta":{"_acf_changed":false,"footnotes":""},"class_list":["post-22171","page","type-page","status-publish","hentry"],"acf":[],"yoast_head":"<!-- This site is optimized with the Yoast SEO plugin v24.7 - https:\/\/yoast.com\/wordpress\/plugins\/seo\/ -->\n<title>Cr\u00e9ations personnalis\u00e9es - GTV<\/title>\n<meta name=\"robots\" content=\"index, follow, max-snippet:-1, max-image-preview:large, max-video-preview:-1\" \/>\n<link rel=\"canonical\" href=\"https:\/\/gebruederthonetvienna.com\/fr\/professionelles\/creations-personnalisees\/\" \/>\n<meta property=\"og:locale\" content=\"fr_FR\" \/>\n<meta property=\"og:type\" content=\"article\" \/>\n<meta property=\"og:title\" content=\"Cr\u00e9ations personnalis\u00e9es - GTV\" \/>\n<meta property=\"og:description\" content=\"GTV met son savoir-faire au service des architectes et des designers pour des r\u00e9alisations sur mesure. Du d\u00e9veloppement de finitions exclusives \u00e0 la cr\u00e9ation de mobilier sur mesure, nous offrons des solutions sur mesure pour les projets contractuels et r\u00e9sidentiels. Contactez-nous pour une consultation personnalis\u00e9e.\" \/>\n<meta property=\"og:url\" content=\"https:\/\/gebruederthonetvienna.com\/fr\/professionelles\/creations-personnalisees\/\" \/>\n<meta property=\"og:site_name\" content=\"GTV\" \/>\n<meta property=\"article:modified_time\" content=\"2025-04-09T11:25:48+00:00\" \/>\n<meta property=\"og:image\" content=\"https:\/\/gebruederthonetvienna.com\/wp-content\/uploads\/2025\/03\/professionisti-realizzazioni-1.webp\" \/>\n\t<meta property=\"og:image:width\" content=\"680\" \/>\n\t<meta property=\"og:image:height\" content=\"850\" \/>\n\t<meta property=\"og:image:type\" content=\"image\/webp\" \/>\n<meta name=\"twitter:card\" content=\"summary_large_image\" \/>\n<script type=\"application\/ld+json\" class=\"yoast-schema-graph\">{\"@context\":\"https:\/\/schema.org\",\"@graph\":[{\"@type\":\"WebPage\",\"@id\":\"https:\/\/gebruederthonetvienna.com\/fr\/professionelles\/creations-personnalisees\/\",\"url\":\"https:\/\/gebruederthonetvienna.com\/fr\/professionelles\/creations-personnalisees\/\",\"name\":\"Cr\u00e9ations personnalis\u00e9es - GTV\",\"isPartOf\":{\"@id\":\"https:\/\/gebruederthonetvienna.com\/fr\/#website\"},\"primaryImageOfPage\":{\"@id\":\"https:\/\/gebruederthonetvienna.com\/fr\/professionelles\/creations-personnalisees\/#primaryimage\"},\"image\":{\"@id\":\"https:\/\/gebruederthonetvienna.com\/fr\/professionelles\/creations-personnalisees\/#primaryimage\"},\"thumbnailUrl\":\"https:\/\/gebruederthonetvienna.com\/wp-content\/uploads\/2025\/03\/professionisti-realizzazioni-1.webp\",\"datePublished\":\"2025-03-13T13:08:26+00:00\",\"dateModified\":\"2025-04-09T11:25:48+00:00\",\"breadcrumb\":{\"@id\":\"https:\/\/gebruederthonetvienna.com\/fr\/professionelles\/creations-personnalisees\/#breadcrumb\"},\"inLanguage\":\"fr-FR\",\"potentialAction\":[{\"@type\":\"ReadAction\",\"target\":[\"https:\/\/gebruederthonetvienna.com\/fr\/professionelles\/creations-personnalisees\/\"]}]},{\"@type\":\"ImageObject\",\"inLanguage\":\"fr-FR\",\"@id\":\"https:\/\/gebruederthonetvienna.com\/fr\/professionelles\/creations-personnalisees\/#primaryimage\",\"url\":\"https:\/\/gebruederthonetvienna.com\/wp-content\/uploads\/2025\/03\/professionisti-realizzazioni-1.webp\",\"contentUrl\":\"https:\/\/gebruederthonetvienna.com\/wp-content\/uploads\/2025\/03\/professionisti-realizzazioni-1.webp\"},{\"@type\":\"BreadcrumbList\",\"@id\":\"https:\/\/gebruederthonetvienna.com\/fr\/professionelles\/creations-personnalisees\/#breadcrumb\",\"itemListElement\":[{\"@type\":\"ListItem\",\"position\":1,\"name\":\"Home\",\"item\":\"https:\/\/gebruederthonetvienna.com\/fr\/\"},{\"@type\":\"ListItem\",\"position\":2,\"name\":\"Professionelles\",\"item\":\"https:\/\/gebruederthonetvienna.com\/fr\/professionelles\/\"},{\"@type\":\"ListItem\",\"position\":3,\"name\":\"Cr\u00e9ations personnalis\u00e9es\"}]},{\"@type\":\"WebSite\",\"@id\":\"https:\/\/gebruederthonetvienna.com\/fr\/#website\",\"url\":\"https:\/\/gebruederthonetvienna.com\/fr\/\",\"name\":\"GTV\",\"description\":\"\",\"publisher\":{\"@id\":\"https:\/\/gebruederthonetvienna.com\/fr\/#organization\"},\"potentialAction\":[{\"@type\":\"SearchAction\",\"target\":{\"@type\":\"EntryPoint\",\"urlTemplate\":\"https:\/\/gebruederthonetvienna.com\/fr\/?s={search_term_string}\"},\"query-input\":{\"@type\":\"PropertyValueSpecification\",\"valueRequired\":true,\"valueName\":\"search_term_string\"}}],\"inLanguage\":\"fr-FR\"},{\"@type\":\"Organization\",\"@id\":\"https:\/\/gebruederthonetvienna.com\/fr\/#organization\",\"name\":\"GTV\",\"url\":\"https:\/\/gebruederthonetvienna.com\/fr\/\",\"logo\":{\"@type\":\"ImageObject\",\"inLanguage\":\"fr-FR\",\"@id\":\"https:\/\/gebruederthonetvienna.com\/fr\/#\/schema\/logo\/image\/\",\"url\":\"https:\/\/gebruederthonetvienna.com\/wp-content\/uploads\/2025\/03\/logo-black.webp\",\"contentUrl\":\"https:\/\/gebruederthonetvienna.com\/wp-content\/uploads\/2025\/03\/logo-black.webp\",\"width\":418,\"height\":343,\"caption\":\"GTV\"},\"image\":{\"@id\":\"https:\/\/gebruederthonetvienna.com\/fr\/#\/schema\/logo\/image\/\"}}]}<\/script>\n<!-- \/ Yoast SEO plugin. -->","yoast_head_json":{"title":"Cr\u00e9ations personnalis\u00e9es - GTV","robots":{"index":"index","follow":"follow","max-snippet":"max-snippet:-1","max-image-preview":"max-image-preview:large","max-video-preview":"max-video-preview:-1"},"canonical":"https:\/\/gebruederthonetvienna.com\/fr\/professionelles\/creations-personnalisees\/","og_locale":"fr_FR","og_type":"article","og_title":"Cr\u00e9ations personnalis\u00e9es - GTV","og_description":"GTV met son savoir-faire au service des architectes et des designers pour des r\u00e9alisations sur mesure. Du d\u00e9veloppement de finitions exclusives \u00e0 la cr\u00e9ation de mobilier sur mesure, nous offrons des solutions sur mesure pour les projets contractuels et r\u00e9sidentiels. Contactez-nous pour une consultation personnalis\u00e9e.","og_url":"https:\/\/gebruederthonetvienna.com\/fr\/professionelles\/creations-personnalisees\/","og_site_name":"GTV","article_modified_time":"2025-04-09T11:25:48+00:00","og_image":[{"width":680,"height":850,"url":"https:\/\/gebruederthonetvienna.com\/wp-content\/uploads\/2025\/03\/professionisti-realizzazioni-1.webp","type":"image\/webp"}],"twitter_card":"summary_large_image","schema":{"@context":"https:\/\/schema.org","@graph":[{"@type":"WebPage","@id":"https:\/\/gebruederthonetvienna.com\/fr\/professionelles\/creations-personnalisees\/","url":"https:\/\/gebruederthonetvienna.com\/fr\/professionelles\/creations-personnalisees\/","name":"Cr\u00e9ations personnalis\u00e9es - GTV","isPartOf":{"@id":"https:\/\/gebruederthonetvienna.com\/fr\/#website"},"primaryImageOfPage":{"@id":"https:\/\/gebruederthonetvienna.com\/fr\/professionelles\/creations-personnalisees\/#primaryimage"},"image":{"@id":"https:\/\/gebruederthonetvienna.com\/fr\/professionelles\/creations-personnalisees\/#primaryimage"},"thumbnailUrl":"https:\/\/gebruederthonetvienna.com\/wp-content\/uploads\/2025\/03\/professionisti-realizzazioni-1.webp","datePublished":"2025-03-13T13:08:26+00:00","dateModified":"2025-04-09T11:25:48+00:00","breadcrumb":{"@id":"https:\/\/gebruederthonetvienna.com\/fr\/professionelles\/creations-personnalisees\/#breadcrumb"},"inLanguage":"fr-FR","potentialAction":[{"@type":"ReadAction","target":["https:\/\/gebruederthonetvienna.com\/fr\/professionelles\/creations-personnalisees\/"]}]},{"@type":"ImageObject","inLanguage":"fr-FR","@id":"https:\/\/gebruederthonetvienna.com\/fr\/professionelles\/creations-personnalisees\/#primaryimage","url":"https:\/\/gebruederthonetvienna.com\/wp-content\/uploads\/2025\/03\/professionisti-realizzazioni-1.webp","contentUrl":"https:\/\/gebruederthonetvienna.com\/wp-content\/uploads\/2025\/03\/professionisti-realizzazioni-1.webp"},{"@type":"BreadcrumbList","@id":"https:\/\/gebruederthonetvienna.com\/fr\/professionelles\/creations-personnalisees\/#breadcrumb","itemListElement":[{"@type":"ListItem","position":1,"name":"Home","item":"https:\/\/gebruederthonetvienna.com\/fr\/"},{"@type":"ListItem","position":2,"name":"Professionelles","item":"https:\/\/gebruederthonetvienna.com\/fr\/professionelles\/"},{"@type":"ListItem","position":3,"name":"Cr\u00e9ations personnalis\u00e9es"}]},{"@type":"WebSite","@id":"https:\/\/gebruederthonetvienna.com\/fr\/#website","url":"https:\/\/gebruederthonetvienna.com\/fr\/","name":"GTV","description":"","publisher":{"@id":"https:\/\/gebruederthonetvienna.com\/fr\/#organization"},"potentialAction":[{"@type":"SearchAction","target":{"@type":"EntryPoint","urlTemplate":"https:\/\/gebruederthonetvienna.com\/fr\/?s={search_term_string}"},"query-input":{"@type":"PropertyValueSpecification","valueRequired":true,"valueName":"search_term_string"}}],"inLanguage":"fr-FR"},{"@type":"Organization","@id":"https:\/\/gebruederthonetvienna.com\/fr\/#organization","name":"GTV","url":"https:\/\/gebruederthonetvienna.com\/fr\/","logo":{"@type":"ImageObject","inLanguage":"fr-FR","@id":"https:\/\/gebruederthonetvienna.com\/fr\/#\/schema\/logo\/image\/","url":"https:\/\/gebruederthonetvienna.com\/wp-content\/uploads\/2025\/03\/logo-black.webp","contentUrl":"https:\/\/gebruederthonetvienna.com\/wp-content\/uploads\/2025\/03\/logo-black.webp","width":418,"height":343,"caption":"GTV"},"image":{"@id":"https:\/\/gebruederthonetvienna.com\/fr\/#\/schema\/logo\/image\/"}}]}},"_links":{"self":[{"href":"https:\/\/gebruederthonetvienna.com\/fr\/wp-json\/wp\/v2\/pages\/22171","targetHints":{"allow":["GET"]}}],"collection":[{"href":"https:\/\/gebruederthonetvienna.com\/fr\/wp-json\/wp\/v2\/pages"}],"about":[{"href":"https:\/\/gebruederthonetvienna.com\/fr\/wp-json\/wp\/v2\/types\/page"}],"author":[{"embeddable":true,"href":"https:\/\/gebruederthonetvienna.com\/fr\/wp-json\/wp\/v2\/users\/9"}],"replies":[{"embeddable":true,"href":"https:\/\/gebruederthonetvienna.com\/fr\/wp-json\/wp\/v2\/comments?post=22171"}],"version-history":[{"count":2,"href":"https:\/\/gebruederthonetvienna.com\/fr\/wp-json\/wp\/v2\/pages\/22171\/revisions"}],"predecessor-version":[{"id":22173,"href":"https:\/\/gebruederthonetvienna.com\/fr\/wp-json\/wp\/v2\/pages\/22171\/revisions\/22173"}],"up":[{"embeddable":true,"href":"https:\/\/gebruederthonetvienna.com\/fr\/wp-json\/wp\/v2\/pages\/22080"}],"wp:attachment":[{"href":"https:\/\/gebruederthonetvienna.com\/fr\/wp-json\/wp\/v2\/media?parent=22171"}],"curies":[{"name":"wp","href":"https:\/\/api.w.org\/{rel}","templated":true}]}}