{"id":22041,"date":"2025-03-13T14:07:56","date_gmt":"2025-03-13T13:07:56","guid":{"rendered":"https:\/\/gebruederthonetvienna.com\/monde-gtv\/designers-et-recompenses\/"},"modified":"2026-03-02T16:08:50","modified_gmt":"2026-03-02T15:08:50","slug":"designers-et-recompenses","status":"publish","type":"page","link":"https:\/\/gebruederthonetvienna.com\/fr\/monde-gtv\/designers-et-recompenses\/","title":{"rendered":"Designers et Prix"},"content":{"rendered":"<h1 style=\"padding-top:var(--wp--preset--spacing--112);padding-bottom:var(--wp--preset--spacing--112);margin-top:0;margin-bottom:0;\" class=\"has-text-align-center wp-block-post-title has-58-font-size\">Designers et Prix<\/h1>\n<div style=\"height:5rem\" aria-hidden=\"true\" class=\"wp-block-spacer\"><\/div>\n\n<div class=\"wp-block-group alignwide is-layout-constrained wp-container-core-group-is-layout-c42ca0b5 wp-block-group-is-layout-constrained\" style=\"padding-right:var(--wp--preset--spacing--16);padding-left:var(--wp--preset--spacing--16)\">\n<p style=\"font-style:normal;font-weight:300\">GTV collabore avec des designers talentueux pour r\u00e9interpr\u00e9ter la tradition \u00e0 travers un langage contemporain. Cet engagement envers la recherche et l\u2019innovation est reconnu \u00e0 l\u2019\u00e9chelle internationale, avec des prix et des distinctions qui attestent de l\u2019excellence de la marque dans le design. <\/p>\n<\/div>\n\n<div style=\"height:var(--wp--preset--spacing--80)\" aria-hidden=\"true\" class=\"wp-block-spacer\"><\/div>\n\n<h3 class=\"wp-block-heading alignfull has-text-align-center header-designer-grid has-work-sans-font-family has-28-font-size\" style=\"text-transform:uppercase\">Designer<\/h3>\n\n<div style=\"height:var(--wp--preset--spacing--40)\" aria-hidden=\"true\" class=\"wp-block-spacer\"><\/div>\n<p><div class=\"facetwp-template\" data-name=\"designer\">\t<div class=\"wp-block-group alignfull is-style-designers-grid is-layout-grid wp-block-group-is-layout-grid designer_list_result\">\n\t\t\t\t\t<div class=\"single_designer relative\">\n\t\t\t\t\t\t\t\t\t\t\t\t<figure class=\"wp-block-image size-full\"><img loading=\"lazy\" decoding=\"async\" src=\"https:\/\/gebruederthonetvienna.com\/wp-content\/uploads\/2025\/04\/Antenna.jpg\" alt=\"\" class=\"wp-image-10291 mix-blend-multiply object-contain\" style=\"aspect-ratio:4\/5;object-fit:contain\"><\/figure>\n\t\t\t\t<h4 class=\"wp-block-heading has-work-sans-font-family has-16-font-size\" style=\"text-transform:uppercase\">\n\t\t\t\t\t\t\t\t\t<\/h4>\n\t\t\t\t<h3 class=\"wp-block-heading has-work-sans-font-family has-28-font-size\" style=\"text-transform:uppercase\"><a href=\"https:\/\/gebruederthonetvienna.com\/fr\/designers\/antenna\/\">Antenna<\/a><\/h3>\n\t\t\t<\/div>\n\t\t\t\t\t<div class=\"single_designer relative\">\n\t\t\t\t\t\t\t\t\t\t\t\t<figure class=\"wp-block-image size-full\"><img loading=\"lazy\" decoding=\"async\" src=\"https:\/\/gebruederthonetvienna.com\/wp-content\/uploads\/2025\/03\/Chiara-Andreatti-1-683x1024-1.jpg\" alt=\"\" class=\"wp-image-10291 mix-blend-multiply object-contain\" style=\"aspect-ratio:4\/5;object-fit:contain\"><\/figure>\n\t\t\t\t<h4 class=\"wp-block-heading has-work-sans-font-family has-16-font-size\" style=\"text-transform:uppercase\">\n\t\t\t\t\t\t\t\t\t<\/h4>\n\t\t\t\t<h3 class=\"wp-block-heading has-work-sans-font-family has-28-font-size\" style=\"text-transform:uppercase\"><a href=\"https:\/\/gebruederthonetvienna.com\/fr\/designers\/chiara-andreatti-2\/\">Chiara Andreatti<\/a><\/h3>\n\t\t\t<\/div>\n\t\t\t\t\t<div class=\"single_designer relative\">\n\t\t\t\t\t\t\t\t\t\t\t\t<figure class=\"wp-block-image size-full\"><img loading=\"lazy\" decoding=\"async\" src=\"https:\/\/gebruederthonetvienna.com\/wp-content\/uploads\/2025\/04\/Enzo-Mari.jpg\" alt=\"\" class=\"wp-image-10291 mix-blend-multiply object-contain\" style=\"aspect-ratio:4\/5;object-fit:contain\"><\/figure>\n\t\t\t\t<h4 class=\"wp-block-heading has-work-sans-font-family has-16-font-size\" style=\"text-transform:uppercase\">\n\t\t\t\t\t\t\t\t\t<\/h4>\n\t\t\t\t<h3 class=\"wp-block-heading has-work-sans-font-family has-28-font-size\" style=\"text-transform:uppercase\"><a href=\"https:\/\/gebruederthonetvienna.com\/fr\/designers\/sergio-bicego\/\">Enzo Mari<\/a><\/h3>\n\t\t\t<\/div>\n\t\t\t\t\t<div class=\"single_designer relative\">\n\t\t\t\t\t\t\t\t\t\t\t\t<figure class=\"wp-block-image size-full\"><img loading=\"lazy\" decoding=\"async\" src=\"https:\/\/gebruederthonetvienna.com\/wp-content\/uploads\/2025\/03\/SERGIO-BICEGO-RITRATTO-2.jpg\" alt=\"\" class=\"wp-image-10291 mix-blend-multiply object-contain\" style=\"aspect-ratio:4\/5;object-fit:contain\"><\/figure>\n\t\t\t\t<h4 class=\"wp-block-heading has-work-sans-font-family has-16-font-size\" style=\"text-transform:uppercase\">\n\t\t\t\t\t\t\t\t\t<\/h4>\n\t\t\t\t<h3 class=\"wp-block-heading has-work-sans-font-family has-28-font-size\" style=\"text-transform:uppercase\"><a href=\"https:\/\/gebruederthonetvienna.com\/fr\/designers\/sergio-bicego-2\/\">Sergio Bicego<\/a><\/h3>\n\t\t\t<\/div>\n\t\t\t\t\t<div class=\"single_designer relative\">\n\t\t\t\t\t\t\t\t\t\t\t\t<figure class=\"wp-block-image size-full\"><img loading=\"lazy\" decoding=\"async\" src=\"https:\/\/gebruederthonetvienna.com\/wp-content\/uploads\/2025\/03\/Francesca-De-Giorgi-bn-3.jpg\" alt=\"\" class=\"wp-image-10291 mix-blend-multiply object-contain\" style=\"aspect-ratio:4\/5;object-fit:contain\"><\/figure>\n\t\t\t\t<h4 class=\"wp-block-heading has-work-sans-font-family has-16-font-size\" style=\"text-transform:uppercase\">\n\t\t\t\t\t\t\t\t\t<\/h4>\n\t\t\t\t<h3 class=\"wp-block-heading has-work-sans-font-family has-28-font-size\" style=\"text-transform:uppercase\"><a href=\"https:\/\/gebruederthonetvienna.com\/fr\/designers\/francesca-de-giorgi-2\/\">Francesca De Giorgi<\/a><\/h3>\n\t\t\t<\/div>\n\t\t\t\t\t<div class=\"single_designer relative\">\n\t\t\t\t\t\t\t\t\t\t\t\t<figure class=\"wp-block-image size-full\"><img loading=\"lazy\" decoding=\"async\" src=\"https:\/\/gebruederthonetvienna.com\/wp-content\/uploads\/2025\/03\/AB-CONCEPT_BW.jpg\" alt=\"\" class=\"wp-image-10291 mix-blend-multiply object-contain\" style=\"aspect-ratio:4\/5;object-fit:contain\"><\/figure>\n\t\t\t\t<h4 class=\"wp-block-heading has-work-sans-font-family has-16-font-size\" style=\"text-transform:uppercase\">\n\t\t\t\t\t\t\t\t\t<\/h4>\n\t\t\t\t<h3 class=\"wp-block-heading has-work-sans-font-family has-28-font-size\" style=\"text-transform:uppercase\"><a href=\"https:\/\/gebruederthonetvienna.com\/fr\/designers\/ab-concept-ed-ng-2\/\">AB CONCEPT (ED NG)<\/a><\/h3>\n\t\t\t<\/div>\n\t\t\t\t\t<div class=\"single_designer relative\">\n\t\t\t\t\t\t\t\t\t\t\t\t<figure class=\"wp-block-image size-full\"><img loading=\"lazy\" decoding=\"async\" src=\"https:\/\/gebruederthonetvienna.com\/wp-content\/uploads\/2025\/03\/GebruderThonet.jpg\" alt=\"\" class=\"wp-image-10291 mix-blend-multiply object-contain\" style=\"aspect-ratio:4\/5;object-fit:contain\"><\/figure>\n\t\t\t\t<h4 class=\"wp-block-heading has-work-sans-font-family has-16-font-size\" style=\"text-transform:uppercase\">\n\t\t\t\t\t\t\t\t\t<\/h4>\n\t\t\t\t<h3 class=\"wp-block-heading has-work-sans-font-family has-28-font-size\" style=\"text-transform:uppercase\"><a href=\"https:\/\/gebruederthonetvienna.com\/fr\/designers\/gebruder-thonet-vienna-gmbh-gtv-valter-cagna-design-dept-2\/\">Gebr\u00fcder Thonet Vienna Gmbh (GTV), Valter Cagna (design dept.)<\/a><\/h3>\n\t\t\t<\/div>\n\t\t\t\t\t<div class=\"single_designer relative\">\n\t\t\t\t\t\t\t\t\t\t\t\t<figure class=\"wp-block-image size-full\"><img loading=\"lazy\" decoding=\"async\" src=\"https:\/\/gebruederthonetvienna.com\/wp-content\/uploads\/2025\/03\/Progetto-senza-titolo-2022-03-23T122218.752.png\" alt=\"\" class=\"wp-image-10291 mix-blend-multiply object-contain\" style=\"aspect-ratio:4\/5;object-fit:contain\"><\/figure>\n\t\t\t\t<h4 class=\"wp-block-heading has-work-sans-font-family has-16-font-size\" style=\"text-transform:uppercase\">\n\t\t\t\t\t\t\t\t\t<\/h4>\n\t\t\t\t<h3 class=\"wp-block-heading has-work-sans-font-family has-28-font-size\" style=\"text-transform:uppercase\"><a href=\"https:\/\/gebruederthonetvienna.com\/fr\/designers\/serena-confalonieri-2\/\">Serena Confalonieri<\/a><\/h3>\n\t\t\t<\/div>\n\t\t\t<\/div>\n<script>\n\tdocument.addEventListener('facetwp-loaded', function() {\n\t\t\/\/ Forza la facet \"categoria\" a NON aggiornarsi dinamicamente\n\t\tif (FWP.loaded) {\n\t\t\tFWP.settings.facets.forEach(facet => {\n\t\t\t\tif (facet.name === 'contract_type') {\n\t\t\t\t\tfacet.soft_refresh = false;\n\t\t\t\t}\n\t\t\t});\n\t\t}\n\t});\n<\/script><\/div><div class=\"facetwp-facet facetwp-facet-load_more_designer facetwp-type-pager\" data-name=\"load_more_designer\" data-type=\"pager\"><\/div><\/p>\n\n<div style=\"height:10rem\" aria-hidden=\"true\" class=\"wp-block-spacer\"><\/div>\n\n<h3 class=\"wp-block-heading alignfull has-text-align-center has-work-sans-font-family has-28-font-size\" style=\"text-transform:uppercase\">Prix<\/h3>\n\n<div style=\"height:var(--wp--preset--spacing--40)\" aria-hidden=\"true\" class=\"wp-block-spacer\"><\/div>\n    <div class=\"wp-block-group acf-blocco-premio-prodotto\" id=\"premi-prodotti-container\">\n            <\/div>\n\n    <!-- Bottone pulito (niente classi facet) -->\n    <div class=\"wp-block-group load-more-container\">\n        <button id=\"load-more-awards\" class=\"load-more-btn\" data-loading=\"Loading...\">Carica anni precedenti<\/button>\n    <\/div>\n\n\n<script>\ndocument.addEventListener(\"DOMContentLoaded\", function () {\n    const loadMoreBtn = document.getElementById(\"load-more-awards\");\n\n    if (!loadMoreBtn) return;\n\n    const hiddenItems = document.querySelectorAll(\".hidden-award\");\n    const step = 4;\n\n    if (hiddenItems.length === 0) {\n        loadMoreBtn.style.display = \"none\";\n        return;\n    }\n\n    loadMoreBtn.addEventListener(\"click\", function () {\n        let shown = 0;\n        document.querySelectorAll(\".hidden-award\").forEach((el) => {\n            if (shown < step) {\n                el.classList.remove(\"hidden-award\");\n                shown++;\n            }\n        });\n\n        if (document.querySelectorAll(\".hidden-award\").length === 0) {\n            loadMoreBtn.style.display = \"none\";\n        }\n    });\n});\n<\/script>\n\n\n\n\n\n\n\n\n\n<div style=\"height:10rem\" aria-hidden=\"true\" class=\"wp-block-spacer\"><\/div>\n\n<div class=\"wp-block-group alignwide is-vertical is-content-justification-center is-layout-flex wp-container-core-group-is-layout-3f2d17a9 wp-block-group-is-layout-flex\" style=\"margin-top:0;margin-bottom:0\">\n<h3 class=\"wp-block-heading has-text-align-center has-work-sans-font-family has-28-font-size\">cela pourrait aussi vous int\u00e9resser<\/h3>\n\n\n\n<div class=\"wp-block-group alignwide is-style-mobile-single-col is-style-pagine-correlate is-layout-grid wp-container-core-group-is-layout-0af59e79 wp-block-group-is-layout-grid\" style=\"margin-top:0;margin-bottom:0;padding-right:var(--wp--preset--spacing--16);padding-left:var(--wp--preset--spacing--16)\">\n<div class=\"wp-block-group wp-container-content-a56e390f is-vertical is-content-justification-left is-layout-flex wp-container-core-group-is-layout-ba62253d wp-block-group-is-layout-flex\">\n<figure class=\"wp-block-image size-full\"><img loading=\"lazy\" decoding=\"async\" width=\"680\" height=\"850\" src=\"https:\/\/gebruederthonetvienna.com\/wp-content\/themes\/gtv-theme\/assets\/img\/patterns\/mondo-brand-manifesto.webp\" alt=\"\" class=\"wp-image-207\" style=\"object-fit:cover\"\/><\/figure>\n\n\n\n<h4 class=\"wp-block-heading has-work-sans-font-family has-28-font-size\" style=\"text-transform:uppercase\"><a href=\"https:\/\/gebruederthonetvienna.com\/fr\/monde-gtv\/manifeste-de-la-marque\/\">Manifeste de la Marque<\/a><\/h4>\n<\/div>\n\n\n\n<div class=\"wp-block-group wp-container-content-a56e390f is-vertical is-content-justification-left is-layout-flex wp-container-core-group-is-layout-ba62253d wp-block-group-is-layout-flex\">\n<figure class=\"wp-block-image size-full\"><img loading=\"lazy\" decoding=\"async\" width=\"680\" height=\"850\" src=\"https:\/\/gebruederthonetvienna.com\/wp-content\/themes\/gtv-theme\/assets\/img\/patterns\/mondo-curvatura.webp\" alt=\"\" class=\"wp-image-209\" style=\"object-fit:cover\"\/><\/figure>\n\n\n\n<h4 class=\"wp-block-heading has-work-sans-font-family has-28-font-size\" style=\"text-transform:uppercase\"><a href=\"https:\/\/gebruederthonetvienna.com\/fr\/monde-gtv\/la-courbure-du-bois\/\">La courbure du bois<\/a><\/h4>\n<\/div>\n\n\n\n<div class=\"wp-block-group wp-container-content-a56e390f is-vertical is-content-justification-left is-layout-flex wp-container-core-group-is-layout-ba62253d wp-block-group-is-layout-flex\">\n<figure class=\"wp-block-image size-full\"><img loading=\"lazy\" decoding=\"async\" width=\"680\" height=\"850\" src=\"https:\/\/gebruederthonetvienna.com\/wp-content\/themes\/gtv-theme\/assets\/img\/patterns\/mondo-sostenibilita.webp\" alt=\"\" class=\"wp-image-214\"\/><\/figure>\n\n\n\n<h4 class=\"wp-block-heading has-work-sans-font-family has-28-font-size\" style=\"text-transform:uppercase\"><a href=\"https:\/\/gebruederthonetvienna.com\/fr\/monde-gtv\/durabilite\/\">la durabilit\u00e9<\/a><\/h4>\n<\/div>\n<\/div>\n<\/div>\n\n<div class=\"wp-block-group alignfull is-layout-constrained wp-block-group-is-layout-constrained\">\n<div style=\"height:10rem\" aria-hidden=\"true\" class=\"wp-block-spacer\"><\/div>\n\n\n\n<div class=\"wp-block-group alignfull is-style-breadcrumbs is-layout-constrained wp-block-group-is-layout-constrained\"><span><span><a href=\"https:\/\/gebruederthonetvienna.com\/fr\/\">Home<\/a><\/span><\/span>\n<\/div>\n<\/div>\n","protected":false},"excerpt":{"rendered":"<p>GTV collabore avec des designers talentueux pour r\u00e9interpr\u00e9ter la tradition \u00e0 travers un langage contemporain. Cet engagement envers la recherche et l\u2019innovation est reconnu \u00e0 l\u2019\u00e9chelle internationale, avec des prix et des distinctions qui attestent de l\u2019excellence de la marque dans le design. Designer Prix cela pourrait aussi vous int\u00e9resser Manifeste de la Marque La [&hellip;]<\/p>\n","protected":false},"author":9,"featured_media":0,"parent":21802,"menu_order":0,"comment_status":"closed","ping_status":"closed","template":"","meta":{"_acf_changed":false,"footnotes":""},"class_list":["post-22041","page","type-page","status-publish","hentry"],"acf":[],"yoast_head":"<!-- This site is optimized with the Yoast SEO plugin v24.7 - https:\/\/yoast.com\/wordpress\/plugins\/seo\/ -->\n<title>Designers et Prix - GTV<\/title>\n<meta name=\"robots\" content=\"index, follow, max-snippet:-1, max-image-preview:large, max-video-preview:-1\" \/>\n<link rel=\"canonical\" href=\"https:\/\/gebruederthonetvienna.com\/fr\/monde-gtv\/designers-et-recompenses\/\" \/>\n<meta property=\"og:locale\" content=\"fr_FR\" \/>\n<meta property=\"og:type\" content=\"article\" \/>\n<meta property=\"og:title\" content=\"Designers et Prix - GTV\" \/>\n<meta property=\"og:description\" content=\"GTV collabore avec des designers talentueux pour r\u00e9interpr\u00e9ter la tradition \u00e0 travers un langage contemporain. Cet engagement envers la recherche et l\u2019innovation est reconnu \u00e0 l\u2019\u00e9chelle internationale, avec des prix et des distinctions qui attestent de l\u2019excellence de la marque dans le design. Designer Prix cela pourrait aussi vous int\u00e9resser Manifeste de la Marque La [&hellip;]\" \/>\n<meta property=\"og:url\" content=\"https:\/\/gebruederthonetvienna.com\/fr\/monde-gtv\/designers-et-recompenses\/\" \/>\n<meta property=\"og:site_name\" content=\"GTV\" \/>\n<meta property=\"article:modified_time\" content=\"2026-03-02T15:08:50+00:00\" \/>\n<meta property=\"og:image\" content=\"https:\/\/gebruederthonetvienna.com\/wp-content\/themes\/gtv-theme\/assets\/img\/patterns\/mondo-brand-manifesto.webp\" \/>\n<meta name=\"twitter:card\" content=\"summary_large_image\" \/>\n<script type=\"application\/ld+json\" class=\"yoast-schema-graph\">{\"@context\":\"https:\/\/schema.org\",\"@graph\":[{\"@type\":\"WebPage\",\"@id\":\"https:\/\/gebruederthonetvienna.com\/fr\/monde-gtv\/designers-et-recompenses\/\",\"url\":\"https:\/\/gebruederthonetvienna.com\/fr\/monde-gtv\/designers-et-recompenses\/\",\"name\":\"Designers et Prix - GTV\",\"isPartOf\":{\"@id\":\"https:\/\/gebruederthonetvienna.com\/fr\/#website\"},\"primaryImageOfPage\":{\"@id\":\"https:\/\/gebruederthonetvienna.com\/fr\/monde-gtv\/designers-et-recompenses\/#primaryimage\"},\"image\":{\"@id\":\"https:\/\/gebruederthonetvienna.com\/fr\/monde-gtv\/designers-et-recompenses\/#primaryimage\"},\"thumbnailUrl\":\"https:\/\/gebruederthonetvienna.com\/wp-content\/themes\/gtv-theme\/assets\/img\/patterns\/mondo-brand-manifesto.webp\",\"datePublished\":\"2025-03-13T13:07:56+00:00\",\"dateModified\":\"2026-03-02T15:08:50+00:00\",\"breadcrumb\":{\"@id\":\"https:\/\/gebruederthonetvienna.com\/fr\/monde-gtv\/designers-et-recompenses\/#breadcrumb\"},\"inLanguage\":\"fr-FR\",\"potentialAction\":[{\"@type\":\"ReadAction\",\"target\":[\"https:\/\/gebruederthonetvienna.com\/fr\/monde-gtv\/designers-et-recompenses\/\"]}]},{\"@type\":\"ImageObject\",\"inLanguage\":\"fr-FR\",\"@id\":\"https:\/\/gebruederthonetvienna.com\/fr\/monde-gtv\/designers-et-recompenses\/#primaryimage\",\"url\":\"https:\/\/gebruederthonetvienna.com\/wp-content\/themes\/gtv-theme\/assets\/img\/patterns\/mondo-brand-manifesto.webp\",\"contentUrl\":\"https:\/\/gebruederthonetvienna.com\/wp-content\/themes\/gtv-theme\/assets\/img\/patterns\/mondo-brand-manifesto.webp\"},{\"@type\":\"BreadcrumbList\",\"@id\":\"https:\/\/gebruederthonetvienna.com\/fr\/monde-gtv\/designers-et-recompenses\/#breadcrumb\",\"itemListElement\":[{\"@type\":\"ListItem\",\"position\":1,\"name\":\"Home\",\"item\":\"https:\/\/gebruederthonetvienna.com\/fr\/\"},{\"@type\":\"ListItem\",\"position\":2,\"name\":\"Le monde de GTV\",\"item\":\"https:\/\/gebruederthonetvienna.com\/fr\/monde-gtv\/\"},{\"@type\":\"ListItem\",\"position\":3,\"name\":\"Designers et Prix\"}]},{\"@type\":\"WebSite\",\"@id\":\"https:\/\/gebruederthonetvienna.com\/fr\/#website\",\"url\":\"https:\/\/gebruederthonetvienna.com\/fr\/\",\"name\":\"GTV\",\"description\":\"\",\"publisher\":{\"@id\":\"https:\/\/gebruederthonetvienna.com\/fr\/#organization\"},\"potentialAction\":[{\"@type\":\"SearchAction\",\"target\":{\"@type\":\"EntryPoint\",\"urlTemplate\":\"https:\/\/gebruederthonetvienna.com\/fr\/?s={search_term_string}\"},\"query-input\":{\"@type\":\"PropertyValueSpecification\",\"valueRequired\":true,\"valueName\":\"search_term_string\"}}],\"inLanguage\":\"fr-FR\"},{\"@type\":\"Organization\",\"@id\":\"https:\/\/gebruederthonetvienna.com\/fr\/#organization\",\"name\":\"GTV\",\"url\":\"https:\/\/gebruederthonetvienna.com\/fr\/\",\"logo\":{\"@type\":\"ImageObject\",\"inLanguage\":\"fr-FR\",\"@id\":\"https:\/\/gebruederthonetvienna.com\/fr\/#\/schema\/logo\/image\/\",\"url\":\"https:\/\/gebruederthonetvienna.com\/wp-content\/uploads\/2025\/03\/logo-black.webp\",\"contentUrl\":\"https:\/\/gebruederthonetvienna.com\/wp-content\/uploads\/2025\/03\/logo-black.webp\",\"width\":418,\"height\":343,\"caption\":\"GTV\"},\"image\":{\"@id\":\"https:\/\/gebruederthonetvienna.com\/fr\/#\/schema\/logo\/image\/\"}}]}<\/script>\n<!-- \/ Yoast SEO plugin. -->","yoast_head_json":{"title":"Designers et Prix - GTV","robots":{"index":"index","follow":"follow","max-snippet":"max-snippet:-1","max-image-preview":"max-image-preview:large","max-video-preview":"max-video-preview:-1"},"canonical":"https:\/\/gebruederthonetvienna.com\/fr\/monde-gtv\/designers-et-recompenses\/","og_locale":"fr_FR","og_type":"article","og_title":"Designers et Prix - GTV","og_description":"GTV collabore avec des designers talentueux pour r\u00e9interpr\u00e9ter la tradition \u00e0 travers un langage contemporain. Cet engagement envers la recherche et l\u2019innovation est reconnu \u00e0 l\u2019\u00e9chelle internationale, avec des prix et des distinctions qui attestent de l\u2019excellence de la marque dans le design. Designer Prix cela pourrait aussi vous int\u00e9resser Manifeste de la Marque La [&hellip;]","og_url":"https:\/\/gebruederthonetvienna.com\/fr\/monde-gtv\/designers-et-recompenses\/","og_site_name":"GTV","article_modified_time":"2026-03-02T15:08:50+00:00","og_image":[{"url":"https:\/\/gebruederthonetvienna.com\/wp-content\/themes\/gtv-theme\/assets\/img\/patterns\/mondo-brand-manifesto.webp","type":"","width":"","height":""}],"twitter_card":"summary_large_image","schema":{"@context":"https:\/\/schema.org","@graph":[{"@type":"WebPage","@id":"https:\/\/gebruederthonetvienna.com\/fr\/monde-gtv\/designers-et-recompenses\/","url":"https:\/\/gebruederthonetvienna.com\/fr\/monde-gtv\/designers-et-recompenses\/","name":"Designers et Prix - GTV","isPartOf":{"@id":"https:\/\/gebruederthonetvienna.com\/fr\/#website"},"primaryImageOfPage":{"@id":"https:\/\/gebruederthonetvienna.com\/fr\/monde-gtv\/designers-et-recompenses\/#primaryimage"},"image":{"@id":"https:\/\/gebruederthonetvienna.com\/fr\/monde-gtv\/designers-et-recompenses\/#primaryimage"},"thumbnailUrl":"https:\/\/gebruederthonetvienna.com\/wp-content\/themes\/gtv-theme\/assets\/img\/patterns\/mondo-brand-manifesto.webp","datePublished":"2025-03-13T13:07:56+00:00","dateModified":"2026-03-02T15:08:50+00:00","breadcrumb":{"@id":"https:\/\/gebruederthonetvienna.com\/fr\/monde-gtv\/designers-et-recompenses\/#breadcrumb"},"inLanguage":"fr-FR","potentialAction":[{"@type":"ReadAction","target":["https:\/\/gebruederthonetvienna.com\/fr\/monde-gtv\/designers-et-recompenses\/"]}]},{"@type":"ImageObject","inLanguage":"fr-FR","@id":"https:\/\/gebruederthonetvienna.com\/fr\/monde-gtv\/designers-et-recompenses\/#primaryimage","url":"https:\/\/gebruederthonetvienna.com\/wp-content\/themes\/gtv-theme\/assets\/img\/patterns\/mondo-brand-manifesto.webp","contentUrl":"https:\/\/gebruederthonetvienna.com\/wp-content\/themes\/gtv-theme\/assets\/img\/patterns\/mondo-brand-manifesto.webp"},{"@type":"BreadcrumbList","@id":"https:\/\/gebruederthonetvienna.com\/fr\/monde-gtv\/designers-et-recompenses\/#breadcrumb","itemListElement":[{"@type":"ListItem","position":1,"name":"Home","item":"https:\/\/gebruederthonetvienna.com\/fr\/"},{"@type":"ListItem","position":2,"name":"Le monde de GTV","item":"https:\/\/gebruederthonetvienna.com\/fr\/monde-gtv\/"},{"@type":"ListItem","position":3,"name":"Designers et Prix"}]},{"@type":"WebSite","@id":"https:\/\/gebruederthonetvienna.com\/fr\/#website","url":"https:\/\/gebruederthonetvienna.com\/fr\/","name":"GTV","description":"","publisher":{"@id":"https:\/\/gebruederthonetvienna.com\/fr\/#organization"},"potentialAction":[{"@type":"SearchAction","target":{"@type":"EntryPoint","urlTemplate":"https:\/\/gebruederthonetvienna.com\/fr\/?s={search_term_string}"},"query-input":{"@type":"PropertyValueSpecification","valueRequired":true,"valueName":"search_term_string"}}],"inLanguage":"fr-FR"},{"@type":"Organization","@id":"https:\/\/gebruederthonetvienna.com\/fr\/#organization","name":"GTV","url":"https:\/\/gebruederthonetvienna.com\/fr\/","logo":{"@type":"ImageObject","inLanguage":"fr-FR","@id":"https:\/\/gebruederthonetvienna.com\/fr\/#\/schema\/logo\/image\/","url":"https:\/\/gebruederthonetvienna.com\/wp-content\/uploads\/2025\/03\/logo-black.webp","contentUrl":"https:\/\/gebruederthonetvienna.com\/wp-content\/uploads\/2025\/03\/logo-black.webp","width":418,"height":343,"caption":"GTV"},"image":{"@id":"https:\/\/gebruederthonetvienna.com\/fr\/#\/schema\/logo\/image\/"}}]}},"_links":{"self":[{"href":"https:\/\/gebruederthonetvienna.com\/fr\/wp-json\/wp\/v2\/pages\/22041","targetHints":{"allow":["GET"]}}],"collection":[{"href":"https:\/\/gebruederthonetvienna.com\/fr\/wp-json\/wp\/v2\/pages"}],"about":[{"href":"https:\/\/gebruederthonetvienna.com\/fr\/wp-json\/wp\/v2\/types\/page"}],"author":[{"embeddable":true,"href":"https:\/\/gebruederthonetvienna.com\/fr\/wp-json\/wp\/v2\/users\/9"}],"replies":[{"embeddable":true,"href":"https:\/\/gebruederthonetvienna.com\/fr\/wp-json\/wp\/v2\/comments?post=22041"}],"version-history":[{"count":4,"href":"https:\/\/gebruederthonetvienna.com\/fr\/wp-json\/wp\/v2\/pages\/22041\/revisions"}],"predecessor-version":[{"id":45604,"href":"https:\/\/gebruederthonetvienna.com\/fr\/wp-json\/wp\/v2\/pages\/22041\/revisions\/45604"}],"up":[{"embeddable":true,"href":"https:\/\/gebruederthonetvienna.com\/fr\/wp-json\/wp\/v2\/pages\/21802"}],"wp:attachment":[{"href":"https:\/\/gebruederthonetvienna.com\/fr\/wp-json\/wp\/v2\/media?parent=22041"}],"curies":[{"name":"wp","href":"https:\/\/api.w.org\/{rel}","templated":true}]}}