{"id":21986,"date":"2025-03-13T14:07:13","date_gmt":"2025-03-13T13:07:13","guid":{"rendered":"https:\/\/gebruederthonetvienna.com\/monde-gtv\/manifeste-de-la-marque\/"},"modified":"2025-10-22T14:39:08","modified_gmt":"2025-10-22T12:39:08","slug":"manifeste-de-la-marque","status":"publish","type":"page","link":"https:\/\/gebruederthonetvienna.com\/fr\/monde-gtv\/manifeste-de-la-marque\/","title":{"rendered":"Manifeste de la Marque"},"content":{"rendered":"\n<div class=\"wp-block-group alignfull is-style-page-hero has-base-background-color has-background is-layout-constrained wp-container-core-group-is-layout-c42ca0b5 wp-block-group-is-layout-constrained\" style=\"padding-right:var(--wp--preset--spacing--16);padding-left:var(--wp--preset--spacing--16)\">\n<div style=\"height:var(--wp--preset--spacing--112)\" aria-hidden=\"true\" class=\"wp-block-spacer\"><\/div>\n\n\n\n<h4 class=\"wp-block-heading has-text-align-center has-work-sans-font-family has-20-font-size\" style=\"line-height:1.1;text-transform:uppercase\">Brand manifesto<\/h4>\n\n\n\n<div style=\"height:18px\" aria-hidden=\"true\" class=\"wp-block-spacer\"><\/div>\n\n\n\n<h1 class=\"wp-block-heading has-text-align-center has-58-font-size\" style=\"margin-top:var(--wp--preset--spacing--8);margin-bottom:var(--wp--preset--spacing--8)\"><em>Born<\/em> in Vienna.<br\/>Made in <em>Italy<\/em>.<br\/><em>Designed<\/em> around the world.<\/h1>\n\n\n\n<div class=\"wp-block-buttons is-content-justification-center is-layout-flex wp-container-core-buttons-is-layout-a44f8eda wp-block-buttons-is-layout-flex\" style=\"padding-top:var(--wp--preset--spacing--24)\"><\/div>\n\n\n\n<div style=\"height:69px\" aria-hidden=\"true\" class=\"wp-block-spacer\"><\/div>\n<\/div>\n\n<div style=\"height:53px\" aria-hidden=\"true\" class=\"wp-block-spacer\"><\/div>\n\n<div class=\"wp-block-group alignwide is-layout-constrained wp-container-core-group-is-layout-c42ca0b5 wp-block-group-is-layout-constrained\" style=\"padding-right:var(--wp--preset--spacing--16);padding-left:var(--wp--preset--spacing--16)\">\n<p class=\"has-text-align-left\" style=\"font-style:normal;font-weight:300\">Chaque mot refl\u00e8te une part essentielle de notre essence : nos origines historiques, notre excellence artisanale et notre vision globale. Ce n\u2019est pas simplement un slogan, mais un voyage \u00e0 travers le temps, les cultures et les traditions, pour raconter l\u2019histoire d\u2019une marque n\u00e9e dans un coin de l\u2019Europe, qui s\u2019exprime ailleurs et se projette dans le monde entier. Chacun de nos produits est le symbole de cette fusion entre pass\u00e9 et futur, artisanat et design contemporain, local et global.  <br\/><br\/><\/p>\n<\/div>\n\n<div style=\"height:41px\" aria-hidden=\"true\" class=\"wp-block-spacer\"><\/div>\n\n<div class=\"wp-block-media-text alignfull is-stacked-on-mobile is-image-fill-element is-style-content-teaser has-light-grey-background-color has-background\" id=\"designer\"><figure class=\"wp-block-media-text__media\"><img loading=\"lazy\" decoding=\"async\" width=\"1024\" height=\"576\" src=\"https:\/\/gebruederthonetvienna.com\/wp-content\/uploads\/2025\/10\/Michael-Thonet-1953-1024x576.jpg\" alt=\"\" class=\"wp-image-44526 size-full\" style=\"object-position:50% 50%\" srcset=\"https:\/\/gebruederthonetvienna.com\/wp-content\/uploads\/2025\/10\/Michael-Thonet-1953-1024x576.jpg 1024w, https:\/\/gebruederthonetvienna.com\/wp-content\/uploads\/2025\/10\/Michael-Thonet-1953-300x169.jpg 300w, https:\/\/gebruederthonetvienna.com\/wp-content\/uploads\/2025\/10\/Michael-Thonet-1953-768x432.jpg 768w, https:\/\/gebruederthonetvienna.com\/wp-content\/uploads\/2025\/10\/Michael-Thonet-1953-1536x864.jpg 1536w, https:\/\/gebruederthonetvienna.com\/wp-content\/uploads\/2025\/10\/Michael-Thonet-1953.jpg 1612w\" sizes=\"auto, (max-width: 1024px) 100vw, 1024px\" \/><\/figure><div class=\"wp-block-media-text__content\">\n<div class=\"wp-block-group is-layout-constrained wp-container-core-group-is-layout-caa2d89a wp-block-group-is-layout-constrained\" style=\"padding-right:var(--wp--preset--spacing--80);padding-left:var(--wp--preset--spacing--80)\">\n<h3 class=\"wp-block-heading has-work-sans-font-family has-16-font-size\" style=\"text-transform:uppercase\">our heritage<\/h3>\n\n\n\n<h2 class=\"wp-block-heading has-work-sans-font-family has-28-font-size\" style=\"text-transform:uppercase\">born in vienna<\/h2>\n\n\n\n<p class=\"has-20-font-size\" style=\"font-style:normal;font-weight:300\">La tradition viennoise, impr\u00e9gn\u00e9e d\u2019art et de savoir-faire, est notre fondement, un h\u00e9ritage qui accompagne chacune de nos cr\u00e9ations. Mais nous ne nous arr\u00eatons pas l\u00e0 : notre savoir-faire artisanal n\u2019est jamais fig\u00e9, il \u00e9volue et se renouvelle pour raconter de nouvelles histoires. <\/p>\n\n\n\n<div class=\"wp-block-buttons is-layout-flex wp-block-buttons-is-layout-flex\">\n<div class=\"wp-block-button is-style-cta\"><a class=\"wp-block-button__link wp-element-button\" href=\"https:\/\/gebruederthonetvienna.com\/fr\/monde-gtv\/heritage\/\">nos origines<\/a><\/div>\n<\/div>\n<\/div>\n<\/div><\/div>\n\n<div style=\"height:80px\" aria-hidden=\"true\" class=\"wp-block-spacer wp-embed-aspect-16-9 wp-has-aspect-ratio wp-container-content-49d53c9b\"><\/div>\n\n<div style=\"height:80px\" aria-hidden=\"true\" class=\"wp-block-spacer wp-embed-aspect-16-9 wp-has-aspect-ratio wp-container-content-49d53c9b\"><\/div>\n\n<div class=\"wp-block-group alignwide is-layout-constrained wp-container-core-group-is-layout-c42ca0b5 wp-block-group-is-layout-constrained\" style=\"padding-right:var(--wp--preset--spacing--16);padding-left:var(--wp--preset--spacing--16)\">\n<h3 class=\"wp-block-heading has-work-sans-font-family has-16-font-size\" style=\"text-transform:uppercase\">LA PRODUCTION<\/h3>\n\n\n\n<p class=\"has-28-font-size\" style=\"font-style:normal;font-weight:300\">MADE IN ITALY<\/p>\n\n\n\n<div style=\"height:18px\" aria-hidden=\"true\" class=\"wp-block-spacer\"><\/div>\n\n\n\n<p class=\"has-text-align-left\" style=\"font-style:normal;font-weight:300\">La rencontre parfaite entre notre h\u00e9ritage et la ma\u00eetrise artisanale italienne. En Italie, o\u00f9 le design est un art quotidien, chacun de nos produits na\u00eet de l\u2019union entre mat\u00e9riaux pr\u00e9cieux et savoir-faire, pour une qualit\u00e9 intemporelle. Ici, la beaut\u00e9 se marie \u00e0 la fonctionnalit\u00e9, cr\u00e9ant des pi\u00e8ces iconiques et durables, faites pour traverser le temps.  <\/p>\n<\/div>\n\n<div style=\"height:101px\" aria-hidden=\"true\" class=\"wp-block-spacer\"><\/div>\n\n<div class=\"wp-block-cover alignfull has-custom-content-position is-position-top-left is-style-hero-teaser-boxed has-aspect-ratio has-aspect-ratio-2-1\" data-aspect-ratio=\"2:1\"><video class=\"wp-block-cover__video-background intrinsic-ignore\" autoplay muted loop playsinline src=\"https:\/\/gebruederthonetvienna.com\/wp-content\/uploads\/2025\/03\/armonia-del-legno.mp4\" data-object-fit=\"cover\"><\/video><span aria-hidden=\"true\" class=\"wp-block-cover__background has-background-dim-100 has-background-dim wp-block-cover__gradient-background has-background-gradient has-diagonal-fade-gradient-background\"><\/span><div class=\"wp-block-cover__inner-container is-layout-constrained wp-block-cover-is-layout-constrained\">\n<div class=\"wp-block-group alignfull is-content-justification-left is-layout-constrained wp-container-core-group-is-layout-12dd3699 wp-block-group-is-layout-constrained\">\n<h2 class=\"wp-block-heading has-text-align-left has-work-sans-font-family has-38-font-size\" style=\"text-transform:uppercase\">l&rsquo;harmonie du bois<\/h2>\n\n\n\n<div class=\"wp-block-buttons is-layout-flex wp-block-buttons-is-layout-flex\">\n<div class=\"wp-block-button is-style-cta\"><a class=\"wp-block-button__link wp-element-button\" href=\"https:\/\/gebruederthonetvienna.com\/fr\/monde-gtv\/la-courbure-du-bois\/\">d\u00e9couvrez l&rsquo;art du bois courb\u00e9<\/a><\/div>\n<\/div>\n<\/div>\n<\/div><\/div>\n\n<div style=\"height:127px\" aria-hidden=\"true\" class=\"wp-block-spacer\"><\/div>\n\n<div class=\"wp-block-media-text alignfull has-media-on-the-right is-stacked-on-mobile is-image-fill-element is-style-content-teaser has-light-grey-background-color has-background\" id=\"designer\"><div class=\"wp-block-media-text__content\">\n<div class=\"wp-block-group is-layout-constrained wp-container-core-group-is-layout-caa2d89a wp-block-group-is-layout-constrained\" style=\"padding-right:var(--wp--preset--spacing--80);padding-left:var(--wp--preset--spacing--80)\">\n<h3 class=\"wp-block-heading has-work-sans-font-family has-16-font-size\" style=\"text-transform:uppercase\">NOS DESIGNERS<\/h3>\n\n\n\n<h2 class=\"wp-block-heading has-work-sans-font-family has-28-font-size\" style=\"text-transform:uppercase\">DESIGNED AROUND THE WORLD<\/h2>\n\n\n\n<p class=\"has-20-font-size\" style=\"font-style:normal;font-weight:300\">Nous collaborons avec certains des plus grands ma\u00eetres du design contemporain, issus de cultures et d\u2019horizons diff\u00e9rents, pour r\u00e9interpr\u00e9ter notre h\u00e9ritage avec un regard toujours nouveau. Chaque pi\u00e8ce est le fruit d\u2019un dialogue entre pass\u00e9 et futur, savoir-faire artisanal et innovation esth\u00e9tique, donnant naissance \u00e0 des collections qui trouvent naturellement leur place dans des contextes internationaux. Un r\u00e9cit en constante \u00e9volution, sans jamais perdre son identit\u00e9.  <\/p>\n\n\n\n<div class=\"wp-block-buttons is-layout-flex wp-block-buttons-is-layout-flex\"><\/div>\n<\/div>\n<\/div><figure class=\"wp-block-media-text__media\"><img loading=\"lazy\" decoding=\"async\" width=\"724\" height=\"1024\" src=\"https:\/\/gebruederthonetvienna.com\/wp-content\/uploads\/2025\/04\/Designers2-724x1024.png\" alt=\"\" class=\"wp-image-21176 size-full\" style=\"object-position:50% 50%\" srcset=\"https:\/\/gebruederthonetvienna.com\/wp-content\/uploads\/2025\/04\/Designers2-724x1024.png 724w, https:\/\/gebruederthonetvienna.com\/wp-content\/uploads\/2025\/04\/Designers2-212x300.png 212w, https:\/\/gebruederthonetvienna.com\/wp-content\/uploads\/2025\/04\/Designers2-768x1086.png 768w, https:\/\/gebruederthonetvienna.com\/wp-content\/uploads\/2025\/04\/Designers2-1086x1536.png 1086w, https:\/\/gebruederthonetvienna.com\/wp-content\/uploads\/2025\/04\/Designers2.png 1414w\" sizes=\"auto, (max-width: 724px) 100vw, 724px\" \/><\/figure><\/div>\n\n<div style=\"height:180px\" aria-hidden=\"true\" class=\"wp-block-spacer\"><\/div>\n\n<div class=\"wp-block-group alignwide is-vertical is-content-justification-center is-layout-flex wp-container-core-group-is-layout-3f2d17a9 wp-block-group-is-layout-flex\" style=\"margin-top:0;margin-bottom:0\">\n<h3 class=\"wp-block-heading has-text-align-center has-work-sans-font-family has-28-font-size\"><strong>cela pourrait aussi vous int\u00e9resser<\/strong><\/h3>\n\n\n\n<div class=\"wp-block-group alignwide is-style-mobile-single-col is-style-pagine-correlate is-layout-grid wp-container-core-group-is-layout-0af59e79 wp-block-group-is-layout-grid\" style=\"margin-top:0;margin-bottom:0;padding-right:var(--wp--preset--spacing--16);padding-left:var(--wp--preset--spacing--16)\">\n<div class=\"wp-block-group is-style-default wp-container-content-a56e390f is-vertical is-content-justification-left is-layout-flex wp-container-core-group-is-layout-ba62253d wp-block-group-is-layout-flex\">\n<figure class=\"wp-block-image size-full\"><img loading=\"lazy\" decoding=\"async\" width=\"680\" height=\"850\" src=\"https:\/\/gebruederthonetvienna.com\/wp-content\/themes\/gtv-theme\/assets\/img\/patterns\/mondo-heritage.webp\" alt=\"\" class=\"wp-image-212\"\/><\/figure>\n\n\n\n<h4 class=\"wp-block-heading has-work-sans-font-family has-28-font-size\" style=\"text-transform:uppercase\"><a href=\"https:\/\/gebruederthonetvienna.com\/fr\/monde-gtv\/heritage\/\">H\u00e9ritage<\/a><\/h4>\n<\/div>\n\n\n\n<div class=\"wp-block-group wp-container-content-a56e390f is-vertical is-content-justification-left is-layout-flex wp-container-core-group-is-layout-ba62253d wp-block-group-is-layout-flex\">\n<figure class=\"wp-block-image size-full\"><img loading=\"lazy\" decoding=\"async\" width=\"680\" height=\"850\" src=\"https:\/\/gebruederthonetvienna.com\/wp-content\/themes\/gtv-theme\/assets\/img\/patterns\/mondo-curvatura.webp\" alt=\"\" class=\"wp-image-209\" style=\"object-fit:cover\"\/><\/figure>\n\n\n\n<h4 class=\"wp-block-heading has-work-sans-font-family has-28-font-size\" style=\"text-transform:uppercase\"><a href=\"https:\/\/gebruederthonetvienna.com\/fr\/monde-gtv\/la-courbure-du-bois\/\">La courbure du bois<\/a><\/h4>\n<\/div>\n\n\n\n<div class=\"wp-block-group wp-container-content-a56e390f is-vertical is-content-justification-left is-layout-flex wp-container-core-group-is-layout-ba62253d wp-block-group-is-layout-flex\">\n<figure class=\"wp-block-image size-full\"><img loading=\"lazy\" decoding=\"async\" width=\"680\" height=\"850\" src=\"https:\/\/gebruederthonetvienna.com\/wp-content\/themes\/gtv-theme\/assets\/img\/patterns\/mondo-sostenibilita.webp\" alt=\"\" class=\"wp-image-214\"\/><\/figure>\n\n\n\n<h4 class=\"wp-block-heading has-work-sans-font-family has-28-font-size\" style=\"text-transform:uppercase\"><a href=\"https:\/\/gebruederthonetvienna.com\/fr\/monde-gtv\/durabilite\/\">la durabilit\u00e9<\/a><\/h4>\n<\/div>\n<\/div>\n<\/div>\n\n<div class=\"wp-block-group alignfull is-layout-constrained wp-block-group-is-layout-constrained\">\n<div style=\"height:10rem\" aria-hidden=\"true\" class=\"wp-block-spacer\"><\/div>\n\n\n\n<div class=\"wp-block-group alignfull is-style-breadcrumbs is-layout-constrained wp-block-group-is-layout-constrained\"><span><span><a href=\"https:\/\/gebruederthonetvienna.com\/fr\/\">Home<\/a><\/span><\/span>\n<\/div>\n<\/div>\n","protected":false},"excerpt":{"rendered":"<p>Brand manifesto Born in Vienna.Made in Italy.Designed around the world. Chaque mot refl\u00e8te une part essentielle de notre essence : nos origines historiques, notre excellence artisanale et notre vision globale. Ce n\u2019est pas simplement un slogan, mais un voyage \u00e0 travers le temps, les cultures et les traditions, pour raconter l\u2019histoire d\u2019une marque n\u00e9e dans [&hellip;]<\/p>\n","protected":false},"author":9,"featured_media":0,"parent":21802,"menu_order":0,"comment_status":"closed","ping_status":"closed","template":"","meta":{"_acf_changed":false,"footnotes":""},"class_list":["post-21986","page","type-page","status-publish","hentry"],"acf":[],"yoast_head":"<!-- This site is optimized with the Yoast SEO plugin v24.7 - https:\/\/yoast.com\/wordpress\/plugins\/seo\/ -->\n<title>Manifeste de la Marque - GTV<\/title>\n<meta name=\"robots\" content=\"index, follow, max-snippet:-1, max-image-preview:large, max-video-preview:-1\" \/>\n<link rel=\"canonical\" href=\"https:\/\/gebruederthonetvienna.com\/fr\/monde-gtv\/manifeste-de-la-marque\/\" \/>\n<meta property=\"og:locale\" content=\"fr_FR\" \/>\n<meta property=\"og:type\" content=\"article\" \/>\n<meta property=\"og:title\" content=\"Manifeste de la Marque - GTV\" \/>\n<meta property=\"og:description\" content=\"Brand manifesto Born in Vienna.Made in Italy.Designed around the world. Chaque mot refl\u00e8te une part essentielle de notre essence : nos origines historiques, notre excellence artisanale et notre vision globale. Ce n\u2019est pas simplement un slogan, mais un voyage \u00e0 travers le temps, les cultures et les traditions, pour raconter l\u2019histoire d\u2019une marque n\u00e9e dans [&hellip;]\" \/>\n<meta property=\"og:url\" content=\"https:\/\/gebruederthonetvienna.com\/fr\/monde-gtv\/manifeste-de-la-marque\/\" \/>\n<meta property=\"og:site_name\" content=\"GTV\" \/>\n<meta property=\"article:modified_time\" content=\"2025-10-22T12:39:08+00:00\" \/>\n<meta property=\"og:image\" content=\"https:\/\/gebruederthonetvienna.com\/wp-content\/uploads\/2025\/10\/Michael-Thonet-1953.jpg\" \/>\n\t<meta property=\"og:image:width\" content=\"1612\" \/>\n\t<meta property=\"og:image:height\" content=\"907\" \/>\n\t<meta property=\"og:image:type\" content=\"image\/jpeg\" \/>\n<meta name=\"twitter:card\" content=\"summary_large_image\" \/>\n<meta name=\"twitter:label1\" content=\"Dur\u00e9e de lecture estim\u00e9e\" \/>\n\t<meta name=\"twitter:data1\" content=\"2 minutes\" \/>\n<script type=\"application\/ld+json\" class=\"yoast-schema-graph\">{\"@context\":\"https:\/\/schema.org\",\"@graph\":[{\"@type\":\"WebPage\",\"@id\":\"https:\/\/gebruederthonetvienna.com\/fr\/monde-gtv\/manifeste-de-la-marque\/\",\"url\":\"https:\/\/gebruederthonetvienna.com\/fr\/monde-gtv\/manifeste-de-la-marque\/\",\"name\":\"Manifeste de la Marque - GTV\",\"isPartOf\":{\"@id\":\"https:\/\/gebruederthonetvienna.com\/fr\/#website\"},\"primaryImageOfPage\":{\"@id\":\"https:\/\/gebruederthonetvienna.com\/fr\/monde-gtv\/manifeste-de-la-marque\/#primaryimage\"},\"image\":{\"@id\":\"https:\/\/gebruederthonetvienna.com\/fr\/monde-gtv\/manifeste-de-la-marque\/#primaryimage\"},\"thumbnailUrl\":\"https:\/\/gebruederthonetvienna.com\/wp-content\/uploads\/2025\/10\/Michael-Thonet-1953-1024x576.jpg\",\"datePublished\":\"2025-03-13T13:07:13+00:00\",\"dateModified\":\"2025-10-22T12:39:08+00:00\",\"breadcrumb\":{\"@id\":\"https:\/\/gebruederthonetvienna.com\/fr\/monde-gtv\/manifeste-de-la-marque\/#breadcrumb\"},\"inLanguage\":\"fr-FR\",\"potentialAction\":[{\"@type\":\"ReadAction\",\"target\":[\"https:\/\/gebruederthonetvienna.com\/fr\/monde-gtv\/manifeste-de-la-marque\/\"]}]},{\"@type\":\"ImageObject\",\"inLanguage\":\"fr-FR\",\"@id\":\"https:\/\/gebruederthonetvienna.com\/fr\/monde-gtv\/manifeste-de-la-marque\/#primaryimage\",\"url\":\"https:\/\/gebruederthonetvienna.com\/wp-content\/uploads\/2025\/10\/Michael-Thonet-1953-1024x576.jpg\",\"contentUrl\":\"https:\/\/gebruederthonetvienna.com\/wp-content\/uploads\/2025\/10\/Michael-Thonet-1953-1024x576.jpg\"},{\"@type\":\"BreadcrumbList\",\"@id\":\"https:\/\/gebruederthonetvienna.com\/fr\/monde-gtv\/manifeste-de-la-marque\/#breadcrumb\",\"itemListElement\":[{\"@type\":\"ListItem\",\"position\":1,\"name\":\"Home\",\"item\":\"https:\/\/gebruederthonetvienna.com\/fr\/\"},{\"@type\":\"ListItem\",\"position\":2,\"name\":\"Le monde de GTV\",\"item\":\"https:\/\/gebruederthonetvienna.com\/fr\/monde-gtv\/\"},{\"@type\":\"ListItem\",\"position\":3,\"name\":\"Manifeste de la Marque\"}]},{\"@type\":\"WebSite\",\"@id\":\"https:\/\/gebruederthonetvienna.com\/fr\/#website\",\"url\":\"https:\/\/gebruederthonetvienna.com\/fr\/\",\"name\":\"GTV\",\"description\":\"\",\"publisher\":{\"@id\":\"https:\/\/gebruederthonetvienna.com\/fr\/#organization\"},\"potentialAction\":[{\"@type\":\"SearchAction\",\"target\":{\"@type\":\"EntryPoint\",\"urlTemplate\":\"https:\/\/gebruederthonetvienna.com\/fr\/?s={search_term_string}\"},\"query-input\":{\"@type\":\"PropertyValueSpecification\",\"valueRequired\":true,\"valueName\":\"search_term_string\"}}],\"inLanguage\":\"fr-FR\"},{\"@type\":\"Organization\",\"@id\":\"https:\/\/gebruederthonetvienna.com\/fr\/#organization\",\"name\":\"GTV\",\"url\":\"https:\/\/gebruederthonetvienna.com\/fr\/\",\"logo\":{\"@type\":\"ImageObject\",\"inLanguage\":\"fr-FR\",\"@id\":\"https:\/\/gebruederthonetvienna.com\/fr\/#\/schema\/logo\/image\/\",\"url\":\"https:\/\/gebruederthonetvienna.com\/wp-content\/uploads\/2025\/03\/logo-black.webp\",\"contentUrl\":\"https:\/\/gebruederthonetvienna.com\/wp-content\/uploads\/2025\/03\/logo-black.webp\",\"width\":418,\"height\":343,\"caption\":\"GTV\"},\"image\":{\"@id\":\"https:\/\/gebruederthonetvienna.com\/fr\/#\/schema\/logo\/image\/\"}}]}<\/script>\n<!-- \/ Yoast SEO plugin. -->","yoast_head_json":{"title":"Manifeste de la Marque - GTV","robots":{"index":"index","follow":"follow","max-snippet":"max-snippet:-1","max-image-preview":"max-image-preview:large","max-video-preview":"max-video-preview:-1"},"canonical":"https:\/\/gebruederthonetvienna.com\/fr\/monde-gtv\/manifeste-de-la-marque\/","og_locale":"fr_FR","og_type":"article","og_title":"Manifeste de la Marque - GTV","og_description":"Brand manifesto Born in Vienna.Made in Italy.Designed around the world. Chaque mot refl\u00e8te une part essentielle de notre essence : nos origines historiques, notre excellence artisanale et notre vision globale. Ce n\u2019est pas simplement un slogan, mais un voyage \u00e0 travers le temps, les cultures et les traditions, pour raconter l\u2019histoire d\u2019une marque n\u00e9e dans [&hellip;]","og_url":"https:\/\/gebruederthonetvienna.com\/fr\/monde-gtv\/manifeste-de-la-marque\/","og_site_name":"GTV","article_modified_time":"2025-10-22T12:39:08+00:00","og_image":[{"width":1612,"height":907,"url":"https:\/\/gebruederthonetvienna.com\/wp-content\/uploads\/2025\/10\/Michael-Thonet-1953.jpg","type":"image\/jpeg"}],"twitter_card":"summary_large_image","twitter_misc":{"Dur\u00e9e de lecture estim\u00e9e":"2 minutes"},"schema":{"@context":"https:\/\/schema.org","@graph":[{"@type":"WebPage","@id":"https:\/\/gebruederthonetvienna.com\/fr\/monde-gtv\/manifeste-de-la-marque\/","url":"https:\/\/gebruederthonetvienna.com\/fr\/monde-gtv\/manifeste-de-la-marque\/","name":"Manifeste de la Marque - GTV","isPartOf":{"@id":"https:\/\/gebruederthonetvienna.com\/fr\/#website"},"primaryImageOfPage":{"@id":"https:\/\/gebruederthonetvienna.com\/fr\/monde-gtv\/manifeste-de-la-marque\/#primaryimage"},"image":{"@id":"https:\/\/gebruederthonetvienna.com\/fr\/monde-gtv\/manifeste-de-la-marque\/#primaryimage"},"thumbnailUrl":"https:\/\/gebruederthonetvienna.com\/wp-content\/uploads\/2025\/10\/Michael-Thonet-1953-1024x576.jpg","datePublished":"2025-03-13T13:07:13+00:00","dateModified":"2025-10-22T12:39:08+00:00","breadcrumb":{"@id":"https:\/\/gebruederthonetvienna.com\/fr\/monde-gtv\/manifeste-de-la-marque\/#breadcrumb"},"inLanguage":"fr-FR","potentialAction":[{"@type":"ReadAction","target":["https:\/\/gebruederthonetvienna.com\/fr\/monde-gtv\/manifeste-de-la-marque\/"]}]},{"@type":"ImageObject","inLanguage":"fr-FR","@id":"https:\/\/gebruederthonetvienna.com\/fr\/monde-gtv\/manifeste-de-la-marque\/#primaryimage","url":"https:\/\/gebruederthonetvienna.com\/wp-content\/uploads\/2025\/10\/Michael-Thonet-1953-1024x576.jpg","contentUrl":"https:\/\/gebruederthonetvienna.com\/wp-content\/uploads\/2025\/10\/Michael-Thonet-1953-1024x576.jpg"},{"@type":"BreadcrumbList","@id":"https:\/\/gebruederthonetvienna.com\/fr\/monde-gtv\/manifeste-de-la-marque\/#breadcrumb","itemListElement":[{"@type":"ListItem","position":1,"name":"Home","item":"https:\/\/gebruederthonetvienna.com\/fr\/"},{"@type":"ListItem","position":2,"name":"Le monde de GTV","item":"https:\/\/gebruederthonetvienna.com\/fr\/monde-gtv\/"},{"@type":"ListItem","position":3,"name":"Manifeste de la Marque"}]},{"@type":"WebSite","@id":"https:\/\/gebruederthonetvienna.com\/fr\/#website","url":"https:\/\/gebruederthonetvienna.com\/fr\/","name":"GTV","description":"","publisher":{"@id":"https:\/\/gebruederthonetvienna.com\/fr\/#organization"},"potentialAction":[{"@type":"SearchAction","target":{"@type":"EntryPoint","urlTemplate":"https:\/\/gebruederthonetvienna.com\/fr\/?s={search_term_string}"},"query-input":{"@type":"PropertyValueSpecification","valueRequired":true,"valueName":"search_term_string"}}],"inLanguage":"fr-FR"},{"@type":"Organization","@id":"https:\/\/gebruederthonetvienna.com\/fr\/#organization","name":"GTV","url":"https:\/\/gebruederthonetvienna.com\/fr\/","logo":{"@type":"ImageObject","inLanguage":"fr-FR","@id":"https:\/\/gebruederthonetvienna.com\/fr\/#\/schema\/logo\/image\/","url":"https:\/\/gebruederthonetvienna.com\/wp-content\/uploads\/2025\/03\/logo-black.webp","contentUrl":"https:\/\/gebruederthonetvienna.com\/wp-content\/uploads\/2025\/03\/logo-black.webp","width":418,"height":343,"caption":"GTV"},"image":{"@id":"https:\/\/gebruederthonetvienna.com\/fr\/#\/schema\/logo\/image\/"}}]}},"_links":{"self":[{"href":"https:\/\/gebruederthonetvienna.com\/fr\/wp-json\/wp\/v2\/pages\/21986","targetHints":{"allow":["GET"]}}],"collection":[{"href":"https:\/\/gebruederthonetvienna.com\/fr\/wp-json\/wp\/v2\/pages"}],"about":[{"href":"https:\/\/gebruederthonetvienna.com\/fr\/wp-json\/wp\/v2\/types\/page"}],"author":[{"embeddable":true,"href":"https:\/\/gebruederthonetvienna.com\/fr\/wp-json\/wp\/v2\/users\/9"}],"replies":[{"embeddable":true,"href":"https:\/\/gebruederthonetvienna.com\/fr\/wp-json\/wp\/v2\/comments?post=21986"}],"version-history":[{"count":5,"href":"https:\/\/gebruederthonetvienna.com\/fr\/wp-json\/wp\/v2\/pages\/21986\/revisions"}],"predecessor-version":[{"id":44572,"href":"https:\/\/gebruederthonetvienna.com\/fr\/wp-json\/wp\/v2\/pages\/21986\/revisions\/44572"}],"up":[{"embeddable":true,"href":"https:\/\/gebruederthonetvienna.com\/fr\/wp-json\/wp\/v2\/pages\/21802"}],"wp:attachment":[{"href":"https:\/\/gebruederthonetvienna.com\/fr\/wp-json\/wp\/v2\/media?parent=21986"}],"curies":[{"name":"wp","href":"https:\/\/api.w.org\/{rel}","templated":true}]}}