{"id":21348,"date":"2025-03-13T14:07:48","date_gmt":"2025-03-13T13:07:48","guid":{"rendered":"https:\/\/gebruederthonetvienna.com\/durabilite\/"},"modified":"2025-06-12T14:56:57","modified_gmt":"2025-06-12T12:56:57","slug":"durabilite","status":"publish","type":"page","link":"https:\/\/gebruederthonetvienna.com\/fr\/monde-gtv\/durabilite\/","title":{"rendered":"Durabilit\u00e9"},"content":{"rendered":"\n<div class=\"wp-block-cover alignfull is-style-page-hero\"><span aria-hidden=\"true\" class=\"wp-block-cover__background has-background-dim-100 has-background-dim wp-block-cover__gradient-background has-background-gradient has-black-overlay-gradient-background\"><\/span><img loading=\"lazy\" decoding=\"async\" width=\"1195\" height=\"759\" class=\"wp-block-cover__image-background wp-image-19840\" alt=\"\" src=\"https:\/\/gebruederthonetvienna.com\/wp-content\/uploads\/2025\/03\/sostenibilita-hero-1.webp\" data-object-fit=\"cover\" srcset=\"https:\/\/gebruederthonetvienna.com\/wp-content\/uploads\/2025\/03\/sostenibilita-hero-1.webp 1195w, https:\/\/gebruederthonetvienna.com\/wp-content\/uploads\/2025\/03\/sostenibilita-hero-1-300x191.webp 300w, https:\/\/gebruederthonetvienna.com\/wp-content\/uploads\/2025\/03\/sostenibilita-hero-1-1024x650.webp 1024w, https:\/\/gebruederthonetvienna.com\/wp-content\/uploads\/2025\/03\/sostenibilita-hero-1-768x488.webp 768w\" sizes=\"auto, (max-width: 1195px) 100vw, 1195px\" \/><div class=\"wp-block-cover__inner-container is-layout-constrained wp-block-cover-is-layout-constrained\">\n<h1 class=\"wp-block-heading has-text-align-center has-58-font-size\">Durabilit\u00e9<\/h1>\n<\/div><\/div>\n\n<div style=\"height:5rem\" aria-hidden=\"true\" class=\"wp-block-spacer\"><\/div>\n\n<div class=\"wp-block-group alignwide is-layout-constrained wp-container-core-group-is-layout-c42ca0b5 wp-block-group-is-layout-constrained\" style=\"padding-right:var(--wp--preset--spacing--16);padding-left:var(--wp--preset--spacing--16)\">\n<h2 class=\"wp-block-heading has-text-align-center has-44-font-size\">La protection de l\u2019environnement : un d\u00e9fi pour l\u2019avenir, une opportunit\u00e9 pour GTV<\/h2>\n<\/div>\n\n<div style=\"height:var(--wp--preset--spacing--80)\" aria-hidden=\"true\" class=\"wp-block-spacer\"><\/div>\n\n<div class=\"wp-block-group alignwide is-layout-constrained wp-container-core-group-is-layout-c42ca0b5 wp-block-group-is-layout-constrained\" style=\"padding-right:var(--wp--preset--spacing--16);padding-left:var(--wp--preset--spacing--16)\">\n<p style=\"font-style:normal;font-weight:300\">Ann\u00e9e apr\u00e8s ann\u00e9e, GTV a d\u00e9velopp\u00e9 une sensibilit\u00e9 croissante aux enjeux environnementaux et, dans une optique d\u2019am\u00e9lioration continue, elle adh\u00e8re aux r\u00e9glementations favorisant l\u2019utilisation de processus et de mat\u00e9riaux durables. Un signe tangible, un point fixe qui trace un chemin orient\u00e9 vers la continuit\u00e9, aussi \u00e9thique, entre le cycle de production et le produit. <br\/><br\/>Un engagement concret de l&rsquo;entreprise pour offrir des garanties r\u00e9elles en termes de durabilit\u00e9 environnementale et de protection de la sant\u00e9 des consommateurs, avec pour objectif de construire une relation de confiance bas\u00e9e sur une approche int\u00e9gr\u00e9e du d\u00e9veloppement durable.<\/p>\n<\/div>\n\n<div style=\"height:var(--wp--preset--spacing--80)\" aria-hidden=\"true\" class=\"wp-block-spacer\"><\/div>\n\n<div class=\"wp-block-group alignfull is-style-testo-foto is-layout-grid wp-container-core-group-is-layout-5422e1b4 wp-block-group-is-layout-grid\">\n<div style=\"height:100px\" aria-hidden=\"true\" class=\"wp-block-spacer\"><\/div>\n\n\n\n<figure class=\"wp-block-image size-full wp-container-content-9eba275d\"><img loading=\"lazy\" decoding=\"async\" width=\"916\" height=\"916\" src=\"https:\/\/gebruederthonetvienna.com\/wp-content\/uploads\/2025\/03\/sostenibilita-legno-1-1.jpg\" alt=\"\" class=\"wp-image-19845\" srcset=\"https:\/\/gebruederthonetvienna.com\/wp-content\/uploads\/2025\/03\/sostenibilita-legno-1-1.jpg 916w, https:\/\/gebruederthonetvienna.com\/wp-content\/uploads\/2025\/03\/sostenibilita-legno-1-1-300x300.jpg 300w, https:\/\/gebruederthonetvienna.com\/wp-content\/uploads\/2025\/03\/sostenibilita-legno-1-1-150x150.jpg 150w, https:\/\/gebruederthonetvienna.com\/wp-content\/uploads\/2025\/03\/sostenibilita-legno-1-1-768x768.jpg 768w\" sizes=\"auto, (max-width: 916px) 100vw, 916px\" \/><\/figure>\n\n\n\n<div style=\"height:100px\" aria-hidden=\"true\" class=\"wp-block-spacer\"><\/div>\n\n\n\n<div class=\"wp-block-group wp-container-content-e7279f90 is-layout-constrained wp-block-group-is-layout-constrained\">\n<h2 class=\"wp-block-heading has-work-sans-font-family has-28-font-size\" style=\"text-transform:uppercase\">Bois certifi\u00e9 FSC\u00ae (C123220)<\/h2>\n\n\n\n<p class=\"wp-container-content-516f2167\" style=\"font-style:normal;font-weight:300\">Pour la r\u00e9alisation de ses collections, Gebr\u00fcder Thonet Vienna GmbH choisit d\u2019utiliser du bois certifi\u00e9 FSC\u00ae (Forest Stewardship Council\u00ae), le principal syst\u00e8me de certification international garantissant que le bois provient de for\u00eats g\u00e9r\u00e9es selon des normes environnementales, sociales et \u00e9conomiques strictes.<br\/><br\/>En plus de ce choix, GTV adopte des proc\u00e9d\u00e9s moins visibles mais tout aussi fondamentaux pour la durabilit\u00e9. L\u2019entreprise a en effet entam\u00e9 la conversion de son processus de peinture, rempla\u00e7ant les peintures polyur\u00e9thanes par des peintures \u00e0 base d\u2019eau, r\u00e9duisant ainsi les \u00e9missions dans l\u2019atmosph\u00e8re et garantissant une meilleure protection du personnel impliqu\u00e9. <br\/><br\/>En 2021, GTV a lanc\u00e9 un nouveau projet Green, introduisant des produits enti\u00e8rement durables, dont la nouvelle chaise Beaulieu, con\u00e7ue avec une attention particuli\u00e8re \u00e0 la durabilit\u00e9.<\/p>\n<\/div>\n<\/div>\n\n<div style=\"height:var(--wp--preset--spacing--80)\" aria-hidden=\"true\" class=\"wp-block-spacer\"><\/div>\n\n<div style=\"height:10rem\" aria-hidden=\"true\" class=\"wp-block-spacer\"><\/div>\n\n<div class=\"wp-block-group alignwide is-vertical is-content-justification-center is-layout-flex wp-container-core-group-is-layout-3f2d17a9 wp-block-group-is-layout-flex\" style=\"margin-top:0;margin-bottom:0\">\n<h3 class=\"wp-block-heading has-text-align-center has-work-sans-font-family has-28-font-size\">CELA POURRAIT AUSSI VOUS INT\u00c9RESSER<\/h3>\n\n\n\n<div class=\"wp-block-group alignwide is-style-mobile-single-col is-style-pagine-correlate is-layout-grid wp-container-core-group-is-layout-0af59e79 wp-block-group-is-layout-grid\" style=\"margin-top:0;margin-bottom:0;padding-right:var(--wp--preset--spacing--16);padding-left:var(--wp--preset--spacing--16)\">\n<div class=\"wp-block-group wp-container-content-a56e390f is-vertical is-content-justification-left is-layout-flex wp-container-core-group-is-layout-ba62253d wp-block-group-is-layout-flex\">\n<figure class=\"wp-block-image size-full\"><img loading=\"lazy\" decoding=\"async\" width=\"680\" height=\"850\" src=\"https:\/\/gebruederthonetvienna.com\/wp-content\/themes\/gtv-theme\/assets\/img\/patterns\/mondo-brand-manifesto.webp\" alt=\"\" class=\"wp-image-207\" style=\"object-fit:cover\"\/><\/figure>\n\n\n\n<h4 class=\"wp-block-heading has-work-sans-font-family has-28-font-size\" style=\"text-transform:uppercase\"><a href=\"https:\/\/gebruederthonetvienna.com\/fr\/monde-gtv\/manifeste-de-la-marque\/\">Brand Manifesto<\/a><\/h4>\n<\/div>\n\n\n\n<div class=\"wp-block-group is-style-default wp-container-content-a56e390f is-vertical is-content-justification-left is-layout-flex wp-container-core-group-is-layout-ba62253d wp-block-group-is-layout-flex\">\n<figure class=\"wp-block-image size-full\"><img loading=\"lazy\" decoding=\"async\" width=\"680\" height=\"850\" src=\"https:\/\/gebruederthonetvienna.com\/wp-content\/themes\/gtv-theme\/assets\/img\/patterns\/mondo-heritage.webp\" alt=\"\" class=\"wp-image-212\"\/><\/figure>\n\n\n\n<h4 class=\"wp-block-heading has-work-sans-font-family has-28-font-size\" style=\"text-transform:uppercase\"><a href=\"https:\/\/gebruederthonetvienna.com\/fr\/monde-gtv\/heritage\/\">Heritage<\/a><\/h4>\n<\/div>\n\n\n\n<div class=\"wp-block-group wp-container-content-a56e390f is-vertical is-content-justification-left is-layout-flex wp-container-core-group-is-layout-ba62253d wp-block-group-is-layout-flex\">\n<figure class=\"wp-block-image size-full\"><img loading=\"lazy\" decoding=\"async\" width=\"680\" height=\"850\" src=\"https:\/\/gebruederthonetvienna.com\/wp-content\/themes\/gtv-theme\/assets\/img\/patterns\/mondo-curvatura.webp\" alt=\"\" class=\"wp-image-209\" style=\"object-fit:cover\"\/><\/figure>\n\n\n\n<h4 class=\"wp-block-heading has-work-sans-font-family has-28-font-size\" style=\"text-transform:uppercase\"><a href=\"https:\/\/gebruederthonetvienna.com\/fr\/monde-gtv\/la-courbure-du-bois\/\">la courbure du bois<\/a><\/h4>\n<\/div>\n<\/div>\n<\/div>\n\n<div class=\"wp-block-group alignfull is-layout-constrained wp-block-group-is-layout-constrained\">\n<div style=\"height:10rem\" aria-hidden=\"true\" class=\"wp-block-spacer\"><\/div>\n\n\n\n<div class=\"wp-block-group alignfull is-style-breadcrumbs is-layout-constrained wp-block-group-is-layout-constrained\"><span><span><a href=\"https:\/\/gebruederthonetvienna.com\/fr\/\">Home<\/a><\/span><\/span>\n<\/div>\n<\/div>\n","protected":false},"excerpt":{"rendered":"<p>La protection de l\u2019environnement : un d\u00e9fi pour l\u2019avenir, une opportunit\u00e9 pour GTV Ann\u00e9e apr\u00e8s ann\u00e9e, GTV a d\u00e9velopp\u00e9 une sensibilit\u00e9 croissante aux enjeux environnementaux et, dans une optique d\u2019am\u00e9lioration continue, elle adh\u00e8re aux r\u00e9glementations favorisant l\u2019utilisation de processus et de mat\u00e9riaux durables. Un signe tangible, un point fixe qui trace un chemin orient\u00e9 vers [&hellip;]<\/p>\n","protected":false},"author":9,"featured_media":0,"parent":21802,"menu_order":0,"comment_status":"closed","ping_status":"closed","template":"","meta":{"_acf_changed":false,"footnotes":""},"class_list":["post-21348","page","type-page","status-publish","hentry"],"acf":[],"yoast_head":"<!-- This site is optimized with the Yoast SEO plugin v24.7 - https:\/\/yoast.com\/wordpress\/plugins\/seo\/ -->\n<title>Durabilit\u00e9 - GTV<\/title>\n<meta name=\"robots\" content=\"index, follow, max-snippet:-1, max-image-preview:large, max-video-preview:-1\" \/>\n<link rel=\"canonical\" href=\"https:\/\/gebruederthonetvienna.com\/fr\/monde-gtv\/durabilite\/\" \/>\n<meta property=\"og:locale\" content=\"fr_FR\" \/>\n<meta property=\"og:type\" content=\"article\" \/>\n<meta property=\"og:title\" content=\"Durabilit\u00e9 - GTV\" \/>\n<meta property=\"og:description\" content=\"La protection de l\u2019environnement : un d\u00e9fi pour l\u2019avenir, une opportunit\u00e9 pour GTV Ann\u00e9e apr\u00e8s ann\u00e9e, GTV a d\u00e9velopp\u00e9 une sensibilit\u00e9 croissante aux enjeux environnementaux et, dans une optique d\u2019am\u00e9lioration continue, elle adh\u00e8re aux r\u00e9glementations favorisant l\u2019utilisation de processus et de mat\u00e9riaux durables. Un signe tangible, un point fixe qui trace un chemin orient\u00e9 vers [&hellip;]\" \/>\n<meta property=\"og:url\" content=\"https:\/\/gebruederthonetvienna.com\/fr\/monde-gtv\/durabilite\/\" \/>\n<meta property=\"og:site_name\" content=\"GTV\" \/>\n<meta property=\"article:modified_time\" content=\"2025-06-12T12:56:57+00:00\" \/>\n<meta property=\"og:image\" content=\"https:\/\/gebruederthonetvienna.com\/wp-content\/uploads\/2025\/03\/sostenibilita-hero-1.webp\" \/>\n\t<meta property=\"og:image:width\" content=\"1195\" \/>\n\t<meta property=\"og:image:height\" content=\"759\" \/>\n\t<meta property=\"og:image:type\" content=\"image\/webp\" \/>\n<meta name=\"twitter:card\" content=\"summary_large_image\" \/>\n<meta name=\"twitter:label1\" content=\"Dur\u00e9e de lecture estim\u00e9e\" \/>\n\t<meta name=\"twitter:data1\" content=\"1 minute\" \/>\n<script type=\"application\/ld+json\" class=\"yoast-schema-graph\">{\"@context\":\"https:\/\/schema.org\",\"@graph\":[{\"@type\":\"WebPage\",\"@id\":\"https:\/\/gebruederthonetvienna.com\/fr\/monde-gtv\/durabilite\/\",\"url\":\"https:\/\/gebruederthonetvienna.com\/fr\/monde-gtv\/durabilite\/\",\"name\":\"Durabilit\u00e9 - GTV\",\"isPartOf\":{\"@id\":\"https:\/\/gebruederthonetvienna.com\/fr\/#website\"},\"primaryImageOfPage\":{\"@id\":\"https:\/\/gebruederthonetvienna.com\/fr\/monde-gtv\/durabilite\/#primaryimage\"},\"image\":{\"@id\":\"https:\/\/gebruederthonetvienna.com\/fr\/monde-gtv\/durabilite\/#primaryimage\"},\"thumbnailUrl\":\"https:\/\/gebruederthonetvienna.com\/wp-content\/uploads\/2025\/03\/sostenibilita-hero-1.webp\",\"datePublished\":\"2025-03-13T13:07:48+00:00\",\"dateModified\":\"2025-06-12T12:56:57+00:00\",\"breadcrumb\":{\"@id\":\"https:\/\/gebruederthonetvienna.com\/fr\/monde-gtv\/durabilite\/#breadcrumb\"},\"inLanguage\":\"fr-FR\",\"potentialAction\":[{\"@type\":\"ReadAction\",\"target\":[\"https:\/\/gebruederthonetvienna.com\/fr\/monde-gtv\/durabilite\/\"]}]},{\"@type\":\"ImageObject\",\"inLanguage\":\"fr-FR\",\"@id\":\"https:\/\/gebruederthonetvienna.com\/fr\/monde-gtv\/durabilite\/#primaryimage\",\"url\":\"https:\/\/gebruederthonetvienna.com\/wp-content\/uploads\/2025\/03\/sostenibilita-hero-1.webp\",\"contentUrl\":\"https:\/\/gebruederthonetvienna.com\/wp-content\/uploads\/2025\/03\/sostenibilita-hero-1.webp\"},{\"@type\":\"BreadcrumbList\",\"@id\":\"https:\/\/gebruederthonetvienna.com\/fr\/monde-gtv\/durabilite\/#breadcrumb\",\"itemListElement\":[{\"@type\":\"ListItem\",\"position\":1,\"name\":\"Home\",\"item\":\"https:\/\/gebruederthonetvienna.com\/fr\/\"},{\"@type\":\"ListItem\",\"position\":2,\"name\":\"Le monde de GTV\",\"item\":\"https:\/\/gebruederthonetvienna.com\/fr\/monde-gtv\/\"},{\"@type\":\"ListItem\",\"position\":3,\"name\":\"Durabilit\u00e9\"}]},{\"@type\":\"WebSite\",\"@id\":\"https:\/\/gebruederthonetvienna.com\/fr\/#website\",\"url\":\"https:\/\/gebruederthonetvienna.com\/fr\/\",\"name\":\"GTV\",\"description\":\"\",\"publisher\":{\"@id\":\"https:\/\/gebruederthonetvienna.com\/fr\/#organization\"},\"potentialAction\":[{\"@type\":\"SearchAction\",\"target\":{\"@type\":\"EntryPoint\",\"urlTemplate\":\"https:\/\/gebruederthonetvienna.com\/fr\/?s={search_term_string}\"},\"query-input\":{\"@type\":\"PropertyValueSpecification\",\"valueRequired\":true,\"valueName\":\"search_term_string\"}}],\"inLanguage\":\"fr-FR\"},{\"@type\":\"Organization\",\"@id\":\"https:\/\/gebruederthonetvienna.com\/fr\/#organization\",\"name\":\"GTV\",\"url\":\"https:\/\/gebruederthonetvienna.com\/fr\/\",\"logo\":{\"@type\":\"ImageObject\",\"inLanguage\":\"fr-FR\",\"@id\":\"https:\/\/gebruederthonetvienna.com\/fr\/#\/schema\/logo\/image\/\",\"url\":\"https:\/\/gebruederthonetvienna.com\/wp-content\/uploads\/2025\/03\/logo-black.webp\",\"contentUrl\":\"https:\/\/gebruederthonetvienna.com\/wp-content\/uploads\/2025\/03\/logo-black.webp\",\"width\":418,\"height\":343,\"caption\":\"GTV\"},\"image\":{\"@id\":\"https:\/\/gebruederthonetvienna.com\/fr\/#\/schema\/logo\/image\/\"}}]}<\/script>\n<!-- \/ Yoast SEO plugin. -->","yoast_head_json":{"title":"Durabilit\u00e9 - GTV","robots":{"index":"index","follow":"follow","max-snippet":"max-snippet:-1","max-image-preview":"max-image-preview:large","max-video-preview":"max-video-preview:-1"},"canonical":"https:\/\/gebruederthonetvienna.com\/fr\/monde-gtv\/durabilite\/","og_locale":"fr_FR","og_type":"article","og_title":"Durabilit\u00e9 - GTV","og_description":"La protection de l\u2019environnement : un d\u00e9fi pour l\u2019avenir, une opportunit\u00e9 pour GTV Ann\u00e9e apr\u00e8s ann\u00e9e, GTV a d\u00e9velopp\u00e9 une sensibilit\u00e9 croissante aux enjeux environnementaux et, dans une optique d\u2019am\u00e9lioration continue, elle adh\u00e8re aux r\u00e9glementations favorisant l\u2019utilisation de processus et de mat\u00e9riaux durables. Un signe tangible, un point fixe qui trace un chemin orient\u00e9 vers [&hellip;]","og_url":"https:\/\/gebruederthonetvienna.com\/fr\/monde-gtv\/durabilite\/","og_site_name":"GTV","article_modified_time":"2025-06-12T12:56:57+00:00","og_image":[{"width":1195,"height":759,"url":"https:\/\/gebruederthonetvienna.com\/wp-content\/uploads\/2025\/03\/sostenibilita-hero-1.webp","type":"image\/webp"}],"twitter_card":"summary_large_image","twitter_misc":{"Dur\u00e9e de lecture estim\u00e9e":"1 minute"},"schema":{"@context":"https:\/\/schema.org","@graph":[{"@type":"WebPage","@id":"https:\/\/gebruederthonetvienna.com\/fr\/monde-gtv\/durabilite\/","url":"https:\/\/gebruederthonetvienna.com\/fr\/monde-gtv\/durabilite\/","name":"Durabilit\u00e9 - GTV","isPartOf":{"@id":"https:\/\/gebruederthonetvienna.com\/fr\/#website"},"primaryImageOfPage":{"@id":"https:\/\/gebruederthonetvienna.com\/fr\/monde-gtv\/durabilite\/#primaryimage"},"image":{"@id":"https:\/\/gebruederthonetvienna.com\/fr\/monde-gtv\/durabilite\/#primaryimage"},"thumbnailUrl":"https:\/\/gebruederthonetvienna.com\/wp-content\/uploads\/2025\/03\/sostenibilita-hero-1.webp","datePublished":"2025-03-13T13:07:48+00:00","dateModified":"2025-06-12T12:56:57+00:00","breadcrumb":{"@id":"https:\/\/gebruederthonetvienna.com\/fr\/monde-gtv\/durabilite\/#breadcrumb"},"inLanguage":"fr-FR","potentialAction":[{"@type":"ReadAction","target":["https:\/\/gebruederthonetvienna.com\/fr\/monde-gtv\/durabilite\/"]}]},{"@type":"ImageObject","inLanguage":"fr-FR","@id":"https:\/\/gebruederthonetvienna.com\/fr\/monde-gtv\/durabilite\/#primaryimage","url":"https:\/\/gebruederthonetvienna.com\/wp-content\/uploads\/2025\/03\/sostenibilita-hero-1.webp","contentUrl":"https:\/\/gebruederthonetvienna.com\/wp-content\/uploads\/2025\/03\/sostenibilita-hero-1.webp"},{"@type":"BreadcrumbList","@id":"https:\/\/gebruederthonetvienna.com\/fr\/monde-gtv\/durabilite\/#breadcrumb","itemListElement":[{"@type":"ListItem","position":1,"name":"Home","item":"https:\/\/gebruederthonetvienna.com\/fr\/"},{"@type":"ListItem","position":2,"name":"Le monde de GTV","item":"https:\/\/gebruederthonetvienna.com\/fr\/monde-gtv\/"},{"@type":"ListItem","position":3,"name":"Durabilit\u00e9"}]},{"@type":"WebSite","@id":"https:\/\/gebruederthonetvienna.com\/fr\/#website","url":"https:\/\/gebruederthonetvienna.com\/fr\/","name":"GTV","description":"","publisher":{"@id":"https:\/\/gebruederthonetvienna.com\/fr\/#organization"},"potentialAction":[{"@type":"SearchAction","target":{"@type":"EntryPoint","urlTemplate":"https:\/\/gebruederthonetvienna.com\/fr\/?s={search_term_string}"},"query-input":{"@type":"PropertyValueSpecification","valueRequired":true,"valueName":"search_term_string"}}],"inLanguage":"fr-FR"},{"@type":"Organization","@id":"https:\/\/gebruederthonetvienna.com\/fr\/#organization","name":"GTV","url":"https:\/\/gebruederthonetvienna.com\/fr\/","logo":{"@type":"ImageObject","inLanguage":"fr-FR","@id":"https:\/\/gebruederthonetvienna.com\/fr\/#\/schema\/logo\/image\/","url":"https:\/\/gebruederthonetvienna.com\/wp-content\/uploads\/2025\/03\/logo-black.webp","contentUrl":"https:\/\/gebruederthonetvienna.com\/wp-content\/uploads\/2025\/03\/logo-black.webp","width":418,"height":343,"caption":"GTV"},"image":{"@id":"https:\/\/gebruederthonetvienna.com\/fr\/#\/schema\/logo\/image\/"}}]}},"_links":{"self":[{"href":"https:\/\/gebruederthonetvienna.com\/fr\/wp-json\/wp\/v2\/pages\/21348","targetHints":{"allow":["GET"]}}],"collection":[{"href":"https:\/\/gebruederthonetvienna.com\/fr\/wp-json\/wp\/v2\/pages"}],"about":[{"href":"https:\/\/gebruederthonetvienna.com\/fr\/wp-json\/wp\/v2\/types\/page"}],"author":[{"embeddable":true,"href":"https:\/\/gebruederthonetvienna.com\/fr\/wp-json\/wp\/v2\/users\/9"}],"replies":[{"embeddable":true,"href":"https:\/\/gebruederthonetvienna.com\/fr\/wp-json\/wp\/v2\/comments?post=21348"}],"version-history":[{"count":4,"href":"https:\/\/gebruederthonetvienna.com\/fr\/wp-json\/wp\/v2\/pages\/21348\/revisions"}],"predecessor-version":[{"id":22239,"href":"https:\/\/gebruederthonetvienna.com\/fr\/wp-json\/wp\/v2\/pages\/21348\/revisions\/22239"}],"up":[{"embeddable":true,"href":"https:\/\/gebruederthonetvienna.com\/fr\/wp-json\/wp\/v2\/pages\/21802"}],"wp:attachment":[{"href":"https:\/\/gebruederthonetvienna.com\/fr\/wp-json\/wp\/v2\/media?parent=21348"}],"curies":[{"name":"wp","href":"https:\/\/api.w.org\/{rel}","templated":true}]}}