{"id":21313,"date":"2025-03-13T14:07:36","date_gmt":"2025-03-13T13:07:36","guid":{"rendered":"https:\/\/gebruederthonetvienna.com\/la-courbure-du-bois\/"},"modified":"2025-04-09T09:27:32","modified_gmt":"2025-04-09T07:27:32","slug":"la-courbure-du-bois","status":"publish","type":"page","link":"https:\/\/gebruederthonetvienna.com\/fr\/monde-gtv\/la-courbure-du-bois\/","title":{"rendered":"La courbure du bois"},"content":{"rendered":"\n<div class=\"wp-block-cover alignfull is-style-page-hero\"><span aria-hidden=\"true\" class=\"wp-block-cover__background has-background-dim-100 has-background-dim wp-block-cover__gradient-background has-background-gradient has-black-overlay-gradient-background\"><\/span><img loading=\"lazy\" decoding=\"async\" width=\"538\" height=\"777\" class=\"wp-block-cover__image-background wp-image-19762\" alt=\"\" src=\"https:\/\/gebruederthonetvienna.com\/wp-content\/uploads\/2025\/03\/curvatura-hero-1.webp\" data-object-fit=\"cover\" srcset=\"https:\/\/gebruederthonetvienna.com\/wp-content\/uploads\/2025\/03\/curvatura-hero-1.webp 538w, https:\/\/gebruederthonetvienna.com\/wp-content\/uploads\/2025\/03\/curvatura-hero-1-208x300.webp 208w\" sizes=\"auto, (max-width: 538px) 100vw, 538px\" \/><div class=\"wp-block-cover__inner-container is-layout-constrained wp-block-cover-is-layout-constrained\">\n<h1 class=\"wp-block-heading has-text-align-center has-58-font-size\">La courbure du bois<\/h1>\n<\/div><\/div>\n\n<div style=\"height:var(--wp--preset--spacing--80)\" aria-hidden=\"true\" class=\"wp-block-spacer\"><\/div>\n\n<div class=\"wp-block-group alignwide is-layout-constrained wp-container-core-group-is-layout-c42ca0b5 wp-block-group-is-layout-constrained\" style=\"padding-right:var(--wp--preset--spacing--16);padding-left:var(--wp--preset--spacing--16)\">\n<p style=\"font-style:normal;font-weight:300\">La technique de courbure du bois est une m\u00e9thode ancienne, pr\u00e9sente dans l\u2019artisanat de plusieurs civilisations, mais qui est rest\u00e9e longtemps en retrait en raison de son avantage limit\u00e9 en termes de productivit\u00e9.<\/p>\n<\/div>\n\n<div style=\"height:var(--wp--preset--spacing--80)\" aria-hidden=\"true\" class=\"wp-block-spacer\"><\/div>\n\n<div class=\"wp-block-group alignfull is-layout-grid wp-container-core-group-is-layout-2ee6572b wp-block-group-is-layout-grid\">\n<div style=\"height:100px\" aria-hidden=\"true\" class=\"wp-block-spacer\"><\/div>\n\n\n\n<figure class=\"wp-block-embed alignfull is-type-video is-provider-youtube wp-block-embed-youtube wp-embed-aspect-16-9 wp-has-aspect-ratio wp-container-content-46162e02\"><div class=\"wp-block-embed__wrapper\">\n<iframe loading=\"lazy\" title=\"The GTV Production Process\" width=\"500\" height=\"281\" src=\"https:\/\/www.youtube.com\/embed\/592pBs91790?feature=oembed\" frameborder=\"0\" allow=\"accelerometer; autoplay; clipboard-write; encrypted-media; gyroscope; picture-in-picture; web-share\" referrerpolicy=\"strict-origin-when-cross-origin\" allowfullscreen><\/iframe>\n<\/div><\/figure>\n<\/div>\n\n<div style=\"height:5rem\" aria-hidden=\"true\" class=\"wp-block-spacer\"><\/div>\n\n<div class=\"wp-block-group alignfull is-style-testo-foto is-layout-grid wp-container-core-group-is-layout-5422e1b4 wp-block-group-is-layout-grid\">\n<div style=\"height:100px\" aria-hidden=\"true\" class=\"wp-block-spacer\"><\/div>\n\n\n\n<div class=\"wp-block-group wp-container-content-e7279f90 is-layout-constrained wp-block-group-is-layout-constrained\">\n<h2 class=\"wp-block-heading has-work-sans-font-family has-28-font-size\" style=\"text-transform:uppercase\">La technique<\/h2>\n\n\n\n<p class=\"wp-container-content-516f2167\" style=\"font-style:normal;font-weight:300\">L\u2019intuition de Michael Thonet est n\u00e9e de l\u2019observation que le bois frais est plus flexible que le bois sec. Partant de cette observation, Thonet et certains de ses contemporains ont exp\u00e9riment\u00e9 la courbure de paquets de fines feuilles de bois, tremp\u00e9es dans de la colle bouillante et ensuite s\u00e9ch\u00e9es dans des moules rigides.<br \/><br \/>Cependant, cette solution ne garantissait pas la r\u00e9sistance du produit en raison de la fragilit\u00e9 de l\u2019adh\u00e9sif. Pour surmonter ce probl\u00e8me, Thonet a d\u00e9cid\u00e9 de travailler exclusivement sur les propri\u00e9t\u00e9s physiques du bois, \u00e9liminant compl\u00e8tement la colle de ses processus. Pour obtenir une plus grande flexibilit\u00e9 du mat\u00e9riau \u2013 m\u00eame apr\u00e8s vieillissement \u2013 il augmenta la fluidit\u00e9 entre les fibres en les exposant \u00e0 un environnement tr\u00e8s humide.<\/p>\n<\/div>\n\n\n\n<div style=\"height:100px\" aria-hidden=\"true\" class=\"wp-block-spacer\"><\/div>\n\n\n\n<figure class=\"wp-block-image size-full wp-container-content-9eba275d\"><img decoding=\"async\" src=\"https:\/\/gebruederthonetvienna.com\/wp-content\/themes\/gtv-theme\/assets\/img\/patterns\/section-text-photo.webp\" alt=\"\" class=\"wp-image-243\" \/><\/figure>\n<\/div>\n\n<div style=\"height:5rem\" aria-hidden=\"true\" class=\"wp-block-spacer\"><\/div>\n\n<div class=\"wp-block-group alignfull is-style-testo-foto is-layout-grid wp-container-core-group-is-layout-5422e1b4 wp-block-group-is-layout-grid\">\n<div style=\"height:100px\" aria-hidden=\"true\" class=\"wp-block-spacer wp-container-content-4ad9bbd1\"><\/div>\n\n\n\n<figure class=\"wp-block-image size-full wp-container-content-3cb60348\"><img loading=\"lazy\" decoding=\"async\" width=\"1867\" height=\"1051\" src=\"https:\/\/gebruederthonetvienna.com\/wp-content\/uploads\/2025\/03\/curvatura-img.webp\" alt=\"\" class=\"wp-image-242\" srcset=\"https:\/\/gebruederthonetvienna.com\/wp-content\/uploads\/2025\/03\/curvatura-img.webp 1867w, https:\/\/gebruederthonetvienna.com\/wp-content\/uploads\/2025\/03\/curvatura-img-300x169.webp 300w, https:\/\/gebruederthonetvienna.com\/wp-content\/uploads\/2025\/03\/curvatura-img-1024x576.webp 1024w, https:\/\/gebruederthonetvienna.com\/wp-content\/uploads\/2025\/03\/curvatura-img-768x432.webp 768w, https:\/\/gebruederthonetvienna.com\/wp-content\/uploads\/2025\/03\/curvatura-img-1536x865.webp 1536w\" sizes=\"auto, (max-width: 1867px) 100vw, 1867px\" \/><\/figure>\n\n\n\n<div style=\"height:100px\" aria-hidden=\"true\" class=\"wp-block-spacer\"><\/div>\n<\/div>\n\n<div style=\"height:5rem\" aria-hidden=\"true\" class=\"wp-block-spacer\"><\/div>\n\n<div class=\"wp-block-group alignfull is-style-testo-foto is-layout-grid wp-container-core-group-is-layout-5422e1b4 wp-block-group-is-layout-grid\">\n<div style=\"height:100px\" aria-hidden=\"true\" class=\"wp-block-spacer\"><\/div>\n\n\n\n<figure class=\"wp-block-image size-full wp-container-content-9eba275d\"><img loading=\"lazy\" decoding=\"async\" width=\"916\" height=\"917\" src=\"https:\/\/gebruederthonetvienna.com\/wp-content\/uploads\/2025\/03\/curvatura-brevetto-1.webp\" alt=\"\" class=\"wp-image-19738\" srcset=\"https:\/\/gebruederthonetvienna.com\/wp-content\/uploads\/2025\/03\/curvatura-brevetto-1.webp 916w, https:\/\/gebruederthonetvienna.com\/wp-content\/uploads\/2025\/03\/curvatura-brevetto-1-300x300.webp 300w, https:\/\/gebruederthonetvienna.com\/wp-content\/uploads\/2025\/03\/curvatura-brevetto-1-150x150.webp 150w, https:\/\/gebruederthonetvienna.com\/wp-content\/uploads\/2025\/03\/curvatura-brevetto-1-768x769.webp 768w\" sizes=\"auto, (max-width: 916px) 100vw, 916px\" \/><\/figure>\n\n\n\n<div style=\"height:100px\" aria-hidden=\"true\" class=\"wp-block-spacer\"><\/div>\n\n\n\n<div class=\"wp-block-group wp-container-content-e7279f90 is-layout-constrained wp-block-group-is-layout-constrained\">\n<h2 class=\"wp-block-heading has-work-sans-font-family has-28-font-size\" style=\"text-transform:uppercase\">Le brevet<\/h2>\n\n\n\n<p class=\"wp-container-content-516f2167\" style=\"font-style:normal;font-weight:300\">En 1842, Michael Thonet a brevet\u00e9 le processus qui le rendit c\u00e9l\u00e8bre dans le monde entier : les bandes de bois (de pr\u00e9f\u00e9rence h\u00eatre, gr\u00e2ce \u00e0 ses fibres longues, r\u00e9guli\u00e8res et sans n\u0153uds) \u00e9taient tourn\u00e9es, plac\u00e9es dans une autoclave pour absorber l&rsquo;humidit\u00e9, courb\u00e9es avec force et fix\u00e9es dans des moules m\u00e9talliques, puis s\u00e9ch\u00e9es. Apr\u00e8s la finition des pi\u00e8ces, la \u00ab\u00a0paille de Vienne\u00a0\u00bb \u00e9tait assembl\u00e9e, un \u00e9l\u00e9ment distinctif de l&rsquo;entreprise.<br \/><br \/>Un v\u00e9ritable processus industriel, accompagn\u00e9 de l&rsquo;\u00e9limination progressive des ornements et des joints, au profit de lignes rigoureuses et d\u2019une simplification accrue des \u00e9l\u00e9ments d\u2019assemblage.<\/p>\n<\/div>\n<\/div>\n\n<div style=\"height:5rem\" aria-hidden=\"true\" class=\"wp-block-spacer\"><\/div>\n\n<div class=\"wp-block-group alignwide is-layout-constrained wp-container-core-group-is-layout-c42ca0b5 wp-block-group-is-layout-constrained\" style=\"padding-right:var(--wp--preset--spacing--16);padding-left:var(--wp--preset--spacing--16)\">\n<p style=\"font-style:normal;font-weight:300\">L\u2019\u00e9l\u00e9gance formelle, la solidit\u00e9 et la l\u00e9g\u00e8ret\u00e9 ont assur\u00e9 le succ\u00e8s de l\u2019entreprise, qui en quelques ann\u00e9es a ouvert des usines de production dans le monde entier. Un proc\u00e9d\u00e9 de production unique, enracin\u00e9 dans une histoire riche en inspirations, qui se renouvelle aujourd\u2019hui gr\u00e2ce au choix de mat\u00e9riaux de haute qualit\u00e9. Les bois, s\u00e9lectionn\u00e9s pour leur r\u00e9sistance et leur polyvalence, sont associ\u00e9s \u00e0 des tissus fins, enrichissant la collection de subtiles nuances chromatiques.<\/p>\n<\/div>\n\n<div style=\"height:10rem\" aria-hidden=\"true\" class=\"wp-block-spacer\"><\/div>\n\n<div class=\"wp-block-group alignwide is-vertical is-content-justification-center is-layout-flex wp-container-core-group-is-layout-3f2d17a9 wp-block-group-is-layout-flex\" style=\"margin-top:0;margin-bottom:0\">\n<h3 class=\"wp-block-heading has-text-align-center has-work-sans-font-family has-28-font-size\">cela pourrait aussi vous int\u00e9resser<\/h3>\n\n\n\n<div class=\"wp-block-group alignwide is-style-mobile-single-col is-style-pagine-correlate is-layout-grid wp-container-core-group-is-layout-0af59e79 wp-block-group-is-layout-grid\" style=\"margin-top:0;margin-bottom:0;padding-right:var(--wp--preset--spacing--16);padding-left:var(--wp--preset--spacing--16)\">\n<div class=\"wp-block-group wp-container-content-a56e390f is-vertical is-content-justification-left is-layout-flex wp-container-core-group-is-layout-ba62253d wp-block-group-is-layout-flex\">\n<figure class=\"wp-block-image size-full\"><img loading=\"lazy\" decoding=\"async\" width=\"680\" height=\"850\" src=\"https:\/\/gebruederthonetvienna.com\/wp-content\/themes\/gtv-theme\/assets\/img\/patterns\/mondo-brand-manifesto.webp\" alt=\"\" class=\"wp-image-207\" style=\"object-fit:cover\" \/><\/figure>\n\n\n\n<h4 class=\"wp-block-heading has-work-sans-font-family has-28-font-size\" style=\"text-transform:uppercase\"><a href=\"https:\/\/gebruederthonetvienna.com\/fr\/brand-manifesto\/\">Manifeste de la Marque<\/a><\/h4>\n<\/div>\n\n\n\n<div class=\"wp-block-group is-style-default wp-container-content-a56e390f is-vertical is-content-justification-left is-layout-flex wp-container-core-group-is-layout-ba62253d wp-block-group-is-layout-flex\">\n<figure class=\"wp-block-image size-full\"><img loading=\"lazy\" decoding=\"async\" width=\"680\" height=\"850\" src=\"https:\/\/gebruederthonetvienna.com\/wp-content\/themes\/gtv-theme\/assets\/img\/patterns\/mondo-heritage.webp\" alt=\"\" class=\"wp-image-212\" \/><\/figure>\n\n\n\n<h4 class=\"wp-block-heading has-work-sans-font-family has-28-font-size\" style=\"text-transform:uppercase\"><a href=\"https:\/\/gebruederthonetvienna.com\/fr\/monde-gtv\/heritage\/\">H\u00e9ritage<\/a><\/h4>\n<\/div>\n\n\n\n<div class=\"wp-block-group wp-container-content-a56e390f is-vertical is-content-justification-left is-layout-flex wp-container-core-group-is-layout-ba62253d wp-block-group-is-layout-flex\">\n<figure class=\"wp-block-image size-full\"><img loading=\"lazy\" decoding=\"async\" width=\"680\" height=\"850\" src=\"https:\/\/gebruederthonetvienna.com\/wp-content\/themes\/gtv-theme\/assets\/img\/patterns\/mondo-sostenibilita.webp\" alt=\"\" class=\"wp-image-214\" \/><\/figure>\n\n\n\n<h4 class=\"wp-block-heading has-work-sans-font-family has-28-font-size\" style=\"text-transform:uppercase\"><a href=\"https:\/\/gebruederthonetvienna.com\/fr\/monde-gtv\/durabilite\/\">sostenibilit\u00e0<\/a><\/h4>\n<\/div>\n<\/div>\n<\/div>\n\n<div class=\"wp-block-group alignfull is-layout-constrained wp-block-group-is-layout-constrained\">\n<div style=\"height:10rem\" aria-hidden=\"true\" class=\"wp-block-spacer\"><\/div>\n\n\n\n<div class=\"wp-block-group alignfull is-style-breadcrumbs is-layout-constrained wp-block-group-is-layout-constrained\"><span><span><a href=\"https:\/\/gebruederthonetvienna.com\/fr\/\">Home<\/a><\/span><\/span>\n<\/div>\n<\/div>\n","protected":false},"excerpt":{"rendered":"<p>La technique de courbure du bois est une m\u00e9thode ancienne, pr\u00e9sente dans l\u2019artisanat de plusieurs civilisations, mais qui est rest\u00e9e longtemps en retrait en raison de son avantage limit\u00e9 en termes de productivit\u00e9. La technique L\u2019intuition de Michael Thonet est n\u00e9e de l\u2019observation que le bois frais est plus flexible que le bois sec. Partant [&hellip;]<\/p>\n","protected":false},"author":9,"featured_media":0,"parent":21802,"menu_order":0,"comment_status":"closed","ping_status":"closed","template":"","meta":{"_acf_changed":false,"footnotes":""},"class_list":["post-21313","page","type-page","status-publish","hentry"],"acf":[],"yoast_head":"<!-- This site is optimized with the Yoast SEO plugin v24.7 - https:\/\/yoast.com\/wordpress\/plugins\/seo\/ -->\n<title>La courbure du bois - GTV<\/title>\n<meta name=\"robots\" content=\"index, follow, max-snippet:-1, max-image-preview:large, max-video-preview:-1\" \/>\n<link rel=\"canonical\" href=\"https:\/\/gebruederthonetvienna.com\/fr\/monde-gtv\/la-courbure-du-bois\/\" \/>\n<meta property=\"og:locale\" content=\"fr_FR\" \/>\n<meta property=\"og:type\" content=\"article\" \/>\n<meta property=\"og:title\" content=\"La courbure du bois - GTV\" \/>\n<meta property=\"og:description\" content=\"La technique de courbure du bois est une m\u00e9thode ancienne, pr\u00e9sente dans l\u2019artisanat de plusieurs civilisations, mais qui est rest\u00e9e longtemps en retrait en raison de son avantage limit\u00e9 en termes de productivit\u00e9. La technique L\u2019intuition de Michael Thonet est n\u00e9e de l\u2019observation que le bois frais est plus flexible que le bois sec. Partant [&hellip;]\" \/>\n<meta property=\"og:url\" content=\"https:\/\/gebruederthonetvienna.com\/fr\/monde-gtv\/la-courbure-du-bois\/\" \/>\n<meta property=\"og:site_name\" content=\"GTV\" \/>\n<meta property=\"article:modified_time\" content=\"2025-04-09T07:27:32+00:00\" \/>\n<meta property=\"og:image\" content=\"https:\/\/gebruederthonetvienna.com\/wp-content\/uploads\/2025\/03\/curvatura-hero-1.webp\" \/>\n\t<meta property=\"og:image:width\" content=\"538\" \/>\n\t<meta property=\"og:image:height\" content=\"777\" \/>\n\t<meta property=\"og:image:type\" content=\"image\/webp\" \/>\n<meta name=\"twitter:card\" content=\"summary_large_image\" \/>\n<meta name=\"twitter:label1\" content=\"Dur\u00e9e de lecture estim\u00e9e\" \/>\n\t<meta name=\"twitter:data1\" content=\"2 minutes\" \/>\n<script type=\"application\/ld+json\" class=\"yoast-schema-graph\">{\"@context\":\"https:\/\/schema.org\",\"@graph\":[{\"@type\":\"WebPage\",\"@id\":\"https:\/\/gebruederthonetvienna.com\/fr\/monde-gtv\/la-courbure-du-bois\/\",\"url\":\"https:\/\/gebruederthonetvienna.com\/fr\/monde-gtv\/la-courbure-du-bois\/\",\"name\":\"La courbure du bois - GTV\",\"isPartOf\":{\"@id\":\"https:\/\/gebruederthonetvienna.com\/fr\/#website\"},\"primaryImageOfPage\":{\"@id\":\"https:\/\/gebruederthonetvienna.com\/fr\/monde-gtv\/la-courbure-du-bois\/#primaryimage\"},\"image\":{\"@id\":\"https:\/\/gebruederthonetvienna.com\/fr\/monde-gtv\/la-courbure-du-bois\/#primaryimage\"},\"thumbnailUrl\":\"https:\/\/gebruederthonetvienna.com\/wp-content\/uploads\/2025\/03\/curvatura-hero-1.webp\",\"datePublished\":\"2025-03-13T13:07:36+00:00\",\"dateModified\":\"2025-04-09T07:27:32+00:00\",\"breadcrumb\":{\"@id\":\"https:\/\/gebruederthonetvienna.com\/fr\/monde-gtv\/la-courbure-du-bois\/#breadcrumb\"},\"inLanguage\":\"fr-FR\",\"potentialAction\":[{\"@type\":\"ReadAction\",\"target\":[\"https:\/\/gebruederthonetvienna.com\/fr\/monde-gtv\/la-courbure-du-bois\/\"]}]},{\"@type\":\"ImageObject\",\"inLanguage\":\"fr-FR\",\"@id\":\"https:\/\/gebruederthonetvienna.com\/fr\/monde-gtv\/la-courbure-du-bois\/#primaryimage\",\"url\":\"https:\/\/gebruederthonetvienna.com\/wp-content\/uploads\/2025\/03\/curvatura-hero-1.webp\",\"contentUrl\":\"https:\/\/gebruederthonetvienna.com\/wp-content\/uploads\/2025\/03\/curvatura-hero-1.webp\"},{\"@type\":\"BreadcrumbList\",\"@id\":\"https:\/\/gebruederthonetvienna.com\/fr\/monde-gtv\/la-courbure-du-bois\/#breadcrumb\",\"itemListElement\":[{\"@type\":\"ListItem\",\"position\":1,\"name\":\"Home\",\"item\":\"https:\/\/gebruederthonetvienna.com\/fr\/\"},{\"@type\":\"ListItem\",\"position\":2,\"name\":\"Le monde de GTV\",\"item\":\"https:\/\/gebruederthonetvienna.com\/fr\/monde-gtv\/\"},{\"@type\":\"ListItem\",\"position\":3,\"name\":\"La courbure du bois\"}]},{\"@type\":\"WebSite\",\"@id\":\"https:\/\/gebruederthonetvienna.com\/fr\/#website\",\"url\":\"https:\/\/gebruederthonetvienna.com\/fr\/\",\"name\":\"GTV\",\"description\":\"\",\"publisher\":{\"@id\":\"https:\/\/gebruederthonetvienna.com\/fr\/#organization\"},\"potentialAction\":[{\"@type\":\"SearchAction\",\"target\":{\"@type\":\"EntryPoint\",\"urlTemplate\":\"https:\/\/gebruederthonetvienna.com\/fr\/?s={search_term_string}\"},\"query-input\":{\"@type\":\"PropertyValueSpecification\",\"valueRequired\":true,\"valueName\":\"search_term_string\"}}],\"inLanguage\":\"fr-FR\"},{\"@type\":\"Organization\",\"@id\":\"https:\/\/gebruederthonetvienna.com\/fr\/#organization\",\"name\":\"GTV\",\"url\":\"https:\/\/gebruederthonetvienna.com\/fr\/\",\"logo\":{\"@type\":\"ImageObject\",\"inLanguage\":\"fr-FR\",\"@id\":\"https:\/\/gebruederthonetvienna.com\/fr\/#\/schema\/logo\/image\/\",\"url\":\"https:\/\/gebruederthonetvienna.com\/wp-content\/uploads\/2025\/03\/logo-black.webp\",\"contentUrl\":\"https:\/\/gebruederthonetvienna.com\/wp-content\/uploads\/2025\/03\/logo-black.webp\",\"width\":418,\"height\":343,\"caption\":\"GTV\"},\"image\":{\"@id\":\"https:\/\/gebruederthonetvienna.com\/fr\/#\/schema\/logo\/image\/\"}}]}<\/script>\n<!-- \/ Yoast SEO plugin. -->","yoast_head_json":{"title":"La courbure du bois - GTV","robots":{"index":"index","follow":"follow","max-snippet":"max-snippet:-1","max-image-preview":"max-image-preview:large","max-video-preview":"max-video-preview:-1"},"canonical":"https:\/\/gebruederthonetvienna.com\/fr\/monde-gtv\/la-courbure-du-bois\/","og_locale":"fr_FR","og_type":"article","og_title":"La courbure du bois - GTV","og_description":"La technique de courbure du bois est une m\u00e9thode ancienne, pr\u00e9sente dans l\u2019artisanat de plusieurs civilisations, mais qui est rest\u00e9e longtemps en retrait en raison de son avantage limit\u00e9 en termes de productivit\u00e9. La technique L\u2019intuition de Michael Thonet est n\u00e9e de l\u2019observation que le bois frais est plus flexible que le bois sec. Partant [&hellip;]","og_url":"https:\/\/gebruederthonetvienna.com\/fr\/monde-gtv\/la-courbure-du-bois\/","og_site_name":"GTV","article_modified_time":"2025-04-09T07:27:32+00:00","og_image":[{"width":538,"height":777,"url":"https:\/\/gebruederthonetvienna.com\/wp-content\/uploads\/2025\/03\/curvatura-hero-1.webp","type":"image\/webp"}],"twitter_card":"summary_large_image","twitter_misc":{"Dur\u00e9e de lecture estim\u00e9e":"2 minutes"},"schema":{"@context":"https:\/\/schema.org","@graph":[{"@type":"WebPage","@id":"https:\/\/gebruederthonetvienna.com\/fr\/monde-gtv\/la-courbure-du-bois\/","url":"https:\/\/gebruederthonetvienna.com\/fr\/monde-gtv\/la-courbure-du-bois\/","name":"La courbure du bois - GTV","isPartOf":{"@id":"https:\/\/gebruederthonetvienna.com\/fr\/#website"},"primaryImageOfPage":{"@id":"https:\/\/gebruederthonetvienna.com\/fr\/monde-gtv\/la-courbure-du-bois\/#primaryimage"},"image":{"@id":"https:\/\/gebruederthonetvienna.com\/fr\/monde-gtv\/la-courbure-du-bois\/#primaryimage"},"thumbnailUrl":"https:\/\/gebruederthonetvienna.com\/wp-content\/uploads\/2025\/03\/curvatura-hero-1.webp","datePublished":"2025-03-13T13:07:36+00:00","dateModified":"2025-04-09T07:27:32+00:00","breadcrumb":{"@id":"https:\/\/gebruederthonetvienna.com\/fr\/monde-gtv\/la-courbure-du-bois\/#breadcrumb"},"inLanguage":"fr-FR","potentialAction":[{"@type":"ReadAction","target":["https:\/\/gebruederthonetvienna.com\/fr\/monde-gtv\/la-courbure-du-bois\/"]}]},{"@type":"ImageObject","inLanguage":"fr-FR","@id":"https:\/\/gebruederthonetvienna.com\/fr\/monde-gtv\/la-courbure-du-bois\/#primaryimage","url":"https:\/\/gebruederthonetvienna.com\/wp-content\/uploads\/2025\/03\/curvatura-hero-1.webp","contentUrl":"https:\/\/gebruederthonetvienna.com\/wp-content\/uploads\/2025\/03\/curvatura-hero-1.webp"},{"@type":"BreadcrumbList","@id":"https:\/\/gebruederthonetvienna.com\/fr\/monde-gtv\/la-courbure-du-bois\/#breadcrumb","itemListElement":[{"@type":"ListItem","position":1,"name":"Home","item":"https:\/\/gebruederthonetvienna.com\/fr\/"},{"@type":"ListItem","position":2,"name":"Le monde de GTV","item":"https:\/\/gebruederthonetvienna.com\/fr\/monde-gtv\/"},{"@type":"ListItem","position":3,"name":"La courbure du bois"}]},{"@type":"WebSite","@id":"https:\/\/gebruederthonetvienna.com\/fr\/#website","url":"https:\/\/gebruederthonetvienna.com\/fr\/","name":"GTV","description":"","publisher":{"@id":"https:\/\/gebruederthonetvienna.com\/fr\/#organization"},"potentialAction":[{"@type":"SearchAction","target":{"@type":"EntryPoint","urlTemplate":"https:\/\/gebruederthonetvienna.com\/fr\/?s={search_term_string}"},"query-input":{"@type":"PropertyValueSpecification","valueRequired":true,"valueName":"search_term_string"}}],"inLanguage":"fr-FR"},{"@type":"Organization","@id":"https:\/\/gebruederthonetvienna.com\/fr\/#organization","name":"GTV","url":"https:\/\/gebruederthonetvienna.com\/fr\/","logo":{"@type":"ImageObject","inLanguage":"fr-FR","@id":"https:\/\/gebruederthonetvienna.com\/fr\/#\/schema\/logo\/image\/","url":"https:\/\/gebruederthonetvienna.com\/wp-content\/uploads\/2025\/03\/logo-black.webp","contentUrl":"https:\/\/gebruederthonetvienna.com\/wp-content\/uploads\/2025\/03\/logo-black.webp","width":418,"height":343,"caption":"GTV"},"image":{"@id":"https:\/\/gebruederthonetvienna.com\/fr\/#\/schema\/logo\/image\/"}}]}},"_links":{"self":[{"href":"https:\/\/gebruederthonetvienna.com\/fr\/wp-json\/wp\/v2\/pages\/21313","targetHints":{"allow":["GET"]}}],"collection":[{"href":"https:\/\/gebruederthonetvienna.com\/fr\/wp-json\/wp\/v2\/pages"}],"about":[{"href":"https:\/\/gebruederthonetvienna.com\/fr\/wp-json\/wp\/v2\/types\/page"}],"author":[{"embeddable":true,"href":"https:\/\/gebruederthonetvienna.com\/fr\/wp-json\/wp\/v2\/users\/9"}],"replies":[{"embeddable":true,"href":"https:\/\/gebruederthonetvienna.com\/fr\/wp-json\/wp\/v2\/comments?post=21313"}],"version-history":[{"count":6,"href":"https:\/\/gebruederthonetvienna.com\/fr\/wp-json\/wp\/v2\/pages\/21313\/revisions"}],"predecessor-version":[{"id":21991,"href":"https:\/\/gebruederthonetvienna.com\/fr\/wp-json\/wp\/v2\/pages\/21313\/revisions\/21991"}],"up":[{"embeddable":true,"href":"https:\/\/gebruederthonetvienna.com\/fr\/wp-json\/wp\/v2\/pages\/21802"}],"wp:attachment":[{"href":"https:\/\/gebruederthonetvienna.com\/fr\/wp-json\/wp\/v2\/media?parent=21313"}],"curies":[{"name":"wp","href":"https:\/\/api.w.org\/{rel}","templated":true}]}}