{"id":20790,"date":"2025-03-13T14:09:08","date_gmt":"2025-03-13T13:09:08","guid":{"rendered":"https:\/\/gebruederthonetvienna.com\/contatti\/"},"modified":"2025-04-05T15:13:50","modified_gmt":"2025-04-05T13:13:50","slug":"contatti","status":"publish","type":"page","link":"https:\/\/gebruederthonetvienna.com\/fr\/contatti\/","title":{"rendered":"Contacts"},"content":{"rendered":"<h1 style=\"padding-top:var(--wp--preset--spacing--112);padding-bottom:var(--wp--preset--spacing--112);margin-top:0;margin-bottom:0;\" class=\"has-text-align-center wp-block-post-title has-58-font-size\">Contacts<\/h1>\n<div style=\"height:var(--wp--preset--spacing--40)\" aria-hidden=\"true\" class=\"wp-block-spacer\"><\/div>\n\n<div class=\"wp-block-group alignwide is-layout-constrained wp-container-core-group-is-layout-c42ca0b5 wp-block-group-is-layout-constrained\" style=\"padding-right:var(--wp--preset--spacing--16);padding-left:var(--wp--preset--spacing--16)\">\n<p style=\"font-style:normal;font-weight:300\">\u00c0 partir de cette section, vous pouvez acc\u00e9der aux diff\u00e9rentes zones d\u00e9di\u00e9es aux demandes de contact.<br\/>Qu&rsquo;il s&rsquo;agisse d&rsquo;informations commerciales, de collaborations avec des designers, de demandes de presse ou de questions g\u00e9n\u00e9rales, notre \u00e9quipe est \u00e0 votre disposition.<\/p>\n\n\n\n<p style=\"font-style:normal;font-weight:300\">S\u00e9lectionnez le domaine qui vous int\u00e9resse pour continuer.<\/p>\n<\/div>\n\n<div style=\"height:var(--wp--preset--spacing--80)\" aria-hidden=\"true\" class=\"wp-block-spacer\"><\/div>\n\n<div class=\"wp-block-group alignwide is-vertical is-content-justification-center is-layout-flex wp-container-core-group-is-layout-3f2d17a9 wp-block-group-is-layout-flex\" style=\"margin-top:0;margin-bottom:0\">\n<div class=\"wp-block-group alignwide is-style-mobile-single-col is-style-pagine-correlate is-layout-grid wp-container-core-group-is-layout-0af59e79 wp-block-group-is-layout-grid\" style=\"margin-top:0;margin-bottom:0;padding-right:var(--wp--preset--spacing--16);padding-left:var(--wp--preset--spacing--16)\">\n<div class=\"wp-block-group wp-container-content-a56e390f is-vertical is-content-justification-left is-layout-flex wp-container-core-group-is-layout-ba62253d wp-block-group-is-layout-flex\">\n<figure class=\"wp-block-image size-full\"><img loading=\"lazy\" decoding=\"async\" width=\"680\" height=\"850\" src=\"https:\/\/gebruederthonetvienna.com\/wp-content\/uploads\/2025\/03\/contatti-rete-1.webp\" alt=\"\" class=\"wp-image-20055\" style=\"object-fit:cover\" srcset=\"https:\/\/gebruederthonetvienna.com\/wp-content\/uploads\/2025\/03\/contatti-rete-1.webp 680w, https:\/\/gebruederthonetvienna.com\/wp-content\/uploads\/2025\/03\/contatti-rete-1-240x300.webp 240w\" sizes=\"auto, (max-width: 680px) 100vw, 680px\" \/><\/figure>\n\n\n\n<h4 class=\"wp-block-heading has-work-sans-font-family has-28-font-size\" style=\"text-transform:uppercase\"><a href=\"https:\/\/gebruederthonetvienna.com\/fr\/contatti\/distribution\/\">Distrubution<\/a><\/h4>\n<\/div>\n\n\n\n<div class=\"wp-block-group is-style-default wp-container-content-a56e390f is-vertical is-content-justification-left is-layout-flex wp-container-core-group-is-layout-ba62253d wp-block-group-is-layout-flex\">\n<figure class=\"wp-block-image size-full\"><img loading=\"lazy\" decoding=\"async\" width=\"680\" height=\"850\" src=\"https:\/\/gebruederthonetvienna.com\/wp-content\/uploads\/2025\/03\/contatti-collaborazione-1.webp\" alt=\"\" class=\"wp-image-20060\" srcset=\"https:\/\/gebruederthonetvienna.com\/wp-content\/uploads\/2025\/03\/contatti-collaborazione-1.webp 680w, https:\/\/gebruederthonetvienna.com\/wp-content\/uploads\/2025\/03\/contatti-collaborazione-1-240x300.webp 240w\" sizes=\"auto, (max-width: 680px) 100vw, 680px\" \/><\/figure>\n\n\n\n<h4 class=\"wp-block-heading has-work-sans-font-family has-28-font-size\" style=\"text-transform:uppercase\"><a href=\"https:\/\/gebruederthonetvienna.com\/fr\/contatti\/collaborations-avec-de-nouveaux-designers\/\">Collaborations avec de nouveaux designers<\/a><\/h4>\n<\/div>\n\n\n\n<div class=\"wp-block-group wp-container-content-a56e390f is-vertical is-content-justification-left is-layout-flex wp-container-core-group-is-layout-ba62253d wp-block-group-is-layout-flex\">\n<figure class=\"wp-block-image size-full\"><img loading=\"lazy\" decoding=\"async\" width=\"680\" height=\"850\" src=\"https:\/\/gebruederthonetvienna.com\/wp-content\/uploads\/2025\/03\/contatti-ufficio-1.webp\" alt=\"\" class=\"wp-image-20065\" style=\"object-fit:cover\" srcset=\"https:\/\/gebruederthonetvienna.com\/wp-content\/uploads\/2025\/03\/contatti-ufficio-1.webp 680w, https:\/\/gebruederthonetvienna.com\/wp-content\/uploads\/2025\/03\/contatti-ufficio-1-240x300.webp 240w\" sizes=\"auto, (max-width: 680px) 100vw, 680px\" \/><\/figure>\n\n\n\n<h4 class=\"wp-block-heading has-work-sans-font-family has-28-font-size\" style=\"text-transform:uppercase\"><a href=\"https:\/\/gebruederthonetvienna.com\/fr\/contatti\/service-de-presse\/\">Service de presse<\/a><\/h4>\n<\/div>\n\n\n\n<div class=\"wp-block-group wp-container-content-a56e390f is-vertical is-content-justification-left is-layout-flex wp-container-core-group-is-layout-ba62253d wp-block-group-is-layout-flex\">\n<figure class=\"wp-block-image size-full\"><img loading=\"lazy\" decoding=\"async\" width=\"680\" height=\"850\" src=\"https:\/\/gebruederthonetvienna.com\/wp-content\/uploads\/2025\/03\/contatti-richiesta-1.webp\" alt=\"\" class=\"wp-image-20043\" srcset=\"https:\/\/gebruederthonetvienna.com\/wp-content\/uploads\/2025\/03\/contatti-richiesta-1.webp 680w, https:\/\/gebruederthonetvienna.com\/wp-content\/uploads\/2025\/03\/contatti-richiesta-1-240x300.webp 240w\" sizes=\"auto, (max-width: 680px) 100vw, 680px\" \/><\/figure>\n\n\n\n<h4 class=\"wp-block-heading has-work-sans-font-family has-28-font-size\" style=\"text-transform:uppercase\"><a href=\"https:\/\/gebruederthonetvienna.com\/fr\/contatti\/demande-dinformations\/\">Demande d&rsquo;informations<\/a><\/h4>\n<\/div>\n<\/div>\n<\/div>\n\n<div class=\"wp-block-group alignfull is-layout-constrained wp-block-group-is-layout-constrained\">\n<div style=\"height:10rem\" aria-hidden=\"true\" class=\"wp-block-spacer\"><\/div>\n\n\n\n<div class=\"wp-block-group alignfull is-style-breadcrumbs is-layout-constrained wp-block-group-is-layout-constrained\"><span><span><a href=\"https:\/\/gebruederthonetvienna.com\/fr\/\">Home<\/a><\/span><\/span>\n<\/div>\n<\/div>\n","protected":false},"excerpt":{"rendered":"<p>\u00c0 partir de cette section, vous pouvez acc\u00e9der aux diff\u00e9rentes zones d\u00e9di\u00e9es aux demandes de contact.Qu&rsquo;il s&rsquo;agisse d&rsquo;informations commerciales, de collaborations avec des designers, de demandes de presse ou de questions g\u00e9n\u00e9rales, notre \u00e9quipe est \u00e0 votre disposition. S\u00e9lectionnez le domaine qui vous int\u00e9resse pour continuer. Distrubution Collaborations avec de nouveaux designers Service de presse [&hellip;]<\/p>\n","protected":false},"author":9,"featured_media":0,"parent":0,"menu_order":0,"comment_status":"closed","ping_status":"closed","template":"","meta":{"_acf_changed":false,"footnotes":""},"class_list":["post-20790","page","type-page","status-publish","hentry"],"acf":[],"yoast_head":"<!-- This site is optimized with the Yoast SEO plugin v24.7 - https:\/\/yoast.com\/wordpress\/plugins\/seo\/ -->\n<title>Contacts - GTV<\/title>\n<meta name=\"robots\" content=\"index, follow, max-snippet:-1, max-image-preview:large, max-video-preview:-1\" \/>\n<link rel=\"canonical\" href=\"https:\/\/gebruederthonetvienna.com\/fr\/contatti\/\" \/>\n<meta property=\"og:locale\" content=\"fr_FR\" \/>\n<meta property=\"og:type\" content=\"article\" \/>\n<meta property=\"og:title\" content=\"Contacts - GTV\" \/>\n<meta property=\"og:description\" content=\"\u00c0 partir de cette section, vous pouvez acc\u00e9der aux diff\u00e9rentes zones d\u00e9di\u00e9es aux demandes de contact.Qu&rsquo;il s&rsquo;agisse d&rsquo;informations commerciales, de collaborations avec des designers, de demandes de presse ou de questions g\u00e9n\u00e9rales, notre \u00e9quipe est \u00e0 votre disposition. S\u00e9lectionnez le domaine qui vous int\u00e9resse pour continuer. Distrubution Collaborations avec de nouveaux designers Service de presse [&hellip;]\" \/>\n<meta property=\"og:url\" content=\"https:\/\/gebruederthonetvienna.com\/fr\/contatti\/\" \/>\n<meta property=\"og:site_name\" content=\"GTV\" \/>\n<meta property=\"article:modified_time\" content=\"2025-04-05T13:13:50+00:00\" \/>\n<meta property=\"og:image\" content=\"https:\/\/gebruederthonetvienna.com\/wp-content\/uploads\/2025\/03\/contatti-rete-1.webp\" \/>\n\t<meta property=\"og:image:width\" content=\"680\" \/>\n\t<meta property=\"og:image:height\" content=\"850\" \/>\n\t<meta property=\"og:image:type\" content=\"image\/webp\" \/>\n<meta name=\"twitter:card\" content=\"summary_large_image\" \/>\n<meta name=\"twitter:label1\" content=\"Dur\u00e9e de lecture estim\u00e9e\" \/>\n\t<meta name=\"twitter:data1\" content=\"2 minutes\" \/>\n<script type=\"application\/ld+json\" class=\"yoast-schema-graph\">{\"@context\":\"https:\/\/schema.org\",\"@graph\":[{\"@type\":\"WebPage\",\"@id\":\"https:\/\/gebruederthonetvienna.com\/fr\/contatti\/\",\"url\":\"https:\/\/gebruederthonetvienna.com\/fr\/contatti\/\",\"name\":\"Contacts - GTV\",\"isPartOf\":{\"@id\":\"https:\/\/gebruederthonetvienna.com\/fr\/#website\"},\"primaryImageOfPage\":{\"@id\":\"https:\/\/gebruederthonetvienna.com\/fr\/contatti\/#primaryimage\"},\"image\":{\"@id\":\"https:\/\/gebruederthonetvienna.com\/fr\/contatti\/#primaryimage\"},\"thumbnailUrl\":\"https:\/\/gebruederthonetvienna.com\/wp-content\/uploads\/2025\/03\/contatti-rete-1.webp\",\"datePublished\":\"2025-03-13T13:09:08+00:00\",\"dateModified\":\"2025-04-05T13:13:50+00:00\",\"breadcrumb\":{\"@id\":\"https:\/\/gebruederthonetvienna.com\/fr\/contatti\/#breadcrumb\"},\"inLanguage\":\"fr-FR\",\"potentialAction\":[{\"@type\":\"ReadAction\",\"target\":[\"https:\/\/gebruederthonetvienna.com\/fr\/contatti\/\"]}]},{\"@type\":\"ImageObject\",\"inLanguage\":\"fr-FR\",\"@id\":\"https:\/\/gebruederthonetvienna.com\/fr\/contatti\/#primaryimage\",\"url\":\"https:\/\/gebruederthonetvienna.com\/wp-content\/uploads\/2025\/03\/contatti-rete-1.webp\",\"contentUrl\":\"https:\/\/gebruederthonetvienna.com\/wp-content\/uploads\/2025\/03\/contatti-rete-1.webp\"},{\"@type\":\"BreadcrumbList\",\"@id\":\"https:\/\/gebruederthonetvienna.com\/fr\/contatti\/#breadcrumb\",\"itemListElement\":[{\"@type\":\"ListItem\",\"position\":1,\"name\":\"Home\",\"item\":\"https:\/\/gebruederthonetvienna.com\/fr\/\"},{\"@type\":\"ListItem\",\"position\":2,\"name\":\"Contacts\"}]},{\"@type\":\"WebSite\",\"@id\":\"https:\/\/gebruederthonetvienna.com\/fr\/#website\",\"url\":\"https:\/\/gebruederthonetvienna.com\/fr\/\",\"name\":\"GTV\",\"description\":\"\",\"publisher\":{\"@id\":\"https:\/\/gebruederthonetvienna.com\/fr\/#organization\"},\"potentialAction\":[{\"@type\":\"SearchAction\",\"target\":{\"@type\":\"EntryPoint\",\"urlTemplate\":\"https:\/\/gebruederthonetvienna.com\/fr\/?s={search_term_string}\"},\"query-input\":{\"@type\":\"PropertyValueSpecification\",\"valueRequired\":true,\"valueName\":\"search_term_string\"}}],\"inLanguage\":\"fr-FR\"},{\"@type\":\"Organization\",\"@id\":\"https:\/\/gebruederthonetvienna.com\/fr\/#organization\",\"name\":\"GTV\",\"url\":\"https:\/\/gebruederthonetvienna.com\/fr\/\",\"logo\":{\"@type\":\"ImageObject\",\"inLanguage\":\"fr-FR\",\"@id\":\"https:\/\/gebruederthonetvienna.com\/fr\/#\/schema\/logo\/image\/\",\"url\":\"https:\/\/gebruederthonetvienna.com\/wp-content\/uploads\/2025\/03\/logo-black.webp\",\"contentUrl\":\"https:\/\/gebruederthonetvienna.com\/wp-content\/uploads\/2025\/03\/logo-black.webp\",\"width\":418,\"height\":343,\"caption\":\"GTV\"},\"image\":{\"@id\":\"https:\/\/gebruederthonetvienna.com\/fr\/#\/schema\/logo\/image\/\"}}]}<\/script>\n<!-- \/ Yoast SEO plugin. -->","yoast_head_json":{"title":"Contacts - GTV","robots":{"index":"index","follow":"follow","max-snippet":"max-snippet:-1","max-image-preview":"max-image-preview:large","max-video-preview":"max-video-preview:-1"},"canonical":"https:\/\/gebruederthonetvienna.com\/fr\/contatti\/","og_locale":"fr_FR","og_type":"article","og_title":"Contacts - GTV","og_description":"\u00c0 partir de cette section, vous pouvez acc\u00e9der aux diff\u00e9rentes zones d\u00e9di\u00e9es aux demandes de contact.Qu&rsquo;il s&rsquo;agisse d&rsquo;informations commerciales, de collaborations avec des designers, de demandes de presse ou de questions g\u00e9n\u00e9rales, notre \u00e9quipe est \u00e0 votre disposition. S\u00e9lectionnez le domaine qui vous int\u00e9resse pour continuer. Distrubution Collaborations avec de nouveaux designers Service de presse [&hellip;]","og_url":"https:\/\/gebruederthonetvienna.com\/fr\/contatti\/","og_site_name":"GTV","article_modified_time":"2025-04-05T13:13:50+00:00","og_image":[{"width":680,"height":850,"url":"https:\/\/gebruederthonetvienna.com\/wp-content\/uploads\/2025\/03\/contatti-rete-1.webp","type":"image\/webp"}],"twitter_card":"summary_large_image","twitter_misc":{"Dur\u00e9e de lecture estim\u00e9e":"2 minutes"},"schema":{"@context":"https:\/\/schema.org","@graph":[{"@type":"WebPage","@id":"https:\/\/gebruederthonetvienna.com\/fr\/contatti\/","url":"https:\/\/gebruederthonetvienna.com\/fr\/contatti\/","name":"Contacts - GTV","isPartOf":{"@id":"https:\/\/gebruederthonetvienna.com\/fr\/#website"},"primaryImageOfPage":{"@id":"https:\/\/gebruederthonetvienna.com\/fr\/contatti\/#primaryimage"},"image":{"@id":"https:\/\/gebruederthonetvienna.com\/fr\/contatti\/#primaryimage"},"thumbnailUrl":"https:\/\/gebruederthonetvienna.com\/wp-content\/uploads\/2025\/03\/contatti-rete-1.webp","datePublished":"2025-03-13T13:09:08+00:00","dateModified":"2025-04-05T13:13:50+00:00","breadcrumb":{"@id":"https:\/\/gebruederthonetvienna.com\/fr\/contatti\/#breadcrumb"},"inLanguage":"fr-FR","potentialAction":[{"@type":"ReadAction","target":["https:\/\/gebruederthonetvienna.com\/fr\/contatti\/"]}]},{"@type":"ImageObject","inLanguage":"fr-FR","@id":"https:\/\/gebruederthonetvienna.com\/fr\/contatti\/#primaryimage","url":"https:\/\/gebruederthonetvienna.com\/wp-content\/uploads\/2025\/03\/contatti-rete-1.webp","contentUrl":"https:\/\/gebruederthonetvienna.com\/wp-content\/uploads\/2025\/03\/contatti-rete-1.webp"},{"@type":"BreadcrumbList","@id":"https:\/\/gebruederthonetvienna.com\/fr\/contatti\/#breadcrumb","itemListElement":[{"@type":"ListItem","position":1,"name":"Home","item":"https:\/\/gebruederthonetvienna.com\/fr\/"},{"@type":"ListItem","position":2,"name":"Contacts"}]},{"@type":"WebSite","@id":"https:\/\/gebruederthonetvienna.com\/fr\/#website","url":"https:\/\/gebruederthonetvienna.com\/fr\/","name":"GTV","description":"","publisher":{"@id":"https:\/\/gebruederthonetvienna.com\/fr\/#organization"},"potentialAction":[{"@type":"SearchAction","target":{"@type":"EntryPoint","urlTemplate":"https:\/\/gebruederthonetvienna.com\/fr\/?s={search_term_string}"},"query-input":{"@type":"PropertyValueSpecification","valueRequired":true,"valueName":"search_term_string"}}],"inLanguage":"fr-FR"},{"@type":"Organization","@id":"https:\/\/gebruederthonetvienna.com\/fr\/#organization","name":"GTV","url":"https:\/\/gebruederthonetvienna.com\/fr\/","logo":{"@type":"ImageObject","inLanguage":"fr-FR","@id":"https:\/\/gebruederthonetvienna.com\/fr\/#\/schema\/logo\/image\/","url":"https:\/\/gebruederthonetvienna.com\/wp-content\/uploads\/2025\/03\/logo-black.webp","contentUrl":"https:\/\/gebruederthonetvienna.com\/wp-content\/uploads\/2025\/03\/logo-black.webp","width":418,"height":343,"caption":"GTV"},"image":{"@id":"https:\/\/gebruederthonetvienna.com\/fr\/#\/schema\/logo\/image\/"}}]}},"_links":{"self":[{"href":"https:\/\/gebruederthonetvienna.com\/fr\/wp-json\/wp\/v2\/pages\/20790","targetHints":{"allow":["GET"]}}],"collection":[{"href":"https:\/\/gebruederthonetvienna.com\/fr\/wp-json\/wp\/v2\/pages"}],"about":[{"href":"https:\/\/gebruederthonetvienna.com\/fr\/wp-json\/wp\/v2\/types\/page"}],"author":[{"embeddable":true,"href":"https:\/\/gebruederthonetvienna.com\/fr\/wp-json\/wp\/v2\/users\/9"}],"replies":[{"embeddable":true,"href":"https:\/\/gebruederthonetvienna.com\/fr\/wp-json\/wp\/v2\/comments?post=20790"}],"version-history":[{"count":8,"href":"https:\/\/gebruederthonetvienna.com\/fr\/wp-json\/wp\/v2\/pages\/20790\/revisions"}],"predecessor-version":[{"id":21145,"href":"https:\/\/gebruederthonetvienna.com\/fr\/wp-json\/wp\/v2\/pages\/20790\/revisions\/21145"}],"wp:attachment":[{"href":"https:\/\/gebruederthonetvienna.com\/fr\/wp-json\/wp\/v2\/media?parent=20790"}],"curies":[{"name":"wp","href":"https:\/\/api.w.org\/{rel}","templated":true}]}}