{"id":22084,"date":"2025-03-13T14:08:18","date_gmt":"2025-03-13T13:08:18","guid":{"rendered":"https:\/\/gebruederthonetvienna.com\/profesionales\/"},"modified":"2025-04-09T13:34:18","modified_gmt":"2025-04-09T11:34:18","slug":"profesionales","status":"publish","type":"page","link":"https:\/\/gebruederthonetvienna.com\/es\/profesionales\/","title":{"rendered":"Profesionales"},"content":{"rendered":"<h1 style=\"padding-top:var(--wp--preset--spacing--112);padding-bottom:var(--wp--preset--spacing--112);\" class=\"has-text-align-center wp-block-post-title has-58-font-size\">Profesionales<\/h1>\n<div class=\"wp-block-group alignwide is-layout-constrained wp-container-core-group-is-layout-c42ca0b5 wp-block-group-is-layout-constrained\" style=\"padding-right:var(--wp--preset--spacing--16);padding-left:var(--wp--preset--spacing--16)\">\n<p style=\"font-style:normal;font-weight:300\">Esta secci\u00f3n est\u00e1 dedicada a los profesionales del dise\u00f1o y la arquitectura que desean explorar nuestras soluciones para proyectos exclusivos y personalizados. Aqu\u00ed encontrar\u00e1s una selecci\u00f3n de recursos para profundizar en nuestro enfoque. Accede a lo que necesitas para dar vida a tus proyectos con la elegancia atemporal de Gebr\u00fcder Thonet Vienna.  <\/p>\n<\/div>\n\n<div style=\"height:var(--wp--preset--spacing--80)\" aria-hidden=\"true\" class=\"wp-block-spacer\"><\/div>\n\n<div class=\"wp-block-group alignwide is-vertical is-content-justification-center is-layout-flex wp-container-core-group-is-layout-3f2d17a9 wp-block-group-is-layout-flex\" style=\"margin-top:0;margin-bottom:0\">\n<div class=\"wp-block-group alignwide is-style-mobile-single-col is-style-pagine-correlate is-layout-grid wp-container-core-group-is-layout-0af59e79 wp-block-group-is-layout-grid\" style=\"margin-top:0;margin-bottom:0;padding-right:var(--wp--preset--spacing--16);padding-left:var(--wp--preset--spacing--16)\">\n<div class=\"wp-block-group wp-container-content-a56e390f is-vertical is-content-justification-left is-layout-flex wp-container-core-group-is-layout-ba62253d wp-block-group-is-layout-flex\">\n<figure class=\"wp-block-image size-full\"><img loading=\"lazy\" decoding=\"async\" width=\"680\" height=\"850\" src=\"https:\/\/gebruederthonetvienna.com\/wp-content\/uploads\/2025\/03\/professionisti-realizzazioni-1.webp\" alt=\"\" class=\"wp-image-19991\" style=\"object-fit:cover\" srcset=\"https:\/\/gebruederthonetvienna.com\/wp-content\/uploads\/2025\/03\/professionisti-realizzazioni-1.webp 680w, https:\/\/gebruederthonetvienna.com\/wp-content\/uploads\/2025\/03\/professionisti-realizzazioni-1-240x300.webp 240w\" sizes=\"auto, (max-width: 680px) 100vw, 680px\" \/><\/figure>\n\n\n\n<h4 class=\"wp-block-heading has-work-sans-font-family has-28-font-size\" style=\"text-transform:uppercase\"><a href=\"https:\/\/gebruederthonetvienna.com\/es\/profesionales\/realizaciones-personalizadas\/\">Realizaciones personalizadas<\/a><\/h4>\n<\/div>\n\n\n\n<div class=\"wp-block-group is-style-default wp-container-content-a56e390f is-vertical is-content-justification-left is-layout-flex wp-container-core-group-is-layout-ba62253d wp-block-group-is-layout-flex\">\n<figure class=\"wp-block-image size-full\"><img loading=\"lazy\" decoding=\"async\" width=\"680\" height=\"850\" src=\"https:\/\/gebruederthonetvienna.com\/wp-content\/uploads\/2025\/03\/professionisti-progetti-2.webp\" alt=\"\" class=\"wp-image-19996\" srcset=\"https:\/\/gebruederthonetvienna.com\/wp-content\/uploads\/2025\/03\/professionisti-progetti-2.webp 680w, https:\/\/gebruederthonetvienna.com\/wp-content\/uploads\/2025\/03\/professionisti-progetti-2-240x300.webp 240w\" sizes=\"auto, (max-width: 680px) 100vw, 680px\" \/><\/figure>\n\n\n\n<h4 class=\"wp-block-heading has-work-sans-font-family has-28-font-size\" style=\"text-transform:uppercase\"><a href=\"https:\/\/gebruederthonetvienna.com\/es\/proyectos\/\">Proyectos<\/a><\/h4>\n<\/div>\n\n\n\n<div class=\"wp-block-group wp-container-content-a56e390f is-vertical is-content-justification-left is-layout-flex wp-container-core-group-is-layout-ba62253d wp-block-group-is-layout-flex\">\n<figure class=\"wp-block-image size-full\"><img loading=\"lazy\" decoding=\"async\" width=\"680\" height=\"850\" src=\"https:\/\/gebruederthonetvienna.com\/wp-content\/uploads\/2025\/03\/professionisti-cataloghi-1.webp\" alt=\"\" class=\"wp-image-19976\" style=\"object-fit:cover\" srcset=\"https:\/\/gebruederthonetvienna.com\/wp-content\/uploads\/2025\/03\/professionisti-cataloghi-1.webp 680w, https:\/\/gebruederthonetvienna.com\/wp-content\/uploads\/2025\/03\/professionisti-cataloghi-1-240x300.webp 240w\" sizes=\"auto, (max-width: 680px) 100vw, 680px\" \/><\/figure>\n\n\n\n<h4 class=\"wp-block-heading has-work-sans-font-family has-28-font-size\" style=\"text-transform:uppercase\"><a href=\"https:\/\/gebruederthonetvienna.com\/es\/profesionales\/catalogos\/\">Cat\u00e1logos<\/a><\/h4>\n<\/div>\n\n\n\n<div class=\"wp-block-group wp-container-content-a56e390f is-vertical is-content-justification-left is-layout-flex wp-container-core-group-is-layout-ba62253d wp-block-group-is-layout-flex\">\n<figure class=\"wp-block-image size-full\"><img loading=\"lazy\" decoding=\"async\" width=\"680\" height=\"850\" src=\"https:\/\/gebruederthonetvienna.com\/wp-content\/uploads\/2025\/03\/professionisti-materiale-1.webp\" alt=\"\" class=\"wp-image-19981\" srcset=\"https:\/\/gebruederthonetvienna.com\/wp-content\/uploads\/2025\/03\/professionisti-materiale-1.webp 680w, https:\/\/gebruederthonetvienna.com\/wp-content\/uploads\/2025\/03\/professionisti-materiale-1-240x300.webp 240w\" sizes=\"auto, (max-width: 680px) 100vw, 680px\" \/><\/figure>\n\n\n\n<h4 class=\"wp-block-heading has-work-sans-font-family has-28-font-size\" style=\"text-transform:uppercase\"><a href=\"https:\/\/gebruederthonetvienna.com\/es\/profesionales\/material-tecnico\/\">Material t\u00e9cnico<\/a><\/h4>\n<\/div>\n<\/div>\n<\/div>\n\n<div class=\"wp-block-group alignfull is-layout-constrained wp-block-group-is-layout-constrained\">\n<div style=\"height:10rem\" aria-hidden=\"true\" class=\"wp-block-spacer\"><\/div>\n\n\n\n<div class=\"wp-block-group alignfull is-style-breadcrumbs is-layout-constrained wp-block-group-is-layout-constrained\"><span><span><a href=\"https:\/\/gebruederthonetvienna.com\/es\/\">Home<\/a><\/span><\/span>\n<\/div>\n<\/div>\n","protected":false},"excerpt":{"rendered":"<p>Esta secci\u00f3n est\u00e1 dedicada a los profesionales del dise\u00f1o y la arquitectura que desean explorar nuestras soluciones para proyectos exclusivos y personalizados. Aqu\u00ed encontrar\u00e1s una selecci\u00f3n de recursos para profundizar en nuestro enfoque. Accede a lo que necesitas para dar vida a tus proyectos con la elegancia atemporal de Gebr\u00fcder Thonet Vienna. Realizaciones personalizadas Proyectos [&hellip;]<\/p>\n","protected":false},"author":9,"featured_media":0,"parent":0,"menu_order":0,"comment_status":"closed","ping_status":"closed","template":"","meta":{"_acf_changed":false,"footnotes":""},"class_list":["post-22084","page","type-page","status-publish","hentry"],"acf":[],"yoast_head":"<!-- This site is optimized with the Yoast SEO plugin v24.7 - https:\/\/yoast.com\/wordpress\/plugins\/seo\/ -->\n<title>Profesionales - GTV<\/title>\n<meta name=\"robots\" content=\"index, follow, max-snippet:-1, max-image-preview:large, max-video-preview:-1\" \/>\n<link rel=\"canonical\" href=\"https:\/\/gebruederthonetvienna.com\/es\/profesionales\/\" \/>\n<meta property=\"og:locale\" content=\"es_ES\" \/>\n<meta property=\"og:type\" content=\"article\" \/>\n<meta property=\"og:title\" content=\"Profesionales - GTV\" \/>\n<meta property=\"og:description\" content=\"Esta secci\u00f3n est\u00e1 dedicada a los profesionales del dise\u00f1o y la arquitectura que desean explorar nuestras soluciones para proyectos exclusivos y personalizados. Aqu\u00ed encontrar\u00e1s una selecci\u00f3n de recursos para profundizar en nuestro enfoque. Accede a lo que necesitas para dar vida a tus proyectos con la elegancia atemporal de Gebr\u00fcder Thonet Vienna. Realizaciones personalizadas Proyectos [&hellip;]\" \/>\n<meta property=\"og:url\" content=\"https:\/\/gebruederthonetvienna.com\/es\/profesionales\/\" \/>\n<meta property=\"og:site_name\" content=\"GTV\" \/>\n<meta property=\"article:modified_time\" content=\"2025-04-09T11:34:18+00:00\" \/>\n<meta property=\"og:image\" content=\"https:\/\/gebruederthonetvienna.com\/wp-content\/uploads\/2025\/03\/professionisti-realizzazioni-1.webp\" \/>\n\t<meta property=\"og:image:width\" content=\"680\" \/>\n\t<meta property=\"og:image:height\" content=\"850\" \/>\n\t<meta property=\"og:image:type\" content=\"image\/webp\" \/>\n<meta name=\"twitter:card\" content=\"summary_large_image\" \/>\n<script type=\"application\/ld+json\" class=\"yoast-schema-graph\">{\"@context\":\"https:\/\/schema.org\",\"@graph\":[{\"@type\":\"WebPage\",\"@id\":\"https:\/\/gebruederthonetvienna.com\/es\/profesionales\/\",\"url\":\"https:\/\/gebruederthonetvienna.com\/es\/profesionales\/\",\"name\":\"Profesionales - GTV\",\"isPartOf\":{\"@id\":\"https:\/\/gebruederthonetvienna.com\/es\/#website\"},\"primaryImageOfPage\":{\"@id\":\"https:\/\/gebruederthonetvienna.com\/es\/profesionales\/#primaryimage\"},\"image\":{\"@id\":\"https:\/\/gebruederthonetvienna.com\/es\/profesionales\/#primaryimage\"},\"thumbnailUrl\":\"https:\/\/gebruederthonetvienna.com\/wp-content\/uploads\/2025\/03\/professionisti-realizzazioni-1.webp\",\"datePublished\":\"2025-03-13T13:08:18+00:00\",\"dateModified\":\"2025-04-09T11:34:18+00:00\",\"breadcrumb\":{\"@id\":\"https:\/\/gebruederthonetvienna.com\/es\/profesionales\/#breadcrumb\"},\"inLanguage\":\"es\",\"potentialAction\":[{\"@type\":\"ReadAction\",\"target\":[\"https:\/\/gebruederthonetvienna.com\/es\/profesionales\/\"]}]},{\"@type\":\"ImageObject\",\"inLanguage\":\"es\",\"@id\":\"https:\/\/gebruederthonetvienna.com\/es\/profesionales\/#primaryimage\",\"url\":\"https:\/\/gebruederthonetvienna.com\/wp-content\/uploads\/2025\/03\/professionisti-realizzazioni-1.webp\",\"contentUrl\":\"https:\/\/gebruederthonetvienna.com\/wp-content\/uploads\/2025\/03\/professionisti-realizzazioni-1.webp\"},{\"@type\":\"BreadcrumbList\",\"@id\":\"https:\/\/gebruederthonetvienna.com\/es\/profesionales\/#breadcrumb\",\"itemListElement\":[{\"@type\":\"ListItem\",\"position\":1,\"name\":\"Home\",\"item\":\"https:\/\/gebruederthonetvienna.com\/es\/\"},{\"@type\":\"ListItem\",\"position\":2,\"name\":\"Profesionales\"}]},{\"@type\":\"WebSite\",\"@id\":\"https:\/\/gebruederthonetvienna.com\/es\/#website\",\"url\":\"https:\/\/gebruederthonetvienna.com\/es\/\",\"name\":\"GTV\",\"description\":\"\",\"publisher\":{\"@id\":\"https:\/\/gebruederthonetvienna.com\/es\/#organization\"},\"potentialAction\":[{\"@type\":\"SearchAction\",\"target\":{\"@type\":\"EntryPoint\",\"urlTemplate\":\"https:\/\/gebruederthonetvienna.com\/es\/?s={search_term_string}\"},\"query-input\":{\"@type\":\"PropertyValueSpecification\",\"valueRequired\":true,\"valueName\":\"search_term_string\"}}],\"inLanguage\":\"es\"},{\"@type\":\"Organization\",\"@id\":\"https:\/\/gebruederthonetvienna.com\/es\/#organization\",\"name\":\"GTV\",\"url\":\"https:\/\/gebruederthonetvienna.com\/es\/\",\"logo\":{\"@type\":\"ImageObject\",\"inLanguage\":\"es\",\"@id\":\"https:\/\/gebruederthonetvienna.com\/es\/#\/schema\/logo\/image\/\",\"url\":\"https:\/\/gebruederthonetvienna.com\/wp-content\/uploads\/2025\/03\/logo-black.webp\",\"contentUrl\":\"https:\/\/gebruederthonetvienna.com\/wp-content\/uploads\/2025\/03\/logo-black.webp\",\"width\":418,\"height\":343,\"caption\":\"GTV\"},\"image\":{\"@id\":\"https:\/\/gebruederthonetvienna.com\/es\/#\/schema\/logo\/image\/\"}}]}<\/script>\n<!-- \/ Yoast SEO plugin. -->","yoast_head_json":{"title":"Profesionales - GTV","robots":{"index":"index","follow":"follow","max-snippet":"max-snippet:-1","max-image-preview":"max-image-preview:large","max-video-preview":"max-video-preview:-1"},"canonical":"https:\/\/gebruederthonetvienna.com\/es\/profesionales\/","og_locale":"es_ES","og_type":"article","og_title":"Profesionales - GTV","og_description":"Esta secci\u00f3n est\u00e1 dedicada a los profesionales del dise\u00f1o y la arquitectura que desean explorar nuestras soluciones para proyectos exclusivos y personalizados. Aqu\u00ed encontrar\u00e1s una selecci\u00f3n de recursos para profundizar en nuestro enfoque. Accede a lo que necesitas para dar vida a tus proyectos con la elegancia atemporal de Gebr\u00fcder Thonet Vienna. Realizaciones personalizadas Proyectos [&hellip;]","og_url":"https:\/\/gebruederthonetvienna.com\/es\/profesionales\/","og_site_name":"GTV","article_modified_time":"2025-04-09T11:34:18+00:00","og_image":[{"width":680,"height":850,"url":"https:\/\/gebruederthonetvienna.com\/wp-content\/uploads\/2025\/03\/professionisti-realizzazioni-1.webp","type":"image\/webp"}],"twitter_card":"summary_large_image","schema":{"@context":"https:\/\/schema.org","@graph":[{"@type":"WebPage","@id":"https:\/\/gebruederthonetvienna.com\/es\/profesionales\/","url":"https:\/\/gebruederthonetvienna.com\/es\/profesionales\/","name":"Profesionales - GTV","isPartOf":{"@id":"https:\/\/gebruederthonetvienna.com\/es\/#website"},"primaryImageOfPage":{"@id":"https:\/\/gebruederthonetvienna.com\/es\/profesionales\/#primaryimage"},"image":{"@id":"https:\/\/gebruederthonetvienna.com\/es\/profesionales\/#primaryimage"},"thumbnailUrl":"https:\/\/gebruederthonetvienna.com\/wp-content\/uploads\/2025\/03\/professionisti-realizzazioni-1.webp","datePublished":"2025-03-13T13:08:18+00:00","dateModified":"2025-04-09T11:34:18+00:00","breadcrumb":{"@id":"https:\/\/gebruederthonetvienna.com\/es\/profesionales\/#breadcrumb"},"inLanguage":"es","potentialAction":[{"@type":"ReadAction","target":["https:\/\/gebruederthonetvienna.com\/es\/profesionales\/"]}]},{"@type":"ImageObject","inLanguage":"es","@id":"https:\/\/gebruederthonetvienna.com\/es\/profesionales\/#primaryimage","url":"https:\/\/gebruederthonetvienna.com\/wp-content\/uploads\/2025\/03\/professionisti-realizzazioni-1.webp","contentUrl":"https:\/\/gebruederthonetvienna.com\/wp-content\/uploads\/2025\/03\/professionisti-realizzazioni-1.webp"},{"@type":"BreadcrumbList","@id":"https:\/\/gebruederthonetvienna.com\/es\/profesionales\/#breadcrumb","itemListElement":[{"@type":"ListItem","position":1,"name":"Home","item":"https:\/\/gebruederthonetvienna.com\/es\/"},{"@type":"ListItem","position":2,"name":"Profesionales"}]},{"@type":"WebSite","@id":"https:\/\/gebruederthonetvienna.com\/es\/#website","url":"https:\/\/gebruederthonetvienna.com\/es\/","name":"GTV","description":"","publisher":{"@id":"https:\/\/gebruederthonetvienna.com\/es\/#organization"},"potentialAction":[{"@type":"SearchAction","target":{"@type":"EntryPoint","urlTemplate":"https:\/\/gebruederthonetvienna.com\/es\/?s={search_term_string}"},"query-input":{"@type":"PropertyValueSpecification","valueRequired":true,"valueName":"search_term_string"}}],"inLanguage":"es"},{"@type":"Organization","@id":"https:\/\/gebruederthonetvienna.com\/es\/#organization","name":"GTV","url":"https:\/\/gebruederthonetvienna.com\/es\/","logo":{"@type":"ImageObject","inLanguage":"es","@id":"https:\/\/gebruederthonetvienna.com\/es\/#\/schema\/logo\/image\/","url":"https:\/\/gebruederthonetvienna.com\/wp-content\/uploads\/2025\/03\/logo-black.webp","contentUrl":"https:\/\/gebruederthonetvienna.com\/wp-content\/uploads\/2025\/03\/logo-black.webp","width":418,"height":343,"caption":"GTV"},"image":{"@id":"https:\/\/gebruederthonetvienna.com\/es\/#\/schema\/logo\/image\/"}}]}},"_links":{"self":[{"href":"https:\/\/gebruederthonetvienna.com\/es\/wp-json\/wp\/v2\/pages\/22084","targetHints":{"allow":["GET"]}}],"collection":[{"href":"https:\/\/gebruederthonetvienna.com\/es\/wp-json\/wp\/v2\/pages"}],"about":[{"href":"https:\/\/gebruederthonetvienna.com\/es\/wp-json\/wp\/v2\/types\/page"}],"author":[{"embeddable":true,"href":"https:\/\/gebruederthonetvienna.com\/es\/wp-json\/wp\/v2\/users\/9"}],"replies":[{"embeddable":true,"href":"https:\/\/gebruederthonetvienna.com\/es\/wp-json\/wp\/v2\/comments?post=22084"}],"version-history":[{"count":5,"href":"https:\/\/gebruederthonetvienna.com\/es\/wp-json\/wp\/v2\/pages\/22084\/revisions"}],"predecessor-version":[{"id":22191,"href":"https:\/\/gebruederthonetvienna.com\/es\/wp-json\/wp\/v2\/pages\/22084\/revisions\/22191"}],"wp:attachment":[{"href":"https:\/\/gebruederthonetvienna.com\/es\/wp-json\/wp\/v2\/media?parent=22084"}],"curies":[{"name":"wp","href":"https:\/\/api.w.org\/{rel}","templated":true}]}}