{"id":22049,"date":"2025-03-13T14:07:56","date_gmt":"2025-03-13T13:07:56","guid":{"rendered":"https:\/\/gebruederthonetvienna.com\/mundo-gtv\/disenadores-y-premios\/"},"modified":"2026-03-02T16:11:04","modified_gmt":"2026-03-02T15:11:04","slug":"disenadores-y-premios","status":"publish","type":"page","link":"https:\/\/gebruederthonetvienna.com\/es\/mundo-gtv\/disenadores-y-premios\/","title":{"rendered":"Dise\u00f1adores y premios"},"content":{"rendered":"<h1 style=\"padding-top:var(--wp--preset--spacing--112);padding-bottom:var(--wp--preset--spacing--112);margin-top:0;margin-bottom:0;\" class=\"has-text-align-center wp-block-post-title has-58-font-size\">Dise\u00f1adores y premios<\/h1>\n<div style=\"height:5rem\" aria-hidden=\"true\" class=\"wp-block-spacer\"><\/div>\n\n<div class=\"wp-block-group alignwide is-layout-constrained wp-container-core-group-is-layout-c42ca0b5 wp-block-group-is-layout-constrained\" style=\"padding-right:var(--wp--preset--spacing--16);padding-left:var(--wp--preset--spacing--16)\">\n<p style=\"font-style:normal;font-weight:300\">GTV colabora con dise\u00f1adores talentosos para reinterpretar la tradici\u00f3n a trav\u00e9s de un lenguaje contempor\u00e1neo. Este compromiso con la investigaci\u00f3n y la innovaci\u00f3n es reconocido a nivel internacional, con premios y menciones que avalan la excelencia de la marca en el dise\u00f1o. <\/p>\n<\/div>\n\n<div style=\"height:var(--wp--preset--spacing--80)\" aria-hidden=\"true\" class=\"wp-block-spacer\"><\/div>\n\n<h3 class=\"wp-block-heading alignfull has-text-align-center header-designer-grid has-work-sans-font-family has-28-font-size\" style=\"text-transform:uppercase\">Dise\u00f1adores<\/h3>\n\n<div style=\"height:var(--wp--preset--spacing--40)\" aria-hidden=\"true\" class=\"wp-block-spacer\"><\/div>\n<p><div class=\"facetwp-template\" data-name=\"designer\">\t<div class=\"wp-block-group alignfull is-style-designers-grid is-layout-grid wp-block-group-is-layout-grid designer_list_result\">\n\t\t\t\t\t<div class=\"single_designer relative\">\n\t\t\t\t\t\t\t\t\t\t\t\t<figure class=\"wp-block-image size-full\"><img loading=\"lazy\" decoding=\"async\" src=\"https:\/\/gebruederthonetvienna.com\/wp-content\/uploads\/2025\/04\/Antenna.jpg\" alt=\"\" class=\"wp-image-10291 mix-blend-multiply object-contain\" style=\"aspect-ratio:4\/5;object-fit:contain\"><\/figure>\n\t\t\t\t<h4 class=\"wp-block-heading has-work-sans-font-family has-16-font-size\" style=\"text-transform:uppercase\">\n\t\t\t\t\t\t\t\t\t<\/h4>\n\t\t\t\t<h3 class=\"wp-block-heading has-work-sans-font-family has-28-font-size\" style=\"text-transform:uppercase\"><a href=\"https:\/\/gebruederthonetvienna.com\/es\/designers\/antenna\/\">Antenna<\/a><\/h3>\n\t\t\t<\/div>\n\t\t\t\t\t<div class=\"single_designer relative\">\n\t\t\t\t\t\t\t\t\t\t\t\t<figure class=\"wp-block-image size-full\"><img loading=\"lazy\" decoding=\"async\" src=\"https:\/\/gebruederthonetvienna.com\/wp-content\/uploads\/2025\/03\/Chiara-Andreatti-1-683x1024-1.jpg\" alt=\"\" class=\"wp-image-10291 mix-blend-multiply object-contain\" style=\"aspect-ratio:4\/5;object-fit:contain\"><\/figure>\n\t\t\t\t<h4 class=\"wp-block-heading has-work-sans-font-family has-16-font-size\" style=\"text-transform:uppercase\">\n\t\t\t\t\t\t\t\t\t<\/h4>\n\t\t\t\t<h3 class=\"wp-block-heading has-work-sans-font-family has-28-font-size\" style=\"text-transform:uppercase\"><a href=\"https:\/\/gebruederthonetvienna.com\/es\/designers\/chiara-andreatti-3\/\">Chiara Andreatti<\/a><\/h3>\n\t\t\t<\/div>\n\t\t\t\t\t<div class=\"single_designer relative\">\n\t\t\t\t\t\t\t\t\t\t\t\t<figure class=\"wp-block-image size-full\"><img loading=\"lazy\" decoding=\"async\" src=\"https:\/\/gebruederthonetvienna.com\/wp-content\/uploads\/2025\/04\/Enzo-Mari.jpg\" alt=\"\" class=\"wp-image-10291 mix-blend-multiply object-contain\" style=\"aspect-ratio:4\/5;object-fit:contain\"><\/figure>\n\t\t\t\t<h4 class=\"wp-block-heading has-work-sans-font-family has-16-font-size\" style=\"text-transform:uppercase\">\n\t\t\t\t\t\t\t\t\t<\/h4>\n\t\t\t\t<h3 class=\"wp-block-heading has-work-sans-font-family has-28-font-size\" style=\"text-transform:uppercase\"><a href=\"https:\/\/gebruederthonetvienna.com\/es\/designers\/sergio-bicego\/\">Enzo Mari<\/a><\/h3>\n\t\t\t<\/div>\n\t\t\t\t\t<div class=\"single_designer relative\">\n\t\t\t\t\t\t\t\t\t\t\t\t<figure class=\"wp-block-image size-full\"><img loading=\"lazy\" decoding=\"async\" src=\"https:\/\/gebruederthonetvienna.com\/wp-content\/uploads\/2025\/03\/SERGIO-BICEGO-RITRATTO-2.jpg\" alt=\"\" class=\"wp-image-10291 mix-blend-multiply object-contain\" style=\"aspect-ratio:4\/5;object-fit:contain\"><\/figure>\n\t\t\t\t<h4 class=\"wp-block-heading has-work-sans-font-family has-16-font-size\" style=\"text-transform:uppercase\">\n\t\t\t\t\t\t\t\t\t<\/h4>\n\t\t\t\t<h3 class=\"wp-block-heading has-work-sans-font-family has-28-font-size\" style=\"text-transform:uppercase\"><a href=\"https:\/\/gebruederthonetvienna.com\/es\/designers\/sergio-bicego-3\/\">Sergio Bicego<\/a><\/h3>\n\t\t\t<\/div>\n\t\t\t\t\t<div class=\"single_designer relative\">\n\t\t\t\t\t\t\t\t\t\t\t\t<figure class=\"wp-block-image size-full\"><img loading=\"lazy\" decoding=\"async\" src=\"https:\/\/gebruederthonetvienna.com\/wp-content\/uploads\/2025\/03\/Francesca-De-Giorgi-bn-3.jpg\" alt=\"\" class=\"wp-image-10291 mix-blend-multiply object-contain\" style=\"aspect-ratio:4\/5;object-fit:contain\"><\/figure>\n\t\t\t\t<h4 class=\"wp-block-heading has-work-sans-font-family has-16-font-size\" style=\"text-transform:uppercase\">\n\t\t\t\t\t\t\t\t\t<\/h4>\n\t\t\t\t<h3 class=\"wp-block-heading has-work-sans-font-family has-28-font-size\" style=\"text-transform:uppercase\"><a href=\"https:\/\/gebruederthonetvienna.com\/es\/designers\/francesca-de-giorgi-3\/\">Francesca De Giorgi<\/a><\/h3>\n\t\t\t<\/div>\n\t\t\t\t\t<div class=\"single_designer relative\">\n\t\t\t\t\t\t\t\t\t\t\t\t<figure class=\"wp-block-image size-full\"><img loading=\"lazy\" decoding=\"async\" src=\"https:\/\/gebruederthonetvienna.com\/wp-content\/uploads\/2025\/03\/AB-CONCEPT_BW.jpg\" alt=\"\" class=\"wp-image-10291 mix-blend-multiply object-contain\" style=\"aspect-ratio:4\/5;object-fit:contain\"><\/figure>\n\t\t\t\t<h4 class=\"wp-block-heading has-work-sans-font-family has-16-font-size\" style=\"text-transform:uppercase\">\n\t\t\t\t\t\t\t\t\t<\/h4>\n\t\t\t\t<h3 class=\"wp-block-heading has-work-sans-font-family has-28-font-size\" style=\"text-transform:uppercase\"><a href=\"https:\/\/gebruederthonetvienna.com\/es\/designers\/ab-concept-ed-ng-3\/\">AB CONCEPT (ED NG)<\/a><\/h3>\n\t\t\t<\/div>\n\t\t\t\t\t<div class=\"single_designer relative\">\n\t\t\t\t\t\t\t\t\t\t\t\t<figure class=\"wp-block-image size-full\"><img loading=\"lazy\" decoding=\"async\" src=\"https:\/\/gebruederthonetvienna.com\/wp-content\/uploads\/2025\/03\/GebruderThonet.jpg\" alt=\"\" class=\"wp-image-10291 mix-blend-multiply object-contain\" style=\"aspect-ratio:4\/5;object-fit:contain\"><\/figure>\n\t\t\t\t<h4 class=\"wp-block-heading has-work-sans-font-family has-16-font-size\" style=\"text-transform:uppercase\">\n\t\t\t\t\t\t\t\t\t<\/h4>\n\t\t\t\t<h3 class=\"wp-block-heading has-work-sans-font-family has-28-font-size\" style=\"text-transform:uppercase\"><a href=\"https:\/\/gebruederthonetvienna.com\/es\/designers\/gebruder-thonet-vienna-gmbh-gtv-4\/\">Gebr\u00fcder Thonet Vienna Gmbh (GTV)<\/a><\/h3>\n\t\t\t<\/div>\n\t\t\t\t\t<div class=\"single_designer relative\">\n\t\t\t\t\t\t\t\t\t\t\t\t<figure class=\"wp-block-image size-full\"><img loading=\"lazy\" decoding=\"async\" src=\"https:\/\/gebruederthonetvienna.com\/wp-content\/uploads\/2025\/03\/gamper.jpg\" alt=\"\" class=\"wp-image-10291 mix-blend-multiply object-contain\" style=\"aspect-ratio:4\/5;object-fit:contain\"><\/figure>\n\t\t\t\t<h4 class=\"wp-block-heading has-work-sans-font-family has-16-font-size\" style=\"text-transform:uppercase\">\n\t\t\t\t\t\t\t\t\t<\/h4>\n\t\t\t\t<h3 class=\"wp-block-heading has-work-sans-font-family has-28-font-size\" style=\"text-transform:uppercase\"><a href=\"https:\/\/gebruederthonetvienna.com\/es\/designers\/martino-gamper-3\/\">Martino Gamper<\/a><\/h3>\n\t\t\t<\/div>\n\t\t\t<\/div>\n<script>\n\tdocument.addEventListener('facetwp-loaded', function() {\n\t\t\/\/ Forza la facet \"categoria\" a NON aggiornarsi dinamicamente\n\t\tif (FWP.loaded) {\n\t\t\tFWP.settings.facets.forEach(facet => {\n\t\t\t\tif (facet.name === 'contract_type') {\n\t\t\t\t\tfacet.soft_refresh = false;\n\t\t\t\t}\n\t\t\t});\n\t\t}\n\t});\n<\/script><\/div><div class=\"facetwp-facet facetwp-facet-load_more_designer facetwp-type-pager\" data-name=\"load_more_designer\" data-type=\"pager\"><\/div><\/p>\n\n<div style=\"height:10rem\" aria-hidden=\"true\" class=\"wp-block-spacer\"><\/div>\n\n<h3 class=\"wp-block-heading alignfull has-text-align-center has-work-sans-font-family has-28-font-size\" style=\"text-transform:uppercase\">Premios<\/h3>\n\n<div style=\"height:var(--wp--preset--spacing--40)\" aria-hidden=\"true\" class=\"wp-block-spacer\"><\/div>\n    <div class=\"wp-block-group acf-blocco-premio-prodotto\" id=\"premi-prodotti-container\">\n            <\/div>\n\n    <!-- Bottone pulito (niente classi facet) -->\n    <div class=\"wp-block-group load-more-container\">\n        <button id=\"load-more-awards\" class=\"load-more-btn\" data-loading=\"Loading...\">Carica anni precedenti<\/button>\n    <\/div>\n\n\n<script>\ndocument.addEventListener(\"DOMContentLoaded\", function () {\n    const loadMoreBtn = document.getElementById(\"load-more-awards\");\n\n    if (!loadMoreBtn) return;\n\n    const hiddenItems = document.querySelectorAll(\".hidden-award\");\n    const step = 4;\n\n    if (hiddenItems.length === 0) {\n        loadMoreBtn.style.display = \"none\";\n        return;\n    }\n\n    loadMoreBtn.addEventListener(\"click\", function () {\n        let shown = 0;\n        document.querySelectorAll(\".hidden-award\").forEach((el) => {\n            if (shown < step) {\n                el.classList.remove(\"hidden-award\");\n                shown++;\n            }\n        });\n\n        if (document.querySelectorAll(\".hidden-award\").length === 0) {\n            loadMoreBtn.style.display = \"none\";\n        }\n    });\n});\n<\/script>\n\n\n\n\n\n\n\n\n\n<div style=\"height:10rem\" aria-hidden=\"true\" class=\"wp-block-spacer\"><\/div>\n\n<div class=\"wp-block-group alignwide is-vertical is-content-justification-center is-layout-flex wp-container-core-group-is-layout-3f2d17a9 wp-block-group-is-layout-flex\" style=\"margin-top:0;margin-bottom:0\">\n<h3 class=\"wp-block-heading has-text-align-center has-work-sans-font-family has-28-font-size\">TAMBI\u00c9N TE PUEDE INTERESAR<\/h3>\n\n\n\n<div class=\"wp-block-group alignwide is-style-mobile-single-col is-style-pagine-correlate is-layout-grid wp-container-core-group-is-layout-0af59e79 wp-block-group-is-layout-grid\" style=\"margin-top:0;margin-bottom:0;padding-right:var(--wp--preset--spacing--16);padding-left:var(--wp--preset--spacing--16)\">\n<div class=\"wp-block-group wp-container-content-a56e390f is-vertical is-content-justification-left is-layout-flex wp-container-core-group-is-layout-ba62253d wp-block-group-is-layout-flex\">\n<figure class=\"wp-block-image size-full\"><img loading=\"lazy\" decoding=\"async\" width=\"680\" height=\"850\" src=\"https:\/\/gebruederthonetvienna.com\/wp-content\/themes\/gtv-theme\/assets\/img\/patterns\/mondo-brand-manifesto.webp\" alt=\"\" class=\"wp-image-207\" style=\"object-fit:cover\"\/><\/figure>\n\n\n\n<h4 class=\"wp-block-heading has-work-sans-font-family has-28-font-size\" style=\"text-transform:uppercase\"><a href=\"https:\/\/gebruederthonetvienna.com\/es\/mundo-gtv\/manifiesto-de-marca\/\">Manifiesto de Marca<\/a><\/h4>\n<\/div>\n\n\n\n<div class=\"wp-block-group wp-container-content-a56e390f is-vertical is-content-justification-left is-layout-flex wp-container-core-group-is-layout-ba62253d wp-block-group-is-layout-flex\">\n<figure class=\"wp-block-image size-full\"><img loading=\"lazy\" decoding=\"async\" width=\"680\" height=\"850\" src=\"https:\/\/gebruederthonetvienna.com\/wp-content\/themes\/gtv-theme\/assets\/img\/patterns\/mondo-curvatura.webp\" alt=\"\" class=\"wp-image-209\" style=\"object-fit:cover\"\/><\/figure>\n\n\n\n<h4 class=\"wp-block-heading has-work-sans-font-family has-28-font-size\" style=\"text-transform:uppercase\"><a href=\"https:\/\/gebruederthonetvienna.com\/es\/mundo-gtv\/la-curvatura-de-la-madera\/\">La curvatura de la madera<\/a><\/h4>\n<\/div>\n\n\n\n<div class=\"wp-block-group wp-container-content-a56e390f is-vertical is-content-justification-left is-layout-flex wp-container-core-group-is-layout-ba62253d wp-block-group-is-layout-flex\">\n<figure class=\"wp-block-image size-full\"><img loading=\"lazy\" decoding=\"async\" width=\"680\" height=\"850\" src=\"https:\/\/gebruederthonetvienna.com\/wp-content\/themes\/gtv-theme\/assets\/img\/patterns\/mondo-sostenibilita.webp\" alt=\"\" class=\"wp-image-214\"\/><\/figure>\n\n\n\n<h4 class=\"wp-block-heading has-work-sans-font-family has-28-font-size\" style=\"text-transform:uppercase\"><a href=\"https:\/\/gebruederthonetvienna.com\/es\/mundo-gtv\/sostenibilidad\/\">la sostenibilidad<\/a><\/h4>\n<\/div>\n<\/div>\n<\/div>\n\n<div class=\"wp-block-group alignfull is-layout-constrained wp-block-group-is-layout-constrained\">\n<div style=\"height:10rem\" aria-hidden=\"true\" class=\"wp-block-spacer\"><\/div>\n\n\n\n<div class=\"wp-block-group alignfull is-style-breadcrumbs is-layout-constrained wp-block-group-is-layout-constrained\"><span><span><a href=\"https:\/\/gebruederthonetvienna.com\/es\/\">Home<\/a><\/span><\/span>\n<\/div>\n<\/div>\n","protected":false},"excerpt":{"rendered":"<p>GTV colabora con dise\u00f1adores talentosos para reinterpretar la tradici\u00f3n a trav\u00e9s de un lenguaje contempor\u00e1neo. Este compromiso con la investigaci\u00f3n y la innovaci\u00f3n es reconocido a nivel internacional, con premios y menciones que avalan la excelencia de la marca en el dise\u00f1o. Dise\u00f1adores Premios TAMBI\u00c9N TE PUEDE INTERESAR Manifiesto de Marca La curvatura de la [&hellip;]<\/p>\n","protected":false},"author":9,"featured_media":0,"parent":21859,"menu_order":0,"comment_status":"closed","ping_status":"closed","template":"","meta":{"_acf_changed":false,"footnotes":""},"class_list":["post-22049","page","type-page","status-publish","hentry"],"acf":[],"yoast_head":"<!-- This site is optimized with the Yoast SEO plugin v24.7 - https:\/\/yoast.com\/wordpress\/plugins\/seo\/ -->\n<title>Dise\u00f1adores y premios - GTV<\/title>\n<meta name=\"robots\" content=\"index, follow, max-snippet:-1, max-image-preview:large, max-video-preview:-1\" \/>\n<link rel=\"canonical\" href=\"https:\/\/gebruederthonetvienna.com\/es\/mundo-gtv\/disenadores-y-premios\/\" \/>\n<meta property=\"og:locale\" content=\"es_ES\" \/>\n<meta property=\"og:type\" content=\"article\" \/>\n<meta property=\"og:title\" content=\"Dise\u00f1adores y premios - GTV\" \/>\n<meta property=\"og:description\" content=\"GTV colabora con dise\u00f1adores talentosos para reinterpretar la tradici\u00f3n a trav\u00e9s de un lenguaje contempor\u00e1neo. Este compromiso con la investigaci\u00f3n y la innovaci\u00f3n es reconocido a nivel internacional, con premios y menciones que avalan la excelencia de la marca en el dise\u00f1o. Dise\u00f1adores Premios TAMBI\u00c9N TE PUEDE INTERESAR Manifiesto de Marca La curvatura de la [&hellip;]\" \/>\n<meta property=\"og:url\" content=\"https:\/\/gebruederthonetvienna.com\/es\/mundo-gtv\/disenadores-y-premios\/\" \/>\n<meta property=\"og:site_name\" content=\"GTV\" \/>\n<meta property=\"article:modified_time\" content=\"2026-03-02T15:11:04+00:00\" \/>\n<meta property=\"og:image\" content=\"https:\/\/gebruederthonetvienna.com\/wp-content\/themes\/gtv-theme\/assets\/img\/patterns\/mondo-brand-manifesto.webp\" \/>\n<meta name=\"twitter:card\" content=\"summary_large_image\" \/>\n<script type=\"application\/ld+json\" class=\"yoast-schema-graph\">{\"@context\":\"https:\/\/schema.org\",\"@graph\":[{\"@type\":\"WebPage\",\"@id\":\"https:\/\/gebruederthonetvienna.com\/es\/mundo-gtv\/disenadores-y-premios\/\",\"url\":\"https:\/\/gebruederthonetvienna.com\/es\/mundo-gtv\/disenadores-y-premios\/\",\"name\":\"Dise\u00f1adores y premios - GTV\",\"isPartOf\":{\"@id\":\"https:\/\/gebruederthonetvienna.com\/es\/#website\"},\"primaryImageOfPage\":{\"@id\":\"https:\/\/gebruederthonetvienna.com\/es\/mundo-gtv\/disenadores-y-premios\/#primaryimage\"},\"image\":{\"@id\":\"https:\/\/gebruederthonetvienna.com\/es\/mundo-gtv\/disenadores-y-premios\/#primaryimage\"},\"thumbnailUrl\":\"https:\/\/gebruederthonetvienna.com\/wp-content\/themes\/gtv-theme\/assets\/img\/patterns\/mondo-brand-manifesto.webp\",\"datePublished\":\"2025-03-13T13:07:56+00:00\",\"dateModified\":\"2026-03-02T15:11:04+00:00\",\"breadcrumb\":{\"@id\":\"https:\/\/gebruederthonetvienna.com\/es\/mundo-gtv\/disenadores-y-premios\/#breadcrumb\"},\"inLanguage\":\"es\",\"potentialAction\":[{\"@type\":\"ReadAction\",\"target\":[\"https:\/\/gebruederthonetvienna.com\/es\/mundo-gtv\/disenadores-y-premios\/\"]}]},{\"@type\":\"ImageObject\",\"inLanguage\":\"es\",\"@id\":\"https:\/\/gebruederthonetvienna.com\/es\/mundo-gtv\/disenadores-y-premios\/#primaryimage\",\"url\":\"https:\/\/gebruederthonetvienna.com\/wp-content\/themes\/gtv-theme\/assets\/img\/patterns\/mondo-brand-manifesto.webp\",\"contentUrl\":\"https:\/\/gebruederthonetvienna.com\/wp-content\/themes\/gtv-theme\/assets\/img\/patterns\/mondo-brand-manifesto.webp\"},{\"@type\":\"BreadcrumbList\",\"@id\":\"https:\/\/gebruederthonetvienna.com\/es\/mundo-gtv\/disenadores-y-premios\/#breadcrumb\",\"itemListElement\":[{\"@type\":\"ListItem\",\"position\":1,\"name\":\"Home\",\"item\":\"https:\/\/gebruederthonetvienna.com\/es\/\"},{\"@type\":\"ListItem\",\"position\":2,\"name\":\"Mundo GTV\",\"item\":\"https:\/\/gebruederthonetvienna.com\/es\/mundo-gtv\/\"},{\"@type\":\"ListItem\",\"position\":3,\"name\":\"Dise\u00f1adores y premios\"}]},{\"@type\":\"WebSite\",\"@id\":\"https:\/\/gebruederthonetvienna.com\/es\/#website\",\"url\":\"https:\/\/gebruederthonetvienna.com\/es\/\",\"name\":\"GTV\",\"description\":\"\",\"publisher\":{\"@id\":\"https:\/\/gebruederthonetvienna.com\/es\/#organization\"},\"potentialAction\":[{\"@type\":\"SearchAction\",\"target\":{\"@type\":\"EntryPoint\",\"urlTemplate\":\"https:\/\/gebruederthonetvienna.com\/es\/?s={search_term_string}\"},\"query-input\":{\"@type\":\"PropertyValueSpecification\",\"valueRequired\":true,\"valueName\":\"search_term_string\"}}],\"inLanguage\":\"es\"},{\"@type\":\"Organization\",\"@id\":\"https:\/\/gebruederthonetvienna.com\/es\/#organization\",\"name\":\"GTV\",\"url\":\"https:\/\/gebruederthonetvienna.com\/es\/\",\"logo\":{\"@type\":\"ImageObject\",\"inLanguage\":\"es\",\"@id\":\"https:\/\/gebruederthonetvienna.com\/es\/#\/schema\/logo\/image\/\",\"url\":\"https:\/\/gebruederthonetvienna.com\/wp-content\/uploads\/2025\/03\/logo-black.webp\",\"contentUrl\":\"https:\/\/gebruederthonetvienna.com\/wp-content\/uploads\/2025\/03\/logo-black.webp\",\"width\":418,\"height\":343,\"caption\":\"GTV\"},\"image\":{\"@id\":\"https:\/\/gebruederthonetvienna.com\/es\/#\/schema\/logo\/image\/\"}}]}<\/script>\n<!-- \/ Yoast SEO plugin. -->","yoast_head_json":{"title":"Dise\u00f1adores y premios - GTV","robots":{"index":"index","follow":"follow","max-snippet":"max-snippet:-1","max-image-preview":"max-image-preview:large","max-video-preview":"max-video-preview:-1"},"canonical":"https:\/\/gebruederthonetvienna.com\/es\/mundo-gtv\/disenadores-y-premios\/","og_locale":"es_ES","og_type":"article","og_title":"Dise\u00f1adores y premios - GTV","og_description":"GTV colabora con dise\u00f1adores talentosos para reinterpretar la tradici\u00f3n a trav\u00e9s de un lenguaje contempor\u00e1neo. Este compromiso con la investigaci\u00f3n y la innovaci\u00f3n es reconocido a nivel internacional, con premios y menciones que avalan la excelencia de la marca en el dise\u00f1o. Dise\u00f1adores Premios TAMBI\u00c9N TE PUEDE INTERESAR Manifiesto de Marca La curvatura de la [&hellip;]","og_url":"https:\/\/gebruederthonetvienna.com\/es\/mundo-gtv\/disenadores-y-premios\/","og_site_name":"GTV","article_modified_time":"2026-03-02T15:11:04+00:00","og_image":[{"url":"https:\/\/gebruederthonetvienna.com\/wp-content\/themes\/gtv-theme\/assets\/img\/patterns\/mondo-brand-manifesto.webp","type":"","width":"","height":""}],"twitter_card":"summary_large_image","schema":{"@context":"https:\/\/schema.org","@graph":[{"@type":"WebPage","@id":"https:\/\/gebruederthonetvienna.com\/es\/mundo-gtv\/disenadores-y-premios\/","url":"https:\/\/gebruederthonetvienna.com\/es\/mundo-gtv\/disenadores-y-premios\/","name":"Dise\u00f1adores y premios - GTV","isPartOf":{"@id":"https:\/\/gebruederthonetvienna.com\/es\/#website"},"primaryImageOfPage":{"@id":"https:\/\/gebruederthonetvienna.com\/es\/mundo-gtv\/disenadores-y-premios\/#primaryimage"},"image":{"@id":"https:\/\/gebruederthonetvienna.com\/es\/mundo-gtv\/disenadores-y-premios\/#primaryimage"},"thumbnailUrl":"https:\/\/gebruederthonetvienna.com\/wp-content\/themes\/gtv-theme\/assets\/img\/patterns\/mondo-brand-manifesto.webp","datePublished":"2025-03-13T13:07:56+00:00","dateModified":"2026-03-02T15:11:04+00:00","breadcrumb":{"@id":"https:\/\/gebruederthonetvienna.com\/es\/mundo-gtv\/disenadores-y-premios\/#breadcrumb"},"inLanguage":"es","potentialAction":[{"@type":"ReadAction","target":["https:\/\/gebruederthonetvienna.com\/es\/mundo-gtv\/disenadores-y-premios\/"]}]},{"@type":"ImageObject","inLanguage":"es","@id":"https:\/\/gebruederthonetvienna.com\/es\/mundo-gtv\/disenadores-y-premios\/#primaryimage","url":"https:\/\/gebruederthonetvienna.com\/wp-content\/themes\/gtv-theme\/assets\/img\/patterns\/mondo-brand-manifesto.webp","contentUrl":"https:\/\/gebruederthonetvienna.com\/wp-content\/themes\/gtv-theme\/assets\/img\/patterns\/mondo-brand-manifesto.webp"},{"@type":"BreadcrumbList","@id":"https:\/\/gebruederthonetvienna.com\/es\/mundo-gtv\/disenadores-y-premios\/#breadcrumb","itemListElement":[{"@type":"ListItem","position":1,"name":"Home","item":"https:\/\/gebruederthonetvienna.com\/es\/"},{"@type":"ListItem","position":2,"name":"Mundo GTV","item":"https:\/\/gebruederthonetvienna.com\/es\/mundo-gtv\/"},{"@type":"ListItem","position":3,"name":"Dise\u00f1adores y premios"}]},{"@type":"WebSite","@id":"https:\/\/gebruederthonetvienna.com\/es\/#website","url":"https:\/\/gebruederthonetvienna.com\/es\/","name":"GTV","description":"","publisher":{"@id":"https:\/\/gebruederthonetvienna.com\/es\/#organization"},"potentialAction":[{"@type":"SearchAction","target":{"@type":"EntryPoint","urlTemplate":"https:\/\/gebruederthonetvienna.com\/es\/?s={search_term_string}"},"query-input":{"@type":"PropertyValueSpecification","valueRequired":true,"valueName":"search_term_string"}}],"inLanguage":"es"},{"@type":"Organization","@id":"https:\/\/gebruederthonetvienna.com\/es\/#organization","name":"GTV","url":"https:\/\/gebruederthonetvienna.com\/es\/","logo":{"@type":"ImageObject","inLanguage":"es","@id":"https:\/\/gebruederthonetvienna.com\/es\/#\/schema\/logo\/image\/","url":"https:\/\/gebruederthonetvienna.com\/wp-content\/uploads\/2025\/03\/logo-black.webp","contentUrl":"https:\/\/gebruederthonetvienna.com\/wp-content\/uploads\/2025\/03\/logo-black.webp","width":418,"height":343,"caption":"GTV"},"image":{"@id":"https:\/\/gebruederthonetvienna.com\/es\/#\/schema\/logo\/image\/"}}]}},"_links":{"self":[{"href":"https:\/\/gebruederthonetvienna.com\/es\/wp-json\/wp\/v2\/pages\/22049","targetHints":{"allow":["GET"]}}],"collection":[{"href":"https:\/\/gebruederthonetvienna.com\/es\/wp-json\/wp\/v2\/pages"}],"about":[{"href":"https:\/\/gebruederthonetvienna.com\/es\/wp-json\/wp\/v2\/types\/page"}],"author":[{"embeddable":true,"href":"https:\/\/gebruederthonetvienna.com\/es\/wp-json\/wp\/v2\/users\/9"}],"replies":[{"embeddable":true,"href":"https:\/\/gebruederthonetvienna.com\/es\/wp-json\/wp\/v2\/comments?post=22049"}],"version-history":[{"count":3,"href":"https:\/\/gebruederthonetvienna.com\/es\/wp-json\/wp\/v2\/pages\/22049\/revisions"}],"predecessor-version":[{"id":45606,"href":"https:\/\/gebruederthonetvienna.com\/es\/wp-json\/wp\/v2\/pages\/22049\/revisions\/45606"}],"up":[{"embeddable":true,"href":"https:\/\/gebruederthonetvienna.com\/es\/wp-json\/wp\/v2\/pages\/21859"}],"wp:attachment":[{"href":"https:\/\/gebruederthonetvienna.com\/es\/wp-json\/wp\/v2\/media?parent=22049"}],"curies":[{"name":"wp","href":"https:\/\/api.w.org\/{rel}","templated":true}]}}