{"id":21331,"date":"2025-03-13T14:07:36","date_gmt":"2025-03-13T13:07:36","guid":{"rendered":"https:\/\/gebruederthonetvienna.com\/la-curvatura-de-la-madera\/"},"modified":"2025-04-09T09:32:39","modified_gmt":"2025-04-09T07:32:39","slug":"la-curvatura-de-la-madera","status":"publish","type":"page","link":"https:\/\/gebruederthonetvienna.com\/es\/mundo-gtv\/la-curvatura-de-la-madera\/","title":{"rendered":"La curvatura de la madera"},"content":{"rendered":"\n<div class=\"wp-block-cover alignfull is-style-page-hero\"><span aria-hidden=\"true\" class=\"wp-block-cover__background has-background-dim-100 has-background-dim wp-block-cover__gradient-background has-background-gradient has-black-overlay-gradient-background\"><\/span><img loading=\"lazy\" decoding=\"async\" width=\"538\" height=\"777\" class=\"wp-block-cover__image-background wp-image-19762\" alt=\"\" src=\"https:\/\/gebruederthonetvienna.com\/wp-content\/uploads\/2025\/03\/curvatura-hero-1.webp\" data-object-fit=\"cover\" srcset=\"https:\/\/gebruederthonetvienna.com\/wp-content\/uploads\/2025\/03\/curvatura-hero-1.webp 538w, https:\/\/gebruederthonetvienna.com\/wp-content\/uploads\/2025\/03\/curvatura-hero-1-208x300.webp 208w\" sizes=\"auto, (max-width: 538px) 100vw, 538px\" \/><div class=\"wp-block-cover__inner-container is-layout-constrained wp-block-cover-is-layout-constrained\">\n<h1 class=\"wp-block-heading has-text-align-center has-58-font-size\">La curvatura de la madera<\/h1>\n<\/div><\/div>\n\n<div style=\"height:var(--wp--preset--spacing--80)\" aria-hidden=\"true\" class=\"wp-block-spacer\"><\/div>\n\n<div class=\"wp-block-group alignwide is-layout-constrained wp-container-core-group-is-layout-c42ca0b5 wp-block-group-is-layout-constrained\" style=\"padding-right:var(--wp--preset--spacing--16);padding-left:var(--wp--preset--spacing--16)\">\n<p style=\"font-style:normal;font-weight:300\">La t\u00e9cnica de curvado de la madera es un m\u00e9todo antiguo, presente en la artesan\u00eda de diversas civilizaciones, pero que permaneci\u00f3 en segundo plano durante mucho tiempo debido a su ventaja limitada en t\u00e9rminos de productividad.<\/p>\n<\/div>\n\n<div style=\"height:var(--wp--preset--spacing--80)\" aria-hidden=\"true\" class=\"wp-block-spacer\"><\/div>\n\n<div class=\"wp-block-group alignfull is-layout-grid wp-container-core-group-is-layout-2ee6572b wp-block-group-is-layout-grid\">\n<div style=\"height:100px\" aria-hidden=\"true\" class=\"wp-block-spacer\"><\/div>\n\n\n\n<figure class=\"wp-block-embed alignfull is-type-video is-provider-youtube wp-block-embed-youtube wp-embed-aspect-16-9 wp-has-aspect-ratio wp-container-content-46162e02\"><div class=\"wp-block-embed__wrapper\">\n<iframe loading=\"lazy\" title=\"The GTV Production Process\" width=\"500\" height=\"281\" src=\"https:\/\/www.youtube.com\/embed\/592pBs91790?feature=oembed\" frameborder=\"0\" allow=\"accelerometer; autoplay; clipboard-write; encrypted-media; gyroscope; picture-in-picture; web-share\" referrerpolicy=\"strict-origin-when-cross-origin\" allowfullscreen><\/iframe>\n<\/div><\/figure>\n<\/div>\n\n<div style=\"height:5rem\" aria-hidden=\"true\" class=\"wp-block-spacer\"><\/div>\n\n<div class=\"wp-block-group alignfull is-style-testo-foto is-layout-grid wp-container-core-group-is-layout-5422e1b4 wp-block-group-is-layout-grid\">\n<div style=\"height:100px\" aria-hidden=\"true\" class=\"wp-block-spacer\"><\/div>\n\n\n\n<div class=\"wp-block-group wp-container-content-e7279f90 is-layout-constrained wp-block-group-is-layout-constrained\">\n<h2 class=\"wp-block-heading has-work-sans-font-family has-28-font-size\" style=\"text-transform:uppercase\">La t\u00e9cnica<\/h2>\n\n\n\n<p class=\"wp-container-content-516f2167\" style=\"font-style:normal;font-weight:300\">La intuici\u00f3n de Michael Thonet naci\u00f3 de la observaci\u00f3n de que la madera fresca es m\u00e1s flexible que la madera seca. A partir de esta observaci\u00f3n, Thonet y algunos de sus contempor\u00e1neos experimentaron con el curvado de paquetes de finas hojas de madera, sumergidas en cola hirviendo y luego secadas en moldes r\u00edgidos. <br\/><br\/>Sin embargo, esta soluci\u00f3n no garantizaba la resistencia del producto debido a la fragilidad del adhesivo. Para superar este problema, Thonet decidi\u00f3 trabajar exclusivamente sobre las propiedades f\u00edsicas de la madera, eliminando completamente la cola de sus procesos. Para lograr una mayor flexibilidad del material, incluso despu\u00e9s del envejecimiento, aument\u00f3 la fluidez entre las fibras al exponerlas a un ambiente altamente h\u00famedo.  <\/p>\n<\/div>\n\n\n\n<div style=\"height:100px\" aria-hidden=\"true\" class=\"wp-block-spacer\"><\/div>\n\n\n\n<figure class=\"wp-block-image size-full wp-container-content-9eba275d\"><img decoding=\"async\" src=\"https:\/\/gebruederthonetvienna.com\/wp-content\/themes\/gtv-theme\/assets\/img\/patterns\/section-text-photo.webp\" alt=\"\" class=\"wp-image-243\"\/><\/figure>\n<\/div>\n\n<div style=\"height:5rem\" aria-hidden=\"true\" class=\"wp-block-spacer\"><\/div>\n\n<div class=\"wp-block-group alignfull is-style-testo-foto is-layout-grid wp-container-core-group-is-layout-5422e1b4 wp-block-group-is-layout-grid\">\n<div style=\"height:100px\" aria-hidden=\"true\" class=\"wp-block-spacer wp-container-content-4ad9bbd1\"><\/div>\n\n\n\n<figure class=\"wp-block-image size-full wp-container-content-3cb60348\"><img loading=\"lazy\" decoding=\"async\" width=\"1867\" height=\"1051\" src=\"https:\/\/gebruederthonetvienna.com\/wp-content\/uploads\/2025\/03\/curvatura-img.webp\" alt=\"\" class=\"wp-image-242\" srcset=\"https:\/\/gebruederthonetvienna.com\/wp-content\/uploads\/2025\/03\/curvatura-img.webp 1867w, https:\/\/gebruederthonetvienna.com\/wp-content\/uploads\/2025\/03\/curvatura-img-300x169.webp 300w, https:\/\/gebruederthonetvienna.com\/wp-content\/uploads\/2025\/03\/curvatura-img-1024x576.webp 1024w, https:\/\/gebruederthonetvienna.com\/wp-content\/uploads\/2025\/03\/curvatura-img-768x432.webp 768w, https:\/\/gebruederthonetvienna.com\/wp-content\/uploads\/2025\/03\/curvatura-img-1536x865.webp 1536w\" sizes=\"auto, (max-width: 1867px) 100vw, 1867px\" \/><\/figure>\n\n\n\n<div style=\"height:100px\" aria-hidden=\"true\" class=\"wp-block-spacer\"><\/div>\n<\/div>\n\n<div style=\"height:5rem\" aria-hidden=\"true\" class=\"wp-block-spacer\"><\/div>\n\n<div class=\"wp-block-group alignfull is-style-testo-foto is-layout-grid wp-container-core-group-is-layout-5422e1b4 wp-block-group-is-layout-grid\">\n<div style=\"height:100px\" aria-hidden=\"true\" class=\"wp-block-spacer\"><\/div>\n\n\n\n<figure class=\"wp-block-image size-full wp-container-content-9eba275d\"><img loading=\"lazy\" decoding=\"async\" width=\"916\" height=\"917\" src=\"https:\/\/gebruederthonetvienna.com\/wp-content\/uploads\/2025\/03\/curvatura-brevetto-1.webp\" alt=\"\" class=\"wp-image-19738\" srcset=\"https:\/\/gebruederthonetvienna.com\/wp-content\/uploads\/2025\/03\/curvatura-brevetto-1.webp 916w, https:\/\/gebruederthonetvienna.com\/wp-content\/uploads\/2025\/03\/curvatura-brevetto-1-300x300.webp 300w, https:\/\/gebruederthonetvienna.com\/wp-content\/uploads\/2025\/03\/curvatura-brevetto-1-150x150.webp 150w, https:\/\/gebruederthonetvienna.com\/wp-content\/uploads\/2025\/03\/curvatura-brevetto-1-768x769.webp 768w\" sizes=\"auto, (max-width: 916px) 100vw, 916px\" \/><\/figure>\n\n\n\n<div style=\"height:100px\" aria-hidden=\"true\" class=\"wp-block-spacer\"><\/div>\n\n\n\n<div class=\"wp-block-group wp-container-content-e7279f90 is-layout-constrained wp-block-group-is-layout-constrained\">\n<h2 class=\"wp-block-heading has-work-sans-font-family has-28-font-size\" style=\"text-transform:uppercase\">La patente<\/h2>\n\n\n\n<p class=\"wp-container-content-516f2167\" style=\"font-style:normal;font-weight:300\">En 1842, Michael Thonet patent\u00f3 el proceso que lo hizo famoso en todo el mundo: las tiras de madera (preferentemente haya, debido a sus fibras largas, regulares y sin nudos) se torneaban, se colocaban en una autoclave para absorber humedad, se doblaban con fuerza y se fijaban en moldes met\u00e1licos, para luego ser secadas. Despu\u00e9s de finalizar las piezas, se ensamblaba la \u00abpaja de Viena\u00bb, un elemento distintivo de la empresa. <br\/><br\/>Un verdadero proceso industrial, acompa\u00f1ado de la progresiva eliminaci\u00f3n de adornos y uniones, a favor de l\u00edneas rigurosas y una mayor simplificaci\u00f3n de los elementos de ensamblaje.<\/p>\n<\/div>\n<\/div>\n\n<div style=\"height:5rem\" aria-hidden=\"true\" class=\"wp-block-spacer\"><\/div>\n\n<div class=\"wp-block-group alignwide is-layout-constrained wp-container-core-group-is-layout-c42ca0b5 wp-block-group-is-layout-constrained\" style=\"padding-right:var(--wp--preset--spacing--16);padding-left:var(--wp--preset--spacing--16)\">\n<p style=\"font-style:normal;font-weight:300\">La elegancia formal, la solidez y la ligereza aseguraron el \u00e9xito de la empresa, que en pocos a\u00f1os abri\u00f3 f\u00e1bricas de producci\u00f3n en todo el mundo. Un m\u00e9todo de producci\u00f3n \u00fanico, arraigado en una historia llena de inspiraciones, que hoy se renueva a trav\u00e9s de la elecci\u00f3n de materiales de alta calidad. Las maderas, seleccionadas por su resistencia y versatilidad, se combinan con telas finas, enriqueciendo la colecci\u00f3n con refinadas tonalidades crom\u00e1ticas.  <\/p>\n<\/div>\n\n<div style=\"height:10rem\" aria-hidden=\"true\" class=\"wp-block-spacer\"><\/div>\n\n<div class=\"wp-block-group alignwide is-vertical is-content-justification-center is-layout-flex wp-container-core-group-is-layout-3f2d17a9 wp-block-group-is-layout-flex\" style=\"margin-top:0;margin-bottom:0\">\n<h3 class=\"wp-block-heading has-text-align-center has-work-sans-font-family has-28-font-size\">TAMBI\u00c9N TE PUEDE INTERESAR<\/h3>\n\n\n\n<div class=\"wp-block-group alignwide is-style-mobile-single-col is-style-pagine-correlate is-layout-grid wp-container-core-group-is-layout-0af59e79 wp-block-group-is-layout-grid\" style=\"margin-top:0;margin-bottom:0;padding-right:var(--wp--preset--spacing--16);padding-left:var(--wp--preset--spacing--16)\">\n<div class=\"wp-block-group wp-container-content-a56e390f is-vertical is-content-justification-left is-layout-flex wp-container-core-group-is-layout-ba62253d wp-block-group-is-layout-flex\">\n<figure class=\"wp-block-image size-full\"><img loading=\"lazy\" decoding=\"async\" width=\"680\" height=\"850\" src=\"https:\/\/gebruederthonetvienna.com\/wp-content\/themes\/gtv-theme\/assets\/img\/patterns\/mondo-brand-manifesto.webp\" alt=\"\" class=\"wp-image-207\" style=\"object-fit:cover\"\/><\/figure>\n\n\n\n<h4 class=\"wp-block-heading has-work-sans-font-family has-28-font-size\" style=\"text-transform:uppercase\"><a href=\"https:\/\/gebruederthonetvienna.com\/es\/mundo-gtv\/manifiesto-de-marca\/\">Manifiesto de Marca<\/a><\/h4>\n<\/div>\n\n\n\n<div class=\"wp-block-group is-style-default wp-container-content-a56e390f is-vertical is-content-justification-left is-layout-flex wp-container-core-group-is-layout-ba62253d wp-block-group-is-layout-flex\">\n<figure class=\"wp-block-image size-full\"><img loading=\"lazy\" decoding=\"async\" width=\"680\" height=\"850\" src=\"https:\/\/gebruederthonetvienna.com\/wp-content\/themes\/gtv-theme\/assets\/img\/patterns\/mondo-heritage.webp\" alt=\"\" class=\"wp-image-212\"\/><\/figure>\n\n\n\n<h4 class=\"wp-block-heading has-work-sans-font-family has-28-font-size\" style=\"text-transform:uppercase\"><a href=\"https:\/\/gebruederthonetvienna.com\/es\/mundo-gtv\/heritage\/\">Herencia<\/a><\/h4>\n<\/div>\n\n\n\n<div class=\"wp-block-group wp-container-content-a56e390f is-vertical is-content-justification-left is-layout-flex wp-container-core-group-is-layout-ba62253d wp-block-group-is-layout-flex\">\n<figure class=\"wp-block-image size-full\"><img loading=\"lazy\" decoding=\"async\" width=\"680\" height=\"850\" src=\"https:\/\/gebruederthonetvienna.com\/wp-content\/themes\/gtv-theme\/assets\/img\/patterns\/mondo-sostenibilita.webp\" alt=\"\" class=\"wp-image-214\"\/><\/figure>\n\n\n\n<h4 class=\"wp-block-heading has-work-sans-font-family has-28-font-size\" style=\"text-transform:uppercase\"><a href=\"https:\/\/gebruederthonetvienna.com\/es\/mundo-gtv\/sostenibilidad\/\">la sostenibilidad<\/a><\/h4>\n<\/div>\n<\/div>\n<\/div>\n\n<div class=\"wp-block-group alignfull is-layout-constrained wp-block-group-is-layout-constrained\">\n<div style=\"height:10rem\" aria-hidden=\"true\" class=\"wp-block-spacer\"><\/div>\n\n\n\n<div class=\"wp-block-group alignfull is-style-breadcrumbs is-layout-constrained wp-block-group-is-layout-constrained\"><span><span><a href=\"https:\/\/gebruederthonetvienna.com\/es\/\">Home<\/a><\/span><\/span>\n<\/div>\n<\/div>\n","protected":false},"excerpt":{"rendered":"<p>La t\u00e9cnica de curvado de la madera es un m\u00e9todo antiguo, presente en la artesan\u00eda de diversas civilizaciones, pero que permaneci\u00f3 en segundo plano durante mucho tiempo debido a su ventaja limitada en t\u00e9rminos de productividad. La t\u00e9cnica La intuici\u00f3n de Michael Thonet naci\u00f3 de la observaci\u00f3n de que la madera fresca es m\u00e1s flexible [&hellip;]<\/p>\n","protected":false},"author":9,"featured_media":0,"parent":21859,"menu_order":0,"comment_status":"closed","ping_status":"closed","template":"","meta":{"_acf_changed":false,"footnotes":""},"class_list":["post-21331","page","type-page","status-publish","hentry"],"acf":[],"yoast_head":"<!-- This site is optimized with the Yoast SEO plugin v24.7 - https:\/\/yoast.com\/wordpress\/plugins\/seo\/ -->\n<title>La curvatura de la madera - GTV<\/title>\n<meta name=\"robots\" content=\"index, follow, max-snippet:-1, max-image-preview:large, max-video-preview:-1\" \/>\n<link rel=\"canonical\" href=\"https:\/\/gebruederthonetvienna.com\/es\/mundo-gtv\/la-curvatura-de-la-madera\/\" \/>\n<meta property=\"og:locale\" content=\"es_ES\" \/>\n<meta property=\"og:type\" content=\"article\" \/>\n<meta property=\"og:title\" content=\"La curvatura de la madera - GTV\" \/>\n<meta property=\"og:description\" content=\"La t\u00e9cnica de curvado de la madera es un m\u00e9todo antiguo, presente en la artesan\u00eda de diversas civilizaciones, pero que permaneci\u00f3 en segundo plano durante mucho tiempo debido a su ventaja limitada en t\u00e9rminos de productividad. La t\u00e9cnica La intuici\u00f3n de Michael Thonet naci\u00f3 de la observaci\u00f3n de que la madera fresca es m\u00e1s flexible [&hellip;]\" \/>\n<meta property=\"og:url\" content=\"https:\/\/gebruederthonetvienna.com\/es\/mundo-gtv\/la-curvatura-de-la-madera\/\" \/>\n<meta property=\"og:site_name\" content=\"GTV\" \/>\n<meta property=\"article:modified_time\" content=\"2025-04-09T07:32:39+00:00\" \/>\n<meta property=\"og:image\" content=\"https:\/\/gebruederthonetvienna.com\/wp-content\/uploads\/2025\/03\/curvatura-hero-1.webp\" \/>\n\t<meta property=\"og:image:width\" content=\"538\" \/>\n\t<meta property=\"og:image:height\" content=\"777\" \/>\n\t<meta property=\"og:image:type\" content=\"image\/webp\" \/>\n<meta name=\"twitter:card\" content=\"summary_large_image\" \/>\n<meta name=\"twitter:label1\" content=\"Tiempo de lectura\" \/>\n\t<meta name=\"twitter:data1\" content=\"2 minuto\" \/>\n<script type=\"application\/ld+json\" class=\"yoast-schema-graph\">{\"@context\":\"https:\/\/schema.org\",\"@graph\":[{\"@type\":\"WebPage\",\"@id\":\"https:\/\/gebruederthonetvienna.com\/es\/mundo-gtv\/la-curvatura-de-la-madera\/\",\"url\":\"https:\/\/gebruederthonetvienna.com\/es\/mundo-gtv\/la-curvatura-de-la-madera\/\",\"name\":\"La curvatura de la madera - GTV\",\"isPartOf\":{\"@id\":\"https:\/\/gebruederthonetvienna.com\/es\/#website\"},\"primaryImageOfPage\":{\"@id\":\"https:\/\/gebruederthonetvienna.com\/es\/mundo-gtv\/la-curvatura-de-la-madera\/#primaryimage\"},\"image\":{\"@id\":\"https:\/\/gebruederthonetvienna.com\/es\/mundo-gtv\/la-curvatura-de-la-madera\/#primaryimage\"},\"thumbnailUrl\":\"https:\/\/gebruederthonetvienna.com\/wp-content\/uploads\/2025\/03\/curvatura-hero-1.webp\",\"datePublished\":\"2025-03-13T13:07:36+00:00\",\"dateModified\":\"2025-04-09T07:32:39+00:00\",\"breadcrumb\":{\"@id\":\"https:\/\/gebruederthonetvienna.com\/es\/mundo-gtv\/la-curvatura-de-la-madera\/#breadcrumb\"},\"inLanguage\":\"es\",\"potentialAction\":[{\"@type\":\"ReadAction\",\"target\":[\"https:\/\/gebruederthonetvienna.com\/es\/mundo-gtv\/la-curvatura-de-la-madera\/\"]}]},{\"@type\":\"ImageObject\",\"inLanguage\":\"es\",\"@id\":\"https:\/\/gebruederthonetvienna.com\/es\/mundo-gtv\/la-curvatura-de-la-madera\/#primaryimage\",\"url\":\"https:\/\/gebruederthonetvienna.com\/wp-content\/uploads\/2025\/03\/curvatura-hero-1.webp\",\"contentUrl\":\"https:\/\/gebruederthonetvienna.com\/wp-content\/uploads\/2025\/03\/curvatura-hero-1.webp\"},{\"@type\":\"BreadcrumbList\",\"@id\":\"https:\/\/gebruederthonetvienna.com\/es\/mundo-gtv\/la-curvatura-de-la-madera\/#breadcrumb\",\"itemListElement\":[{\"@type\":\"ListItem\",\"position\":1,\"name\":\"Home\",\"item\":\"https:\/\/gebruederthonetvienna.com\/es\/\"},{\"@type\":\"ListItem\",\"position\":2,\"name\":\"Mundo GTV\",\"item\":\"https:\/\/gebruederthonetvienna.com\/es\/mundo-gtv\/\"},{\"@type\":\"ListItem\",\"position\":3,\"name\":\"La curvatura de la madera\"}]},{\"@type\":\"WebSite\",\"@id\":\"https:\/\/gebruederthonetvienna.com\/es\/#website\",\"url\":\"https:\/\/gebruederthonetvienna.com\/es\/\",\"name\":\"GTV\",\"description\":\"\",\"publisher\":{\"@id\":\"https:\/\/gebruederthonetvienna.com\/es\/#organization\"},\"potentialAction\":[{\"@type\":\"SearchAction\",\"target\":{\"@type\":\"EntryPoint\",\"urlTemplate\":\"https:\/\/gebruederthonetvienna.com\/es\/?s={search_term_string}\"},\"query-input\":{\"@type\":\"PropertyValueSpecification\",\"valueRequired\":true,\"valueName\":\"search_term_string\"}}],\"inLanguage\":\"es\"},{\"@type\":\"Organization\",\"@id\":\"https:\/\/gebruederthonetvienna.com\/es\/#organization\",\"name\":\"GTV\",\"url\":\"https:\/\/gebruederthonetvienna.com\/es\/\",\"logo\":{\"@type\":\"ImageObject\",\"inLanguage\":\"es\",\"@id\":\"https:\/\/gebruederthonetvienna.com\/es\/#\/schema\/logo\/image\/\",\"url\":\"https:\/\/gebruederthonetvienna.com\/wp-content\/uploads\/2025\/03\/logo-black.webp\",\"contentUrl\":\"https:\/\/gebruederthonetvienna.com\/wp-content\/uploads\/2025\/03\/logo-black.webp\",\"width\":418,\"height\":343,\"caption\":\"GTV\"},\"image\":{\"@id\":\"https:\/\/gebruederthonetvienna.com\/es\/#\/schema\/logo\/image\/\"}}]}<\/script>\n<!-- \/ Yoast SEO plugin. -->","yoast_head_json":{"title":"La curvatura de la madera - GTV","robots":{"index":"index","follow":"follow","max-snippet":"max-snippet:-1","max-image-preview":"max-image-preview:large","max-video-preview":"max-video-preview:-1"},"canonical":"https:\/\/gebruederthonetvienna.com\/es\/mundo-gtv\/la-curvatura-de-la-madera\/","og_locale":"es_ES","og_type":"article","og_title":"La curvatura de la madera - GTV","og_description":"La t\u00e9cnica de curvado de la madera es un m\u00e9todo antiguo, presente en la artesan\u00eda de diversas civilizaciones, pero que permaneci\u00f3 en segundo plano durante mucho tiempo debido a su ventaja limitada en t\u00e9rminos de productividad. La t\u00e9cnica La intuici\u00f3n de Michael Thonet naci\u00f3 de la observaci\u00f3n de que la madera fresca es m\u00e1s flexible [&hellip;]","og_url":"https:\/\/gebruederthonetvienna.com\/es\/mundo-gtv\/la-curvatura-de-la-madera\/","og_site_name":"GTV","article_modified_time":"2025-04-09T07:32:39+00:00","og_image":[{"width":538,"height":777,"url":"https:\/\/gebruederthonetvienna.com\/wp-content\/uploads\/2025\/03\/curvatura-hero-1.webp","type":"image\/webp"}],"twitter_card":"summary_large_image","twitter_misc":{"Tiempo de lectura":"2 minuto"},"schema":{"@context":"https:\/\/schema.org","@graph":[{"@type":"WebPage","@id":"https:\/\/gebruederthonetvienna.com\/es\/mundo-gtv\/la-curvatura-de-la-madera\/","url":"https:\/\/gebruederthonetvienna.com\/es\/mundo-gtv\/la-curvatura-de-la-madera\/","name":"La curvatura de la madera - GTV","isPartOf":{"@id":"https:\/\/gebruederthonetvienna.com\/es\/#website"},"primaryImageOfPage":{"@id":"https:\/\/gebruederthonetvienna.com\/es\/mundo-gtv\/la-curvatura-de-la-madera\/#primaryimage"},"image":{"@id":"https:\/\/gebruederthonetvienna.com\/es\/mundo-gtv\/la-curvatura-de-la-madera\/#primaryimage"},"thumbnailUrl":"https:\/\/gebruederthonetvienna.com\/wp-content\/uploads\/2025\/03\/curvatura-hero-1.webp","datePublished":"2025-03-13T13:07:36+00:00","dateModified":"2025-04-09T07:32:39+00:00","breadcrumb":{"@id":"https:\/\/gebruederthonetvienna.com\/es\/mundo-gtv\/la-curvatura-de-la-madera\/#breadcrumb"},"inLanguage":"es","potentialAction":[{"@type":"ReadAction","target":["https:\/\/gebruederthonetvienna.com\/es\/mundo-gtv\/la-curvatura-de-la-madera\/"]}]},{"@type":"ImageObject","inLanguage":"es","@id":"https:\/\/gebruederthonetvienna.com\/es\/mundo-gtv\/la-curvatura-de-la-madera\/#primaryimage","url":"https:\/\/gebruederthonetvienna.com\/wp-content\/uploads\/2025\/03\/curvatura-hero-1.webp","contentUrl":"https:\/\/gebruederthonetvienna.com\/wp-content\/uploads\/2025\/03\/curvatura-hero-1.webp"},{"@type":"BreadcrumbList","@id":"https:\/\/gebruederthonetvienna.com\/es\/mundo-gtv\/la-curvatura-de-la-madera\/#breadcrumb","itemListElement":[{"@type":"ListItem","position":1,"name":"Home","item":"https:\/\/gebruederthonetvienna.com\/es\/"},{"@type":"ListItem","position":2,"name":"Mundo GTV","item":"https:\/\/gebruederthonetvienna.com\/es\/mundo-gtv\/"},{"@type":"ListItem","position":3,"name":"La curvatura de la madera"}]},{"@type":"WebSite","@id":"https:\/\/gebruederthonetvienna.com\/es\/#website","url":"https:\/\/gebruederthonetvienna.com\/es\/","name":"GTV","description":"","publisher":{"@id":"https:\/\/gebruederthonetvienna.com\/es\/#organization"},"potentialAction":[{"@type":"SearchAction","target":{"@type":"EntryPoint","urlTemplate":"https:\/\/gebruederthonetvienna.com\/es\/?s={search_term_string}"},"query-input":{"@type":"PropertyValueSpecification","valueRequired":true,"valueName":"search_term_string"}}],"inLanguage":"es"},{"@type":"Organization","@id":"https:\/\/gebruederthonetvienna.com\/es\/#organization","name":"GTV","url":"https:\/\/gebruederthonetvienna.com\/es\/","logo":{"@type":"ImageObject","inLanguage":"es","@id":"https:\/\/gebruederthonetvienna.com\/es\/#\/schema\/logo\/image\/","url":"https:\/\/gebruederthonetvienna.com\/wp-content\/uploads\/2025\/03\/logo-black.webp","contentUrl":"https:\/\/gebruederthonetvienna.com\/wp-content\/uploads\/2025\/03\/logo-black.webp","width":418,"height":343,"caption":"GTV"},"image":{"@id":"https:\/\/gebruederthonetvienna.com\/es\/#\/schema\/logo\/image\/"}}]}},"_links":{"self":[{"href":"https:\/\/gebruederthonetvienna.com\/es\/wp-json\/wp\/v2\/pages\/21331","targetHints":{"allow":["GET"]}}],"collection":[{"href":"https:\/\/gebruederthonetvienna.com\/es\/wp-json\/wp\/v2\/pages"}],"about":[{"href":"https:\/\/gebruederthonetvienna.com\/es\/wp-json\/wp\/v2\/types\/page"}],"author":[{"embeddable":true,"href":"https:\/\/gebruederthonetvienna.com\/es\/wp-json\/wp\/v2\/users\/9"}],"replies":[{"embeddable":true,"href":"https:\/\/gebruederthonetvienna.com\/es\/wp-json\/wp\/v2\/comments?post=21331"}],"version-history":[{"count":6,"href":"https:\/\/gebruederthonetvienna.com\/es\/wp-json\/wp\/v2\/pages\/21331\/revisions"}],"predecessor-version":[{"id":22010,"href":"https:\/\/gebruederthonetvienna.com\/es\/wp-json\/wp\/v2\/pages\/21331\/revisions\/22010"}],"up":[{"embeddable":true,"href":"https:\/\/gebruederthonetvienna.com\/es\/wp-json\/wp\/v2\/pages\/21859"}],"wp:attachment":[{"href":"https:\/\/gebruederthonetvienna.com\/es\/wp-json\/wp\/v2\/media?parent=21331"}],"curies":[{"name":"wp","href":"https:\/\/api.w.org\/{rel}","templated":true}]}}