{"id":20928,"date":"2025-03-13T14:09:19","date_gmt":"2025-03-13T13:09:19","guid":{"rendered":"https:\/\/gebruederthonetvienna.com\/contatti\/red-de-ventas\/"},"modified":"2025-04-05T12:01:46","modified_gmt":"2025-04-05T10:01:46","slug":"red-de-ventas","status":"publish","type":"page","link":"https:\/\/gebruederthonetvienna.com\/es\/contatti\/red-de-ventas\/","title":{"rendered":"Red de ventas"},"content":{"rendered":"\n<div class=\"wp-block-group alignfull is-layout-constrained wp-block-group-is-layout-constrained\"><h1 style=\"padding-top:var(--wp--preset--spacing--112);padding-bottom:var(--wp--preset--spacing--112);margin-top:0;margin-bottom:0;\" class=\"has-text-align-center wp-block-post-title has-58-font-size\">Red de ventas<\/h1>\n\n\n<div class=\"wp-block-media-text alignfull has-media-on-the-right is-stacked-on-mobile is-image-fill-element is-style-content-teaser has-light-grey-background-color has-background\" id=\"designer\"><div class=\"wp-block-media-text__content\">\n<div class=\"wp-block-group is-layout-constrained wp-container-core-group-is-layout-caa2d89a wp-block-group-is-layout-constrained\" style=\"padding-right:var(--wp--preset--spacing--80);padding-left:var(--wp--preset--spacing--80)\">\n<p><strong>Estamos actualizando esta secci\u00f3n.<\/strong><\/p>\n\n\n\n<p class=\"has-20-font-size\" style=\"font-style:normal;font-weight:300\">Pronto podr\u00e1s acceder a la lista de distribuidores, agentes y revendedores de GTV m\u00e1s cercanos a ti. Para recibir asistencia sobre pedidos o m\u00e1s informaci\u00f3n, contacta con nuestro departamento comercial.<\/p>\n\n\n\n<div class=\"wp-block-buttons is-layout-flex wp-block-buttons-is-layout-flex\">\n<div class=\"wp-block-button is-style-cta\"><a class=\"wp-block-button__link wp-element-button\" href=\"mailto:sales@gebruederthonetvienna.com\">cont\u00e1ctanos<\/a><\/div>\n<\/div>\n<\/div>\n<\/div><figure class=\"wp-block-media-text__media\"><img loading=\"lazy\" decoding=\"async\" width=\"680\" height=\"850\" src=\"https:\/\/gebruederthonetvienna.com\/wp-content\/uploads\/2025\/03\/professionisti-realizzazioni-1.webp\" alt=\"\" class=\"wp-image-19991 size-full\" style=\"object-position:50% 50%\" srcset=\"https:\/\/gebruederthonetvienna.com\/wp-content\/uploads\/2025\/03\/professionisti-realizzazioni-1.webp 680w, https:\/\/gebruederthonetvienna.com\/wp-content\/uploads\/2025\/03\/professionisti-realizzazioni-1-240x300.webp 240w\" sizes=\"auto, (max-width: 680px) 100vw, 680px\" \/><\/figure><\/div>\n\n\n\n<div style=\"height:10rem\" aria-hidden=\"true\" class=\"wp-block-spacer\"><\/div>\n\n\n\n<div class=\"wp-block-group alignfull is-style-breadcrumbs is-layout-constrained wp-block-group-is-layout-constrained\"><span><span><a href=\"https:\/\/gebruederthonetvienna.com\/es\/\">Home<\/a><\/span><\/span>\n<\/div>\n<\/div>\n","protected":false},"excerpt":{"rendered":"<p>Estamos actualizando esta secci\u00f3n. Pronto podr\u00e1s acceder a la lista de distribuidores, agentes y revendedores de GTV m\u00e1s cercanos a ti. Para recibir asistencia sobre pedidos o m\u00e1s informaci\u00f3n, contacta con nuestro departamento comercial.<\/p>\n","protected":false},"author":9,"featured_media":0,"parent":20792,"menu_order":0,"comment_status":"closed","ping_status":"closed","template":"","meta":{"_acf_changed":false,"footnotes":""},"class_list":["post-20928","page","type-page","status-publish","hentry"],"acf":[],"yoast_head":"<!-- This site is optimized with the Yoast SEO plugin v24.7 - https:\/\/yoast.com\/wordpress\/plugins\/seo\/ -->\n<title>Red de ventas - GTV<\/title>\n<meta name=\"robots\" content=\"index, follow, max-snippet:-1, max-image-preview:large, max-video-preview:-1\" \/>\n<link rel=\"canonical\" href=\"https:\/\/gebruederthonetvienna.com\/es\/contatti\/red-de-ventas\/\" \/>\n<meta property=\"og:locale\" content=\"es_ES\" \/>\n<meta property=\"og:type\" content=\"article\" \/>\n<meta property=\"og:title\" content=\"Red de ventas - GTV\" \/>\n<meta property=\"og:description\" content=\"Estamos actualizando esta secci\u00f3n. Pronto podr\u00e1s acceder a la lista de distribuidores, agentes y revendedores de GTV m\u00e1s cercanos a ti. Para recibir asistencia sobre pedidos o m\u00e1s informaci\u00f3n, contacta con nuestro departamento comercial.\" \/>\n<meta property=\"og:url\" content=\"https:\/\/gebruederthonetvienna.com\/es\/contatti\/red-de-ventas\/\" \/>\n<meta property=\"og:site_name\" content=\"GTV\" \/>\n<meta property=\"article:modified_time\" content=\"2025-04-05T10:01:46+00:00\" \/>\n<meta property=\"og:image\" content=\"https:\/\/gebruederthonetvienna.com\/wp-content\/uploads\/2025\/03\/professionisti-realizzazioni-1.webp\" \/>\n\t<meta property=\"og:image:width\" content=\"680\" \/>\n\t<meta property=\"og:image:height\" content=\"850\" \/>\n\t<meta property=\"og:image:type\" content=\"image\/webp\" \/>\n<meta name=\"twitter:card\" content=\"summary_large_image\" \/>\n<script type=\"application\/ld+json\" class=\"yoast-schema-graph\">{\"@context\":\"https:\/\/schema.org\",\"@graph\":[{\"@type\":\"WebPage\",\"@id\":\"https:\/\/gebruederthonetvienna.com\/es\/contatti\/red-de-ventas\/\",\"url\":\"https:\/\/gebruederthonetvienna.com\/es\/contatti\/red-de-ventas\/\",\"name\":\"Red de ventas - GTV\",\"isPartOf\":{\"@id\":\"https:\/\/gebruederthonetvienna.com\/es\/#website\"},\"primaryImageOfPage\":{\"@id\":\"https:\/\/gebruederthonetvienna.com\/es\/contatti\/red-de-ventas\/#primaryimage\"},\"image\":{\"@id\":\"https:\/\/gebruederthonetvienna.com\/es\/contatti\/red-de-ventas\/#primaryimage\"},\"thumbnailUrl\":\"https:\/\/gebruederthonetvienna.com\/wp-content\/uploads\/2025\/03\/professionisti-realizzazioni-1.webp\",\"datePublished\":\"2025-03-13T13:09:19+00:00\",\"dateModified\":\"2025-04-05T10:01:46+00:00\",\"breadcrumb\":{\"@id\":\"https:\/\/gebruederthonetvienna.com\/es\/contatti\/red-de-ventas\/#breadcrumb\"},\"inLanguage\":\"es\",\"potentialAction\":[{\"@type\":\"ReadAction\",\"target\":[\"https:\/\/gebruederthonetvienna.com\/es\/contatti\/red-de-ventas\/\"]}]},{\"@type\":\"ImageObject\",\"inLanguage\":\"es\",\"@id\":\"https:\/\/gebruederthonetvienna.com\/es\/contatti\/red-de-ventas\/#primaryimage\",\"url\":\"https:\/\/gebruederthonetvienna.com\/wp-content\/uploads\/2025\/03\/professionisti-realizzazioni-1.webp\",\"contentUrl\":\"https:\/\/gebruederthonetvienna.com\/wp-content\/uploads\/2025\/03\/professionisti-realizzazioni-1.webp\"},{\"@type\":\"BreadcrumbList\",\"@id\":\"https:\/\/gebruederthonetvienna.com\/es\/contatti\/red-de-ventas\/#breadcrumb\",\"itemListElement\":[{\"@type\":\"ListItem\",\"position\":1,\"name\":\"Home\",\"item\":\"https:\/\/gebruederthonetvienna.com\/es\/\"},{\"@type\":\"ListItem\",\"position\":2,\"name\":\"Contactos\",\"item\":\"https:\/\/gebruederthonetvienna.com\/es\/contatti\/\"},{\"@type\":\"ListItem\",\"position\":3,\"name\":\"Red de ventas\"}]},{\"@type\":\"WebSite\",\"@id\":\"https:\/\/gebruederthonetvienna.com\/es\/#website\",\"url\":\"https:\/\/gebruederthonetvienna.com\/es\/\",\"name\":\"GTV\",\"description\":\"\",\"publisher\":{\"@id\":\"https:\/\/gebruederthonetvienna.com\/es\/#organization\"},\"potentialAction\":[{\"@type\":\"SearchAction\",\"target\":{\"@type\":\"EntryPoint\",\"urlTemplate\":\"https:\/\/gebruederthonetvienna.com\/es\/?s={search_term_string}\"},\"query-input\":{\"@type\":\"PropertyValueSpecification\",\"valueRequired\":true,\"valueName\":\"search_term_string\"}}],\"inLanguage\":\"es\"},{\"@type\":\"Organization\",\"@id\":\"https:\/\/gebruederthonetvienna.com\/es\/#organization\",\"name\":\"GTV\",\"url\":\"https:\/\/gebruederthonetvienna.com\/es\/\",\"logo\":{\"@type\":\"ImageObject\",\"inLanguage\":\"es\",\"@id\":\"https:\/\/gebruederthonetvienna.com\/es\/#\/schema\/logo\/image\/\",\"url\":\"https:\/\/gebruederthonetvienna.com\/wp-content\/uploads\/2025\/03\/logo-black.webp\",\"contentUrl\":\"https:\/\/gebruederthonetvienna.com\/wp-content\/uploads\/2025\/03\/logo-black.webp\",\"width\":418,\"height\":343,\"caption\":\"GTV\"},\"image\":{\"@id\":\"https:\/\/gebruederthonetvienna.com\/es\/#\/schema\/logo\/image\/\"}}]}<\/script>\n<!-- \/ Yoast SEO plugin. -->","yoast_head_json":{"title":"Red de ventas - GTV","robots":{"index":"index","follow":"follow","max-snippet":"max-snippet:-1","max-image-preview":"max-image-preview:large","max-video-preview":"max-video-preview:-1"},"canonical":"https:\/\/gebruederthonetvienna.com\/es\/contatti\/red-de-ventas\/","og_locale":"es_ES","og_type":"article","og_title":"Red de ventas - GTV","og_description":"Estamos actualizando esta secci\u00f3n. Pronto podr\u00e1s acceder a la lista de distribuidores, agentes y revendedores de GTV m\u00e1s cercanos a ti. Para recibir asistencia sobre pedidos o m\u00e1s informaci\u00f3n, contacta con nuestro departamento comercial.","og_url":"https:\/\/gebruederthonetvienna.com\/es\/contatti\/red-de-ventas\/","og_site_name":"GTV","article_modified_time":"2025-04-05T10:01:46+00:00","og_image":[{"width":680,"height":850,"url":"https:\/\/gebruederthonetvienna.com\/wp-content\/uploads\/2025\/03\/professionisti-realizzazioni-1.webp","type":"image\/webp"}],"twitter_card":"summary_large_image","schema":{"@context":"https:\/\/schema.org","@graph":[{"@type":"WebPage","@id":"https:\/\/gebruederthonetvienna.com\/es\/contatti\/red-de-ventas\/","url":"https:\/\/gebruederthonetvienna.com\/es\/contatti\/red-de-ventas\/","name":"Red de ventas - GTV","isPartOf":{"@id":"https:\/\/gebruederthonetvienna.com\/es\/#website"},"primaryImageOfPage":{"@id":"https:\/\/gebruederthonetvienna.com\/es\/contatti\/red-de-ventas\/#primaryimage"},"image":{"@id":"https:\/\/gebruederthonetvienna.com\/es\/contatti\/red-de-ventas\/#primaryimage"},"thumbnailUrl":"https:\/\/gebruederthonetvienna.com\/wp-content\/uploads\/2025\/03\/professionisti-realizzazioni-1.webp","datePublished":"2025-03-13T13:09:19+00:00","dateModified":"2025-04-05T10:01:46+00:00","breadcrumb":{"@id":"https:\/\/gebruederthonetvienna.com\/es\/contatti\/red-de-ventas\/#breadcrumb"},"inLanguage":"es","potentialAction":[{"@type":"ReadAction","target":["https:\/\/gebruederthonetvienna.com\/es\/contatti\/red-de-ventas\/"]}]},{"@type":"ImageObject","inLanguage":"es","@id":"https:\/\/gebruederthonetvienna.com\/es\/contatti\/red-de-ventas\/#primaryimage","url":"https:\/\/gebruederthonetvienna.com\/wp-content\/uploads\/2025\/03\/professionisti-realizzazioni-1.webp","contentUrl":"https:\/\/gebruederthonetvienna.com\/wp-content\/uploads\/2025\/03\/professionisti-realizzazioni-1.webp"},{"@type":"BreadcrumbList","@id":"https:\/\/gebruederthonetvienna.com\/es\/contatti\/red-de-ventas\/#breadcrumb","itemListElement":[{"@type":"ListItem","position":1,"name":"Home","item":"https:\/\/gebruederthonetvienna.com\/es\/"},{"@type":"ListItem","position":2,"name":"Contactos","item":"https:\/\/gebruederthonetvienna.com\/es\/contatti\/"},{"@type":"ListItem","position":3,"name":"Red de ventas"}]},{"@type":"WebSite","@id":"https:\/\/gebruederthonetvienna.com\/es\/#website","url":"https:\/\/gebruederthonetvienna.com\/es\/","name":"GTV","description":"","publisher":{"@id":"https:\/\/gebruederthonetvienna.com\/es\/#organization"},"potentialAction":[{"@type":"SearchAction","target":{"@type":"EntryPoint","urlTemplate":"https:\/\/gebruederthonetvienna.com\/es\/?s={search_term_string}"},"query-input":{"@type":"PropertyValueSpecification","valueRequired":true,"valueName":"search_term_string"}}],"inLanguage":"es"},{"@type":"Organization","@id":"https:\/\/gebruederthonetvienna.com\/es\/#organization","name":"GTV","url":"https:\/\/gebruederthonetvienna.com\/es\/","logo":{"@type":"ImageObject","inLanguage":"es","@id":"https:\/\/gebruederthonetvienna.com\/es\/#\/schema\/logo\/image\/","url":"https:\/\/gebruederthonetvienna.com\/wp-content\/uploads\/2025\/03\/logo-black.webp","contentUrl":"https:\/\/gebruederthonetvienna.com\/wp-content\/uploads\/2025\/03\/logo-black.webp","width":418,"height":343,"caption":"GTV"},"image":{"@id":"https:\/\/gebruederthonetvienna.com\/es\/#\/schema\/logo\/image\/"}}]}},"_links":{"self":[{"href":"https:\/\/gebruederthonetvienna.com\/es\/wp-json\/wp\/v2\/pages\/20928","targetHints":{"allow":["GET"]}}],"collection":[{"href":"https:\/\/gebruederthonetvienna.com\/es\/wp-json\/wp\/v2\/pages"}],"about":[{"href":"https:\/\/gebruederthonetvienna.com\/es\/wp-json\/wp\/v2\/types\/page"}],"author":[{"embeddable":true,"href":"https:\/\/gebruederthonetvienna.com\/es\/wp-json\/wp\/v2\/users\/9"}],"replies":[{"embeddable":true,"href":"https:\/\/gebruederthonetvienna.com\/es\/wp-json\/wp\/v2\/comments?post=20928"}],"version-history":[{"count":1,"href":"https:\/\/gebruederthonetvienna.com\/es\/wp-json\/wp\/v2\/pages\/20928\/revisions"}],"predecessor-version":[{"id":20929,"href":"https:\/\/gebruederthonetvienna.com\/es\/wp-json\/wp\/v2\/pages\/20928\/revisions\/20929"}],"up":[{"embeddable":true,"href":"https:\/\/gebruederthonetvienna.com\/es\/wp-json\/wp\/v2\/pages\/20792"}],"wp:attachment":[{"href":"https:\/\/gebruederthonetvienna.com\/es\/wp-json\/wp\/v2\/media?parent=20928"}],"curies":[{"name":"wp","href":"https:\/\/api.w.org\/{rel}","templated":true}]}}