{"id":22082,"date":"2025-03-13T14:08:18","date_gmt":"2025-03-13T13:08:18","guid":{"rendered":"https:\/\/gebruederthonetvienna.com\/profis\/"},"modified":"2025-04-18T15:52:19","modified_gmt":"2025-04-18T13:52:19","slug":"profis","status":"publish","type":"page","link":"https:\/\/gebruederthonetvienna.com\/de\/profis\/","title":{"rendered":"Profis"},"content":{"rendered":"<h1 style=\"padding-top:var(--wp--preset--spacing--112);padding-bottom:var(--wp--preset--spacing--112);\" class=\"has-text-align-center wp-block-post-title has-58-font-size\">Profis<\/h1>\n<div class=\"wp-block-group alignwide is-layout-constrained wp-container-core-group-is-layout-c42ca0b5 wp-block-group-is-layout-constrained\" style=\"padding-right:var(--wp--preset--spacing--16);padding-left:var(--wp--preset--spacing--16)\">\n<p style=\"font-style:normal;font-weight:300\">Dieser Bereich ist f\u00fcr Design- und Architekturprofis gedacht, die unsere L\u00f6sungen f\u00fcr exklusive und ma\u00dfgeschneiderte Projekte erkunden m\u00f6chten. Hier finden Sie eine Auswahl an Ressourcen, um unser Konzept n\u00e4her kennenzulernen. Greifen Sie auf alles zu, was Sie brauchen, um Ihre Projekte mit der zeitlosen Eleganz von Gebr\u00fcder Thonet Vienna zum Leben zu erwecken.  <\/p>\n<\/div>\n\n<div style=\"height:var(--wp--preset--spacing--80)\" aria-hidden=\"true\" class=\"wp-block-spacer\"><\/div>\n\n<div class=\"wp-block-group alignwide is-vertical is-content-justification-center is-layout-flex wp-container-core-group-is-layout-3f2d17a9 wp-block-group-is-layout-flex\" style=\"margin-top:0;margin-bottom:0\">\n<div class=\"wp-block-group alignwide is-style-mobile-single-col is-style-pagine-correlate is-layout-grid wp-container-core-group-is-layout-0af59e79 wp-block-group-is-layout-grid\" style=\"margin-top:0;margin-bottom:0;padding-right:var(--wp--preset--spacing--16);padding-left:var(--wp--preset--spacing--16)\">\n<div class=\"wp-block-group wp-container-content-a56e390f is-vertical is-content-justification-left is-layout-flex wp-container-core-group-is-layout-ba62253d wp-block-group-is-layout-flex\">\n<figure class=\"wp-block-image size-full\"><img loading=\"lazy\" decoding=\"async\" width=\"680\" height=\"850\" src=\"https:\/\/gebruederthonetvienna.com\/wp-content\/uploads\/2025\/03\/professionisti-realizzazioni-1.webp\" alt=\"\" class=\"wp-image-19991\" style=\"object-fit:cover\" srcset=\"https:\/\/gebruederthonetvienna.com\/wp-content\/uploads\/2025\/03\/professionisti-realizzazioni-1.webp 680w, https:\/\/gebruederthonetvienna.com\/wp-content\/uploads\/2025\/03\/professionisti-realizzazioni-1-240x300.webp 240w\" sizes=\"auto, (max-width: 680px) 100vw, 680px\" \/><\/figure>\n\n\n\n<h4 class=\"wp-block-heading has-work-sans-font-family has-28-font-size\" style=\"text-transform:uppercase\"><a href=\"https:\/\/gebruederthonetvienna.com\/professionisti\/realizzazioni-custom\/\">Realizzazioni custom<\/a><\/h4>\n<\/div>\n\n\n\n<div class=\"wp-block-group is-style-default wp-container-content-a56e390f is-vertical is-content-justification-left is-layout-flex wp-container-core-group-is-layout-ba62253d wp-block-group-is-layout-flex\">\n<figure class=\"wp-block-image size-full\"><img loading=\"lazy\" decoding=\"async\" width=\"680\" height=\"850\" src=\"https:\/\/gebruederthonetvienna.com\/wp-content\/uploads\/2025\/03\/professionisti-progetti-2.webp\" alt=\"\" class=\"wp-image-19996\" srcset=\"https:\/\/gebruederthonetvienna.com\/wp-content\/uploads\/2025\/03\/professionisti-progetti-2.webp 680w, https:\/\/gebruederthonetvienna.com\/wp-content\/uploads\/2025\/03\/professionisti-progetti-2-240x300.webp 240w\" sizes=\"auto, (max-width: 680px) 100vw, 680px\" \/><\/figure>\n\n\n\n<h4 class=\"wp-block-heading has-work-sans-font-family has-28-font-size\" style=\"text-transform:uppercase\"><a href=\"https:\/\/gebruederthonetvienna.com\/progetti\/\">Progetti<\/a><\/h4>\n<\/div>\n\n\n\n<div class=\"wp-block-group wp-container-content-a56e390f is-vertical is-content-justification-left is-layout-flex wp-container-core-group-is-layout-ba62253d wp-block-group-is-layout-flex\">\n<figure class=\"wp-block-image size-full\"><img loading=\"lazy\" decoding=\"async\" width=\"680\" height=\"850\" src=\"https:\/\/gebruederthonetvienna.com\/wp-content\/uploads\/2025\/03\/professionisti-cataloghi-1.webp\" alt=\"\" class=\"wp-image-19976\" style=\"object-fit:cover\" srcset=\"https:\/\/gebruederthonetvienna.com\/wp-content\/uploads\/2025\/03\/professionisti-cataloghi-1.webp 680w, https:\/\/gebruederthonetvienna.com\/wp-content\/uploads\/2025\/03\/professionisti-cataloghi-1-240x300.webp 240w\" sizes=\"auto, (max-width: 680px) 100vw, 680px\" \/><\/figure>\n\n\n\n<h4 class=\"wp-block-heading has-work-sans-font-family has-28-font-size\" style=\"text-transform:uppercase\"><a href=\"https:\/\/gebruederthonetvienna.com\/professionisti\/cataloghi\/\">Cataloghi<\/a><\/h4>\n<\/div>\n\n\n\n<div class=\"wp-block-group wp-container-content-a56e390f is-vertical is-content-justification-left is-layout-flex wp-container-core-group-is-layout-ba62253d wp-block-group-is-layout-flex\">\n<figure class=\"wp-block-image size-full\"><img loading=\"lazy\" decoding=\"async\" width=\"680\" height=\"850\" src=\"https:\/\/gebruederthonetvienna.com\/wp-content\/uploads\/2025\/03\/professionisti-materiale-1.webp\" alt=\"\" class=\"wp-image-19981\" srcset=\"https:\/\/gebruederthonetvienna.com\/wp-content\/uploads\/2025\/03\/professionisti-materiale-1.webp 680w, https:\/\/gebruederthonetvienna.com\/wp-content\/uploads\/2025\/03\/professionisti-materiale-1-240x300.webp 240w\" sizes=\"auto, (max-width: 680px) 100vw, 680px\" \/><\/figure>\n\n\n\n<h4 class=\"wp-block-heading has-work-sans-font-family has-28-font-size\" style=\"text-transform:uppercase\"><a href=\"https:\/\/gebruederthonetvienna.com\/professionisti\/materiale-tecnico\/\">Materiale tecnico<\/a><\/h4>\n<\/div>\n<\/div>\n<\/div>\n\n<div class=\"wp-block-group alignfull is-layout-constrained wp-block-group-is-layout-constrained\">\n<div style=\"height:10rem\" aria-hidden=\"true\" class=\"wp-block-spacer\"><\/div>\n\n\n\n<div class=\"wp-block-group alignfull is-style-breadcrumbs is-layout-constrained wp-block-group-is-layout-constrained\"><span><span><a href=\"https:\/\/gebruederthonetvienna.com\/de\/\">Home<\/a><\/span><\/span>\n<\/div>\n<\/div>\n","protected":false},"excerpt":{"rendered":"<p>Dieser Bereich ist f\u00fcr Design- und Architekturprofis gedacht, die unsere L\u00f6sungen f\u00fcr exklusive und ma\u00dfgeschneiderte Projekte erkunden m\u00f6chten. Hier finden Sie eine Auswahl an Ressourcen, um unser Konzept n\u00e4her kennenzulernen. Greifen Sie auf alles zu, was Sie brauchen, um Ihre Projekte mit der zeitlosen Eleganz von Gebr\u00fcder Thonet Vienna zum Leben zu erwecken. Realizzazioni custom [&hellip;]<\/p>\n","protected":false},"author":9,"featured_media":0,"parent":0,"menu_order":0,"comment_status":"closed","ping_status":"closed","template":"","meta":{"_acf_changed":false,"footnotes":""},"class_list":["post-22082","page","type-page","status-publish","hentry"],"acf":[],"yoast_head":"<!-- This site is optimized with the Yoast SEO plugin v24.7 - https:\/\/yoast.com\/wordpress\/plugins\/seo\/ -->\n<title>Profis - GTV<\/title>\n<meta name=\"robots\" content=\"index, follow, max-snippet:-1, max-image-preview:large, max-video-preview:-1\" \/>\n<link rel=\"canonical\" href=\"https:\/\/gebruederthonetvienna.com\/de\/profis\/\" \/>\n<meta property=\"og:locale\" content=\"de_DE\" \/>\n<meta property=\"og:type\" content=\"article\" \/>\n<meta property=\"og:title\" content=\"Profis - GTV\" \/>\n<meta property=\"og:description\" content=\"Dieser Bereich ist f\u00fcr Design- und Architekturprofis gedacht, die unsere L\u00f6sungen f\u00fcr exklusive und ma\u00dfgeschneiderte Projekte erkunden m\u00f6chten. Hier finden Sie eine Auswahl an Ressourcen, um unser Konzept n\u00e4her kennenzulernen. Greifen Sie auf alles zu, was Sie brauchen, um Ihre Projekte mit der zeitlosen Eleganz von Gebr\u00fcder Thonet Vienna zum Leben zu erwecken. Realizzazioni custom [&hellip;]\" \/>\n<meta property=\"og:url\" content=\"https:\/\/gebruederthonetvienna.com\/de\/profis\/\" \/>\n<meta property=\"og:site_name\" content=\"GTV\" \/>\n<meta property=\"article:modified_time\" content=\"2025-04-18T13:52:19+00:00\" \/>\n<meta property=\"og:image\" content=\"https:\/\/gebruederthonetvienna.com\/wp-content\/uploads\/2025\/03\/professionisti-realizzazioni-1.webp\" \/>\n\t<meta property=\"og:image:width\" content=\"680\" \/>\n\t<meta property=\"og:image:height\" content=\"850\" \/>\n\t<meta property=\"og:image:type\" content=\"image\/webp\" \/>\n<meta name=\"twitter:card\" content=\"summary_large_image\" \/>\n<script type=\"application\/ld+json\" class=\"yoast-schema-graph\">{\"@context\":\"https:\/\/schema.org\",\"@graph\":[{\"@type\":\"WebPage\",\"@id\":\"https:\/\/gebruederthonetvienna.com\/de\/profis\/\",\"url\":\"https:\/\/gebruederthonetvienna.com\/de\/profis\/\",\"name\":\"Profis - GTV\",\"isPartOf\":{\"@id\":\"https:\/\/gebruederthonetvienna.com\/de\/#website\"},\"primaryImageOfPage\":{\"@id\":\"https:\/\/gebruederthonetvienna.com\/de\/profis\/#primaryimage\"},\"image\":{\"@id\":\"https:\/\/gebruederthonetvienna.com\/de\/profis\/#primaryimage\"},\"thumbnailUrl\":\"https:\/\/gebruederthonetvienna.com\/wp-content\/uploads\/2025\/03\/professionisti-realizzazioni-1.webp\",\"datePublished\":\"2025-03-13T13:08:18+00:00\",\"dateModified\":\"2025-04-18T13:52:19+00:00\",\"breadcrumb\":{\"@id\":\"https:\/\/gebruederthonetvienna.com\/de\/profis\/#breadcrumb\"},\"inLanguage\":\"de\",\"potentialAction\":[{\"@type\":\"ReadAction\",\"target\":[\"https:\/\/gebruederthonetvienna.com\/de\/profis\/\"]}]},{\"@type\":\"ImageObject\",\"inLanguage\":\"de\",\"@id\":\"https:\/\/gebruederthonetvienna.com\/de\/profis\/#primaryimage\",\"url\":\"https:\/\/gebruederthonetvienna.com\/wp-content\/uploads\/2025\/03\/professionisti-realizzazioni-1.webp\",\"contentUrl\":\"https:\/\/gebruederthonetvienna.com\/wp-content\/uploads\/2025\/03\/professionisti-realizzazioni-1.webp\"},{\"@type\":\"BreadcrumbList\",\"@id\":\"https:\/\/gebruederthonetvienna.com\/de\/profis\/#breadcrumb\",\"itemListElement\":[{\"@type\":\"ListItem\",\"position\":1,\"name\":\"Home\",\"item\":\"https:\/\/gebruederthonetvienna.com\/de\/\"},{\"@type\":\"ListItem\",\"position\":2,\"name\":\"Profis\"}]},{\"@type\":\"WebSite\",\"@id\":\"https:\/\/gebruederthonetvienna.com\/de\/#website\",\"url\":\"https:\/\/gebruederthonetvienna.com\/de\/\",\"name\":\"GTV\",\"description\":\"\",\"publisher\":{\"@id\":\"https:\/\/gebruederthonetvienna.com\/de\/#organization\"},\"potentialAction\":[{\"@type\":\"SearchAction\",\"target\":{\"@type\":\"EntryPoint\",\"urlTemplate\":\"https:\/\/gebruederthonetvienna.com\/de\/?s={search_term_string}\"},\"query-input\":{\"@type\":\"PropertyValueSpecification\",\"valueRequired\":true,\"valueName\":\"search_term_string\"}}],\"inLanguage\":\"de\"},{\"@type\":\"Organization\",\"@id\":\"https:\/\/gebruederthonetvienna.com\/de\/#organization\",\"name\":\"GTV\",\"url\":\"https:\/\/gebruederthonetvienna.com\/de\/\",\"logo\":{\"@type\":\"ImageObject\",\"inLanguage\":\"de\",\"@id\":\"https:\/\/gebruederthonetvienna.com\/de\/#\/schema\/logo\/image\/\",\"url\":\"https:\/\/gebruederthonetvienna.com\/wp-content\/uploads\/2025\/03\/logo-black.webp\",\"contentUrl\":\"https:\/\/gebruederthonetvienna.com\/wp-content\/uploads\/2025\/03\/logo-black.webp\",\"width\":418,\"height\":343,\"caption\":\"GTV\"},\"image\":{\"@id\":\"https:\/\/gebruederthonetvienna.com\/de\/#\/schema\/logo\/image\/\"}}]}<\/script>\n<!-- \/ Yoast SEO plugin. -->","yoast_head_json":{"title":"Profis - GTV","robots":{"index":"index","follow":"follow","max-snippet":"max-snippet:-1","max-image-preview":"max-image-preview:large","max-video-preview":"max-video-preview:-1"},"canonical":"https:\/\/gebruederthonetvienna.com\/de\/profis\/","og_locale":"de_DE","og_type":"article","og_title":"Profis - GTV","og_description":"Dieser Bereich ist f\u00fcr Design- und Architekturprofis gedacht, die unsere L\u00f6sungen f\u00fcr exklusive und ma\u00dfgeschneiderte Projekte erkunden m\u00f6chten. Hier finden Sie eine Auswahl an Ressourcen, um unser Konzept n\u00e4her kennenzulernen. Greifen Sie auf alles zu, was Sie brauchen, um Ihre Projekte mit der zeitlosen Eleganz von Gebr\u00fcder Thonet Vienna zum Leben zu erwecken. Realizzazioni custom [&hellip;]","og_url":"https:\/\/gebruederthonetvienna.com\/de\/profis\/","og_site_name":"GTV","article_modified_time":"2025-04-18T13:52:19+00:00","og_image":[{"width":680,"height":850,"url":"https:\/\/gebruederthonetvienna.com\/wp-content\/uploads\/2025\/03\/professionisti-realizzazioni-1.webp","type":"image\/webp"}],"twitter_card":"summary_large_image","schema":{"@context":"https:\/\/schema.org","@graph":[{"@type":"WebPage","@id":"https:\/\/gebruederthonetvienna.com\/de\/profis\/","url":"https:\/\/gebruederthonetvienna.com\/de\/profis\/","name":"Profis - GTV","isPartOf":{"@id":"https:\/\/gebruederthonetvienna.com\/de\/#website"},"primaryImageOfPage":{"@id":"https:\/\/gebruederthonetvienna.com\/de\/profis\/#primaryimage"},"image":{"@id":"https:\/\/gebruederthonetvienna.com\/de\/profis\/#primaryimage"},"thumbnailUrl":"https:\/\/gebruederthonetvienna.com\/wp-content\/uploads\/2025\/03\/professionisti-realizzazioni-1.webp","datePublished":"2025-03-13T13:08:18+00:00","dateModified":"2025-04-18T13:52:19+00:00","breadcrumb":{"@id":"https:\/\/gebruederthonetvienna.com\/de\/profis\/#breadcrumb"},"inLanguage":"de","potentialAction":[{"@type":"ReadAction","target":["https:\/\/gebruederthonetvienna.com\/de\/profis\/"]}]},{"@type":"ImageObject","inLanguage":"de","@id":"https:\/\/gebruederthonetvienna.com\/de\/profis\/#primaryimage","url":"https:\/\/gebruederthonetvienna.com\/wp-content\/uploads\/2025\/03\/professionisti-realizzazioni-1.webp","contentUrl":"https:\/\/gebruederthonetvienna.com\/wp-content\/uploads\/2025\/03\/professionisti-realizzazioni-1.webp"},{"@type":"BreadcrumbList","@id":"https:\/\/gebruederthonetvienna.com\/de\/profis\/#breadcrumb","itemListElement":[{"@type":"ListItem","position":1,"name":"Home","item":"https:\/\/gebruederthonetvienna.com\/de\/"},{"@type":"ListItem","position":2,"name":"Profis"}]},{"@type":"WebSite","@id":"https:\/\/gebruederthonetvienna.com\/de\/#website","url":"https:\/\/gebruederthonetvienna.com\/de\/","name":"GTV","description":"","publisher":{"@id":"https:\/\/gebruederthonetvienna.com\/de\/#organization"},"potentialAction":[{"@type":"SearchAction","target":{"@type":"EntryPoint","urlTemplate":"https:\/\/gebruederthonetvienna.com\/de\/?s={search_term_string}"},"query-input":{"@type":"PropertyValueSpecification","valueRequired":true,"valueName":"search_term_string"}}],"inLanguage":"de"},{"@type":"Organization","@id":"https:\/\/gebruederthonetvienna.com\/de\/#organization","name":"GTV","url":"https:\/\/gebruederthonetvienna.com\/de\/","logo":{"@type":"ImageObject","inLanguage":"de","@id":"https:\/\/gebruederthonetvienna.com\/de\/#\/schema\/logo\/image\/","url":"https:\/\/gebruederthonetvienna.com\/wp-content\/uploads\/2025\/03\/logo-black.webp","contentUrl":"https:\/\/gebruederthonetvienna.com\/wp-content\/uploads\/2025\/03\/logo-black.webp","width":418,"height":343,"caption":"GTV"},"image":{"@id":"https:\/\/gebruederthonetvienna.com\/de\/#\/schema\/logo\/image\/"}}]}},"_links":{"self":[{"href":"https:\/\/gebruederthonetvienna.com\/de\/wp-json\/wp\/v2\/pages\/22082","targetHints":{"allow":["GET"]}}],"collection":[{"href":"https:\/\/gebruederthonetvienna.com\/de\/wp-json\/wp\/v2\/pages"}],"about":[{"href":"https:\/\/gebruederthonetvienna.com\/de\/wp-json\/wp\/v2\/types\/page"}],"author":[{"embeddable":true,"href":"https:\/\/gebruederthonetvienna.com\/de\/wp-json\/wp\/v2\/users\/9"}],"replies":[{"embeddable":true,"href":"https:\/\/gebruederthonetvienna.com\/de\/wp-json\/wp\/v2\/comments?post=22082"}],"version-history":[{"count":4,"href":"https:\/\/gebruederthonetvienna.com\/de\/wp-json\/wp\/v2\/pages\/22082\/revisions"}],"predecessor-version":[{"id":31533,"href":"https:\/\/gebruederthonetvienna.com\/de\/wp-json\/wp\/v2\/pages\/22082\/revisions\/31533"}],"wp:attachment":[{"href":"https:\/\/gebruederthonetvienna.com\/de\/wp-json\/wp\/v2\/media?parent=22082"}],"curies":[{"name":"wp","href":"https:\/\/api.w.org\/{rel}","templated":true}]}}