{"id":21854,"date":"2025-03-13T14:07:03","date_gmt":"2025-03-13T13:07:03","guid":{"rendered":"https:\/\/gebruederthonetvienna.com\/gtv-welt\/"},"modified":"2025-04-09T10:07:45","modified_gmt":"2025-04-09T08:07:45","slug":"gtv-welt","status":"publish","type":"page","link":"https:\/\/gebruederthonetvienna.com\/de\/gtv-welt\/","title":{"rendered":"GTV Welt"},"content":{"rendered":"<h1 style=\"padding-top:var(--wp--preset--spacing--112);padding-bottom:var(--wp--preset--spacing--112);margin-top:0;margin-bottom:0;\" class=\"has-text-align-center wp-block-post-title has-58-font-size\">GTV Welt<\/h1>\n<div style=\"height:var(--wp--preset--spacing--40)\" aria-hidden=\"true\" class=\"wp-block-spacer\"><\/div>\n\n<div class=\"wp-block-group alignwide is-layout-constrained wp-container-core-group-is-layout-c42ca0b5 wp-block-group-is-layout-constrained\" style=\"padding-right:var(--wp--preset--spacing--16);padding-left:var(--wp--preset--spacing--16)\">\n<p style=\"font-style:normal;font-weight:300\">Entdecken Sie das Universum von Gebr\u00fcder Thonet Vienna, wo zeitloses Design auf Innovation trifft. In diesem Abschnitt erfahren Sie mehr \u00fcber unsere Geschichte, unsere Philosophie, unsere Zusammenarbeit mit den gr\u00f6\u00dften Designmeistern und die Kollektionen, die unser Angebot einzigartig machen. <\/p>\n\n\n\n<p style=\"font-style:normal;font-weight:300\">Eine Reise durch die Eleganz und Qualit\u00e4t des gebogenen Holzes, bei der jedes Produkt eine handwerkliche Tradition erz\u00e4hlt, die sich in der Gegenwart neu erfindet.<\/p>\n<\/div>\n\n<div style=\"height:5rem\" aria-hidden=\"true\" class=\"wp-block-spacer\"><\/div>\n\n<div class=\"wp-block-group alignwide is-vertical is-content-justification-center is-layout-flex wp-container-core-group-is-layout-3f2d17a9 wp-block-group-is-layout-flex\" style=\"margin-top:0;margin-bottom:0\">\n<div class=\"wp-block-group alignwide is-style-mobile-single-col is-style-pagine-correlate is-layout-grid wp-container-core-group-is-layout-0af59e79 wp-block-group-is-layout-grid\" style=\"margin-top:0;margin-bottom:0;padding-right:var(--wp--preset--spacing--16);padding-left:var(--wp--preset--spacing--16)\">\n<div class=\"wp-block-group wp-container-content-a56e390f is-vertical is-content-justification-left is-layout-flex wp-container-core-group-is-layout-ba62253d wp-block-group-is-layout-flex\">\n<figure class=\"wp-block-image size-full\"><a href=\"https:\/\/gebruederthonetvienna.com\/de\/gtv-welt\/brand-manifesto\/\"><img loading=\"lazy\" decoding=\"async\" width=\"680\" height=\"850\" src=\"https:\/\/gebruederthonetvienna.com\/wp-content\/uploads\/2025\/03\/mondo-brand-manifesto.webp\" alt=\"\" class=\"wp-image-207\" style=\"object-fit:cover\" srcset=\"https:\/\/gebruederthonetvienna.com\/wp-content\/uploads\/2025\/03\/mondo-brand-manifesto.webp 680w, https:\/\/gebruederthonetvienna.com\/wp-content\/uploads\/2025\/03\/mondo-brand-manifesto-240x300.webp 240w\" sizes=\"auto, (max-width: 680px) 100vw, 680px\" \/><\/a><\/figure>\n\n\n\n<h4 class=\"wp-block-heading has-work-sans-font-family has-28-font-size\" style=\"text-transform:uppercase\"><a href=\"https:\/\/gebruederthonetvienna.com\/de\/gtv-welt\/brand-manifesto\/\">Markenmanifest<\/a><\/h4>\n<\/div>\n\n\n\n<div class=\"wp-block-group is-style-default wp-container-content-a56e390f is-vertical is-content-justification-left is-layout-flex wp-container-core-group-is-layout-ba62253d wp-block-group-is-layout-flex\">\n<figure class=\"wp-block-image size-full\"><img loading=\"lazy\" decoding=\"async\" width=\"680\" height=\"850\" src=\"https:\/\/gebruederthonetvienna.com\/wp-content\/uploads\/2025\/03\/mondo-heritage.webp\" alt=\"\" class=\"wp-image-212\" srcset=\"https:\/\/gebruederthonetvienna.com\/wp-content\/uploads\/2025\/03\/mondo-heritage.webp 680w, https:\/\/gebruederthonetvienna.com\/wp-content\/uploads\/2025\/03\/mondo-heritage-240x300.webp 240w\" sizes=\"auto, (max-width: 680px) 100vw, 680px\" \/><\/figure>\n\n\n\n<h2 class=\"wp-block-heading has-work-sans-font-family has-28-font-size\" style=\"text-transform:uppercase\"><a href=\"https:\/\/gebruederthonetvienna.com\/de\/gtv-welt\/heritage\/\">heritage<\/a><\/h2>\n<\/div>\n\n\n\n<div class=\"wp-block-group wp-container-content-a56e390f is-vertical is-content-justification-left is-layout-flex wp-container-core-group-is-layout-ba62253d wp-block-group-is-layout-flex\">\n<figure class=\"wp-block-image size-full\"><img loading=\"lazy\" decoding=\"async\" width=\"680\" height=\"850\" src=\"https:\/\/gebruederthonetvienna.com\/wp-content\/uploads\/2025\/03\/mondo-curvatura.webp\" alt=\"\" class=\"wp-image-209\" style=\"object-fit:cover\" srcset=\"https:\/\/gebruederthonetvienna.com\/wp-content\/uploads\/2025\/03\/mondo-curvatura.webp 680w, https:\/\/gebruederthonetvienna.com\/wp-content\/uploads\/2025\/03\/mondo-curvatura-240x300.webp 240w\" sizes=\"auto, (max-width: 680px) 100vw, 680px\" \/><\/figure>\n\n\n\n<h2 class=\"wp-block-heading has-work-sans-font-family has-28-font-size\" style=\"text-transform:uppercase\"><a href=\"https:\/\/gebruederthonetvienna.com\/de\/gtv-welt\/die-kruemmung-des-holzes\/\">Die Bugholzverarbeitung<\/a><\/h2>\n<\/div>\n\n\n\n<div class=\"wp-block-group wp-container-content-a56e390f is-vertical is-content-justification-left is-layout-flex wp-container-core-group-is-layout-ba62253d wp-block-group-is-layout-flex\">\n<figure class=\"wp-block-image size-full\"><img loading=\"lazy\" decoding=\"async\" width=\"680\" height=\"850\" src=\"https:\/\/gebruederthonetvienna.com\/wp-content\/uploads\/2025\/03\/mondo-sostenibilita.webp\" alt=\"\" class=\"wp-image-214\" srcset=\"https:\/\/gebruederthonetvienna.com\/wp-content\/uploads\/2025\/03\/mondo-sostenibilita.webp 680w, https:\/\/gebruederthonetvienna.com\/wp-content\/uploads\/2025\/03\/mondo-sostenibilita-240x300.webp 240w\" sizes=\"auto, (max-width: 680px) 100vw, 680px\" \/><\/figure>\n\n\n\n<h2 class=\"wp-block-heading has-work-sans-font-family has-28-font-size\" style=\"text-transform:uppercase\"><a href=\"https:\/\/gebruederthonetvienna.com\/de\/gtv-welt\/nachhaltigkeit\/\">Nachhaltigkeit<\/a><\/h2>\n<\/div>\n\n\n\n<div class=\"wp-block-group wp-container-content-a56e390f is-vertical is-content-justification-left is-layout-flex wp-container-core-group-is-layout-ba62253d wp-block-group-is-layout-flex\">\n<figure class=\"wp-block-image size-full\"><img loading=\"lazy\" decoding=\"async\" width=\"680\" height=\"850\" src=\"https:\/\/gebruederthonetvienna.com\/wp-content\/uploads\/2025\/03\/mondo-designer.webp\" alt=\"\" class=\"wp-image-210\" srcset=\"https:\/\/gebruederthonetvienna.com\/wp-content\/uploads\/2025\/03\/mondo-designer.webp 680w, https:\/\/gebruederthonetvienna.com\/wp-content\/uploads\/2025\/03\/mondo-designer-240x300.webp 240w\" sizes=\"auto, (max-width: 680px) 100vw, 680px\" \/><\/figure>\n\n\n\n<h2 class=\"wp-block-heading has-work-sans-font-family has-28-font-size\" style=\"text-transform:uppercase\"><a href=\"https:\/\/gebruederthonetvienna.com\/de\/gtv-welt\/designer-und-auszeichnungen\/\">designer e premi<\/a><\/h2>\n<\/div>\n\n\n\n<div class=\"wp-block-group wp-container-content-a56e390f is-vertical is-content-justification-left is-layout-flex wp-container-core-group-is-layout-ba62253d wp-block-group-is-layout-flex\">\n<figure class=\"wp-block-image size-full\"><img loading=\"lazy\" decoding=\"async\" width=\"680\" height=\"850\" src=\"https:\/\/gebruederthonetvienna.com\/wp-content\/uploads\/2025\/03\/mondo-gtv-experience.webp\" alt=\"\" class=\"wp-image-211\" srcset=\"https:\/\/gebruederthonetvienna.com\/wp-content\/uploads\/2025\/03\/mondo-gtv-experience.webp 680w, https:\/\/gebruederthonetvienna.com\/wp-content\/uploads\/2025\/03\/mondo-gtv-experience-240x300.webp 240w\" sizes=\"auto, (max-width: 680px) 100vw, 680px\" \/><\/figure>\n\n\n\n<h2 class=\"wp-block-heading has-work-sans-font-family has-28-font-size\" style=\"text-transform:uppercase\"><a href=\"https:\/\/gebruederthonetvienna.com\/de\/gtv-welt\/gtv-erlebnis\/\">gtv experience | interno marche design hotel<\/a><\/h2>\n<\/div>\n<\/div>\n<\/div>\n\n<div class=\"wp-block-group alignfull is-layout-constrained wp-block-group-is-layout-constrained\">\n<div style=\"height:10rem\" aria-hidden=\"true\" class=\"wp-block-spacer\"><\/div>\n\n\n\n<div class=\"wp-block-group alignfull is-style-breadcrumbs is-layout-constrained wp-block-group-is-layout-constrained\"><span><span><a href=\"https:\/\/gebruederthonetvienna.com\/de\/\">Home<\/a><\/span><\/span>\n<\/div>\n<\/div>\n","protected":false},"excerpt":{"rendered":"<p>Entdecken Sie das Universum von Gebr\u00fcder Thonet Vienna, wo zeitloses Design auf Innovation trifft. In diesem Abschnitt erfahren Sie mehr \u00fcber unsere Geschichte, unsere Philosophie, unsere Zusammenarbeit mit den gr\u00f6\u00dften Designmeistern und die Kollektionen, die unser Angebot einzigartig machen. Eine Reise durch die Eleganz und Qualit\u00e4t des gebogenen Holzes, bei der jedes Produkt eine handwerkliche [&hellip;]<\/p>\n","protected":false},"author":9,"featured_media":0,"parent":0,"menu_order":0,"comment_status":"closed","ping_status":"closed","template":"","meta":{"_acf_changed":false,"footnotes":""},"class_list":["post-21854","page","type-page","status-publish","hentry"],"acf":[],"yoast_head":"<!-- This site is optimized with the Yoast SEO plugin v24.7 - https:\/\/yoast.com\/wordpress\/plugins\/seo\/ -->\n<title>GTV Welt - GTV<\/title>\n<meta name=\"robots\" content=\"index, follow, max-snippet:-1, max-image-preview:large, max-video-preview:-1\" \/>\n<link rel=\"canonical\" href=\"https:\/\/gebruederthonetvienna.com\/de\/gtv-welt\/\" \/>\n<meta property=\"og:locale\" content=\"de_DE\" \/>\n<meta property=\"og:type\" content=\"article\" \/>\n<meta property=\"og:title\" content=\"GTV Welt - GTV\" \/>\n<meta property=\"og:description\" content=\"Entdecken Sie das Universum von Gebr\u00fcder Thonet Vienna, wo zeitloses Design auf Innovation trifft. In diesem Abschnitt erfahren Sie mehr \u00fcber unsere Geschichte, unsere Philosophie, unsere Zusammenarbeit mit den gr\u00f6\u00dften Designmeistern und die Kollektionen, die unser Angebot einzigartig machen. Eine Reise durch die Eleganz und Qualit\u00e4t des gebogenen Holzes, bei der jedes Produkt eine handwerkliche [&hellip;]\" \/>\n<meta property=\"og:url\" content=\"https:\/\/gebruederthonetvienna.com\/de\/gtv-welt\/\" \/>\n<meta property=\"og:site_name\" content=\"GTV\" \/>\n<meta property=\"article:modified_time\" content=\"2025-04-09T08:07:45+00:00\" \/>\n<meta property=\"og:image\" content=\"https:\/\/gebruederthonetvienna.com\/wp-content\/uploads\/2025\/03\/mondo-brand-manifesto.webp\" \/>\n\t<meta property=\"og:image:width\" content=\"680\" \/>\n\t<meta property=\"og:image:height\" content=\"850\" \/>\n\t<meta property=\"og:image:type\" content=\"image\/webp\" \/>\n<meta name=\"twitter:card\" content=\"summary_large_image\" \/>\n<script type=\"application\/ld+json\" class=\"yoast-schema-graph\">{\"@context\":\"https:\/\/schema.org\",\"@graph\":[{\"@type\":\"WebPage\",\"@id\":\"https:\/\/gebruederthonetvienna.com\/de\/gtv-welt\/\",\"url\":\"https:\/\/gebruederthonetvienna.com\/de\/gtv-welt\/\",\"name\":\"GTV Welt - GTV\",\"isPartOf\":{\"@id\":\"https:\/\/gebruederthonetvienna.com\/de\/#website\"},\"primaryImageOfPage\":{\"@id\":\"https:\/\/gebruederthonetvienna.com\/de\/gtv-welt\/#primaryimage\"},\"image\":{\"@id\":\"https:\/\/gebruederthonetvienna.com\/de\/gtv-welt\/#primaryimage\"},\"thumbnailUrl\":\"https:\/\/gebruederthonetvienna.com\/wp-content\/uploads\/2025\/03\/mondo-brand-manifesto.webp\",\"datePublished\":\"2025-03-13T13:07:03+00:00\",\"dateModified\":\"2025-04-09T08:07:45+00:00\",\"breadcrumb\":{\"@id\":\"https:\/\/gebruederthonetvienna.com\/de\/gtv-welt\/#breadcrumb\"},\"inLanguage\":\"de\",\"potentialAction\":[{\"@type\":\"ReadAction\",\"target\":[\"https:\/\/gebruederthonetvienna.com\/de\/gtv-welt\/\"]}]},{\"@type\":\"ImageObject\",\"inLanguage\":\"de\",\"@id\":\"https:\/\/gebruederthonetvienna.com\/de\/gtv-welt\/#primaryimage\",\"url\":\"https:\/\/gebruederthonetvienna.com\/wp-content\/uploads\/2025\/03\/mondo-brand-manifesto.webp\",\"contentUrl\":\"https:\/\/gebruederthonetvienna.com\/wp-content\/uploads\/2025\/03\/mondo-brand-manifesto.webp\"},{\"@type\":\"BreadcrumbList\",\"@id\":\"https:\/\/gebruederthonetvienna.com\/de\/gtv-welt\/#breadcrumb\",\"itemListElement\":[{\"@type\":\"ListItem\",\"position\":1,\"name\":\"Home\",\"item\":\"https:\/\/gebruederthonetvienna.com\/de\/\"},{\"@type\":\"ListItem\",\"position\":2,\"name\":\"GTV Welt\"}]},{\"@type\":\"WebSite\",\"@id\":\"https:\/\/gebruederthonetvienna.com\/de\/#website\",\"url\":\"https:\/\/gebruederthonetvienna.com\/de\/\",\"name\":\"GTV\",\"description\":\"\",\"publisher\":{\"@id\":\"https:\/\/gebruederthonetvienna.com\/de\/#organization\"},\"potentialAction\":[{\"@type\":\"SearchAction\",\"target\":{\"@type\":\"EntryPoint\",\"urlTemplate\":\"https:\/\/gebruederthonetvienna.com\/de\/?s={search_term_string}\"},\"query-input\":{\"@type\":\"PropertyValueSpecification\",\"valueRequired\":true,\"valueName\":\"search_term_string\"}}],\"inLanguage\":\"de\"},{\"@type\":\"Organization\",\"@id\":\"https:\/\/gebruederthonetvienna.com\/de\/#organization\",\"name\":\"GTV\",\"url\":\"https:\/\/gebruederthonetvienna.com\/de\/\",\"logo\":{\"@type\":\"ImageObject\",\"inLanguage\":\"de\",\"@id\":\"https:\/\/gebruederthonetvienna.com\/de\/#\/schema\/logo\/image\/\",\"url\":\"https:\/\/gebruederthonetvienna.com\/wp-content\/uploads\/2025\/03\/logo-black.webp\",\"contentUrl\":\"https:\/\/gebruederthonetvienna.com\/wp-content\/uploads\/2025\/03\/logo-black.webp\",\"width\":418,\"height\":343,\"caption\":\"GTV\"},\"image\":{\"@id\":\"https:\/\/gebruederthonetvienna.com\/de\/#\/schema\/logo\/image\/\"}}]}<\/script>\n<!-- \/ Yoast SEO plugin. -->","yoast_head_json":{"title":"GTV Welt - GTV","robots":{"index":"index","follow":"follow","max-snippet":"max-snippet:-1","max-image-preview":"max-image-preview:large","max-video-preview":"max-video-preview:-1"},"canonical":"https:\/\/gebruederthonetvienna.com\/de\/gtv-welt\/","og_locale":"de_DE","og_type":"article","og_title":"GTV Welt - GTV","og_description":"Entdecken Sie das Universum von Gebr\u00fcder Thonet Vienna, wo zeitloses Design auf Innovation trifft. In diesem Abschnitt erfahren Sie mehr \u00fcber unsere Geschichte, unsere Philosophie, unsere Zusammenarbeit mit den gr\u00f6\u00dften Designmeistern und die Kollektionen, die unser Angebot einzigartig machen. Eine Reise durch die Eleganz und Qualit\u00e4t des gebogenen Holzes, bei der jedes Produkt eine handwerkliche [&hellip;]","og_url":"https:\/\/gebruederthonetvienna.com\/de\/gtv-welt\/","og_site_name":"GTV","article_modified_time":"2025-04-09T08:07:45+00:00","og_image":[{"width":680,"height":850,"url":"https:\/\/gebruederthonetvienna.com\/wp-content\/uploads\/2025\/03\/mondo-brand-manifesto.webp","type":"image\/webp"}],"twitter_card":"summary_large_image","schema":{"@context":"https:\/\/schema.org","@graph":[{"@type":"WebPage","@id":"https:\/\/gebruederthonetvienna.com\/de\/gtv-welt\/","url":"https:\/\/gebruederthonetvienna.com\/de\/gtv-welt\/","name":"GTV Welt - GTV","isPartOf":{"@id":"https:\/\/gebruederthonetvienna.com\/de\/#website"},"primaryImageOfPage":{"@id":"https:\/\/gebruederthonetvienna.com\/de\/gtv-welt\/#primaryimage"},"image":{"@id":"https:\/\/gebruederthonetvienna.com\/de\/gtv-welt\/#primaryimage"},"thumbnailUrl":"https:\/\/gebruederthonetvienna.com\/wp-content\/uploads\/2025\/03\/mondo-brand-manifesto.webp","datePublished":"2025-03-13T13:07:03+00:00","dateModified":"2025-04-09T08:07:45+00:00","breadcrumb":{"@id":"https:\/\/gebruederthonetvienna.com\/de\/gtv-welt\/#breadcrumb"},"inLanguage":"de","potentialAction":[{"@type":"ReadAction","target":["https:\/\/gebruederthonetvienna.com\/de\/gtv-welt\/"]}]},{"@type":"ImageObject","inLanguage":"de","@id":"https:\/\/gebruederthonetvienna.com\/de\/gtv-welt\/#primaryimage","url":"https:\/\/gebruederthonetvienna.com\/wp-content\/uploads\/2025\/03\/mondo-brand-manifesto.webp","contentUrl":"https:\/\/gebruederthonetvienna.com\/wp-content\/uploads\/2025\/03\/mondo-brand-manifesto.webp"},{"@type":"BreadcrumbList","@id":"https:\/\/gebruederthonetvienna.com\/de\/gtv-welt\/#breadcrumb","itemListElement":[{"@type":"ListItem","position":1,"name":"Home","item":"https:\/\/gebruederthonetvienna.com\/de\/"},{"@type":"ListItem","position":2,"name":"GTV Welt"}]},{"@type":"WebSite","@id":"https:\/\/gebruederthonetvienna.com\/de\/#website","url":"https:\/\/gebruederthonetvienna.com\/de\/","name":"GTV","description":"","publisher":{"@id":"https:\/\/gebruederthonetvienna.com\/de\/#organization"},"potentialAction":[{"@type":"SearchAction","target":{"@type":"EntryPoint","urlTemplate":"https:\/\/gebruederthonetvienna.com\/de\/?s={search_term_string}"},"query-input":{"@type":"PropertyValueSpecification","valueRequired":true,"valueName":"search_term_string"}}],"inLanguage":"de"},{"@type":"Organization","@id":"https:\/\/gebruederthonetvienna.com\/de\/#organization","name":"GTV","url":"https:\/\/gebruederthonetvienna.com\/de\/","logo":{"@type":"ImageObject","inLanguage":"de","@id":"https:\/\/gebruederthonetvienna.com\/de\/#\/schema\/logo\/image\/","url":"https:\/\/gebruederthonetvienna.com\/wp-content\/uploads\/2025\/03\/logo-black.webp","contentUrl":"https:\/\/gebruederthonetvienna.com\/wp-content\/uploads\/2025\/03\/logo-black.webp","width":418,"height":343,"caption":"GTV"},"image":{"@id":"https:\/\/gebruederthonetvienna.com\/de\/#\/schema\/logo\/image\/"}}]}},"_links":{"self":[{"href":"https:\/\/gebruederthonetvienna.com\/de\/wp-json\/wp\/v2\/pages\/21854","targetHints":{"allow":["GET"]}}],"collection":[{"href":"https:\/\/gebruederthonetvienna.com\/de\/wp-json\/wp\/v2\/pages"}],"about":[{"href":"https:\/\/gebruederthonetvienna.com\/de\/wp-json\/wp\/v2\/types\/page"}],"author":[{"embeddable":true,"href":"https:\/\/gebruederthonetvienna.com\/de\/wp-json\/wp\/v2\/users\/9"}],"replies":[{"embeddable":true,"href":"https:\/\/gebruederthonetvienna.com\/de\/wp-json\/wp\/v2\/comments?post=21854"}],"version-history":[{"count":4,"href":"https:\/\/gebruederthonetvienna.com\/de\/wp-json\/wp\/v2\/pages\/21854\/revisions"}],"predecessor-version":[{"id":22071,"href":"https:\/\/gebruederthonetvienna.com\/de\/wp-json\/wp\/v2\/pages\/21854\/revisions\/22071"}],"wp:attachment":[{"href":"https:\/\/gebruederthonetvienna.com\/de\/wp-json\/wp\/v2\/media?parent=21854"}],"curies":[{"name":"wp","href":"https:\/\/api.w.org\/{rel}","templated":true}]}}