{"id":21434,"date":"2025-03-13T14:08:33","date_gmt":"2025-03-13T13:08:33","guid":{"rendered":"https:\/\/gebruederthonetvienna.com\/kataloge\/"},"modified":"2025-10-23T15:27:53","modified_gmt":"2025-10-23T13:27:53","slug":"kataloge","status":"publish","type":"page","link":"https:\/\/gebruederthonetvienna.com\/de\/profis\/kataloge\/","title":{"rendered":"Kataloge"},"content":{"rendered":"\n<div class=\"wp-block-group alignfull is-layout-constrained wp-block-group-is-layout-constrained\"><h1 style=\"padding-top:var(--wp--preset--spacing--112);padding-bottom:var(--wp--preset--spacing--112);margin-top:0;margin-bottom:0;\" class=\"has-text-align-center wp-block-post-title has-58-font-size\">Kataloge<\/h1>\n\n\n<div class=\"wp-block-media-text alignfull has-media-on-the-right is-stacked-on-mobile is-image-fill-element is-style-content-teaser has-light-grey-background-color has-background\" id=\"designer\"><div class=\"wp-block-media-text__content\">\n<div class=\"wp-block-group is-layout-constrained wp-container-core-group-is-layout-caa2d89a wp-block-group-is-layout-constrained\" style=\"padding-right:var(--wp--preset--spacing--80);padding-left:var(--wp--preset--spacing--80)\">\n<h2 class=\"wp-block-heading has-work-sans-font-family has-28-font-size\" style=\"text-transform:uppercase\">Katalog 2025<\/h2>\n\n\n\n<p class=\"has-20-font-size\" style=\"font-style:normal;font-weight:300\">Entdecken Sie die gesamte Kollektion von Gebr\u00fcder Thonet Vienna im neuesten verf\u00fcgbaren Katalog.<br\/>Darin finden Sie alle unsere ikonischen, historischen und zeitgen\u00f6ssischen St\u00fccke, die Tradition und Innovation vereinen, ideal, um jeden Raum mit zeitloser Eleganz einzurichten.<br\/>Laden Sie den vollst\u00e4ndigen Katalog herunter und entdecken Sie die Details, Materialien und Oberfl\u00e4chen, die das Wesen unserer M\u00f6bel definieren.  <\/p>\n\n\n\n<div class=\"wp-block-buttons is-layout-flex wp-block-buttons-is-layout-flex\">\n<div class=\"wp-block-button is-style-cta\"><a class=\"wp-block-button__link wp-element-button\" href=\"https:\/\/gebruederthonetvienna.com\/wp-content\/uploads\/2025\/10\/Catalog-2025-3.pdf\" target=\"_blank\" rel=\"noreferrer noopener\">Katalog 2025 herunterladen<\/a><\/div>\n<\/div>\n<\/div>\n<\/div><figure class=\"wp-block-media-text__media\"><img loading=\"lazy\" decoding=\"async\" width=\"819\" height=\"1024\" src=\"https:\/\/gebruederthonetvienna.com\/wp-content\/uploads\/2025\/03\/catalogo-2024-819x1024.webp\" alt=\"\" class=\"wp-image-20022 size-full\" style=\"object-position:50% 50%\" srcset=\"https:\/\/gebruederthonetvienna.com\/wp-content\/uploads\/2025\/03\/catalogo-2024-819x1024.webp 819w, https:\/\/gebruederthonetvienna.com\/wp-content\/uploads\/2025\/03\/catalogo-2024-240x300.webp 240w, https:\/\/gebruederthonetvienna.com\/wp-content\/uploads\/2025\/03\/catalogo-2024-768x960.webp 768w, https:\/\/gebruederthonetvienna.com\/wp-content\/uploads\/2025\/03\/catalogo-2024.webp 960w\" sizes=\"auto, (max-width: 819px) 100vw, 819px\" \/><\/figure><\/div>\n<\/div>\n\n<div class=\"wp-block-group alignfull is-layout-constrained wp-block-group-is-layout-constrained\"><\/div>\n\n<div style=\"height:var(--wp--preset--spacing--80)\" aria-hidden=\"true\" class=\"wp-block-spacer\"><\/div>\n\n<div class=\"wp-block-group alignfull is-layout-constrained wp-block-group-is-layout-constrained\">\n<div class=\"wp-block-media-text alignfull is-stacked-on-mobile is-style-content-teaser has-light-grey-background-color has-background\" id=\"designer\"><figure class=\"wp-block-media-text__media\"><img loading=\"lazy\" decoding=\"async\" width=\"724\" height=\"1024\" src=\"https:\/\/gebruederthonetvienna.com\/wp-content\/uploads\/2025\/07\/Progetto-senza-titolo-724x1024.png\" alt=\"\" class=\"wp-image-38592 size-full\" srcset=\"https:\/\/gebruederthonetvienna.com\/wp-content\/uploads\/2025\/07\/Progetto-senza-titolo-724x1024.png 724w, https:\/\/gebruederthonetvienna.com\/wp-content\/uploads\/2025\/07\/Progetto-senza-titolo-212x300.png 212w, https:\/\/gebruederthonetvienna.com\/wp-content\/uploads\/2025\/07\/Progetto-senza-titolo-768x1086.png 768w, https:\/\/gebruederthonetvienna.com\/wp-content\/uploads\/2025\/07\/Progetto-senza-titolo-1086x1536.png 1086w, https:\/\/gebruederthonetvienna.com\/wp-content\/uploads\/2025\/07\/Progetto-senza-titolo.png 1414w\" sizes=\"auto, (max-width: 724px) 100vw, 724px\" \/><\/figure><div class=\"wp-block-media-text__content\">\n<div class=\"wp-block-group is-layout-constrained wp-container-core-group-is-layout-caa2d89a wp-block-group-is-layout-constrained\" style=\"padding-right:var(--wp--preset--spacing--80);padding-left:var(--wp--preset--spacing--80)\">\n<h2 class=\"wp-block-heading has-work-sans-font-family has-28-font-size\" style=\"text-transform:uppercase\">POSTER 2024<\/h2>\n\n\n\n<p>Ein praktisches und ikonisches Werkzeug \u2013 zum Nachschlagen und Aufbewahren.<br\/>Die gesamte Kollektion auf einen Blick, begleitet von allen technischen Details.  <\/p>\n\n\n\n<div class=\"wp-block-buttons is-layout-flex wp-block-buttons-is-layout-flex\">\n<div class=\"wp-block-button is-style-cta\"><a class=\"wp-block-button__link wp-element-button\" href=\"https:\/\/gebruederthonetvienna.com\/wp-content\/uploads\/2025\/07\/Poster-GTV_2024-.pdf\" target=\"_blank\" rel=\"noreferrer noopener\">Lade das Poster herunter<\/a><\/div>\n<\/div>\n<\/div>\n<\/div><\/div>\n\n\n\n<div style=\"height:100px\" aria-hidden=\"true\" class=\"wp-block-spacer\"><\/div>\n\n\n\n<h1 class=\"wp-block-heading has-text-align-center\">Slow Living Magazine<\/h1>\n\n\n\n<div style=\"height:100px\" aria-hidden=\"true\" class=\"wp-block-spacer\"><\/div>\n\n\n\n<div class=\"wp-block-media-text alignfull has-media-on-the-right is-stacked-on-mobile is-style-content-teaser has-light-grey-background-color has-background\" id=\"designer\"><div class=\"wp-block-media-text__content\">\n<div class=\"wp-block-group is-layout-constrained wp-container-core-group-is-layout-caa2d89a wp-block-group-is-layout-constrained\" style=\"padding-right:var(--wp--preset--spacing--80);padding-left:var(--wp--preset--spacing--80)\">\n<p>Slow Living Magazine | Issue N\u00b0 2<\/p>\n\n\n\n<h2 class=\"wp-block-heading has-work-sans-font-family has-28-font-size\" style=\"text-transform:uppercase\">INTERNO MARCHE<\/h2>\n\n\n\n<p class=\"has-20-font-size\" style=\"font-style:normal;font-weight:300\">Zwischen den Seiten die Geschichte von Interno Marche: ein Ort, an dem das Design von GTV auf die Geschichte trifft und sie in ein Erlebnis verwandelt. Eine Reise durch Architektur, Erinnerung und Gegenwart, die man langsam erleben sollte. <\/p>\n\n\n\n<div class=\"wp-block-buttons is-layout-flex wp-block-buttons-is-layout-flex\">\n<div class=\"wp-block-button is-style-cta\"><a class=\"wp-block-button__link wp-element-button\" href=\"https:\/\/gebruederthonetvienna.com\/wp-content\/uploads\/2025\/09\/Interno-Marche_Issue-02.pdf\" target=\"_blank\" rel=\"noreferrer noopener\">Lade das Magazin herunter<\/a><\/div>\n<\/div>\n<\/div>\n<\/div><figure class=\"wp-block-media-text__media\"><img loading=\"lazy\" decoding=\"async\" width=\"797\" height=\"1024\" src=\"https:\/\/gebruederthonetvienna.com\/wp-content\/uploads\/2025\/09\/Interno-Marche_Issue-02_pages-to-jpg-0001-797x1024.jpg\" alt=\"\" class=\"wp-image-43604 size-full\" srcset=\"https:\/\/gebruederthonetvienna.com\/wp-content\/uploads\/2025\/09\/Interno-Marche_Issue-02_pages-to-jpg-0001-797x1024.jpg 797w, https:\/\/gebruederthonetvienna.com\/wp-content\/uploads\/2025\/09\/Interno-Marche_Issue-02_pages-to-jpg-0001-233x300.jpg 233w, https:\/\/gebruederthonetvienna.com\/wp-content\/uploads\/2025\/09\/Interno-Marche_Issue-02_pages-to-jpg-0001-768x987.jpg 768w, https:\/\/gebruederthonetvienna.com\/wp-content\/uploads\/2025\/09\/Interno-Marche_Issue-02_pages-to-jpg-0001-1195x1536.jpg 1195w, https:\/\/gebruederthonetvienna.com\/wp-content\/uploads\/2025\/09\/Interno-Marche_Issue-02_pages-to-jpg-0001.jpg 1241w\" sizes=\"auto, (max-width: 797px) 100vw, 797px\" \/><\/figure><\/div>\n\n\n\n<div style=\"height:var(--wp--preset--spacing--80)\" aria-hidden=\"true\" class=\"wp-block-spacer\"><\/div>\n\n\n\n<div class=\"wp-block-media-text alignfull is-stacked-on-mobile is-style-content-teaser has-light-grey-background-color has-background\" id=\"designer\"><figure class=\"wp-block-media-text__media\"><img loading=\"lazy\" decoding=\"async\" width=\"770\" height=\"1024\" src=\"https:\/\/gebruederthonetvienna.com\/wp-content\/uploads\/2025\/07\/Slow-Living-Magazine_La-Saracena_page-0001-1-770x1024.jpg\" alt=\"\" class=\"wp-image-38587 size-full\" srcset=\"https:\/\/gebruederthonetvienna.com\/wp-content\/uploads\/2025\/07\/Slow-Living-Magazine_La-Saracena_page-0001-1-770x1024.jpg 770w, https:\/\/gebruederthonetvienna.com\/wp-content\/uploads\/2025\/07\/Slow-Living-Magazine_La-Saracena_page-0001-1-226x300.jpg 226w, https:\/\/gebruederthonetvienna.com\/wp-content\/uploads\/2025\/07\/Slow-Living-Magazine_La-Saracena_page-0001-1-768x1022.jpg 768w, https:\/\/gebruederthonetvienna.com\/wp-content\/uploads\/2025\/07\/Slow-Living-Magazine_La-Saracena_page-0001-1-1155x1536.jpg 1155w, https:\/\/gebruederthonetvienna.com\/wp-content\/uploads\/2025\/07\/Slow-Living-Magazine_La-Saracena_page-0001-1.jpg 1199w\" sizes=\"auto, (max-width: 770px) 100vw, 770px\" \/><\/figure><div class=\"wp-block-media-text__content\">\n<div class=\"wp-block-group is-layout-constrained wp-container-core-group-is-layout-caa2d89a wp-block-group-is-layout-constrained\" style=\"padding-right:var(--wp--preset--spacing--80);padding-left:var(--wp--preset--spacing--80)\">\n<p>Slow Living Magazine | Issue N\u00b0 1<\/p>\n\n\n\n<h2 class=\"wp-block-heading has-work-sans-font-family has-28-font-size\" style=\"text-transform:uppercase\">LA SARACENA<\/h2>\n\n\n\n<p class=\"has-20-font-size\" style=\"font-style:normal;font-weight:300\">In der raffinierten Stille der Villa La Saracena verlangsamt sich die Zeit und macht Platz f\u00fcr die Kontemplation.<br\/>Design, Architektur und Natur treten in einen harmonischen Dialog und offenbaren eine neue Art zu wohnen: bewusster, tiefgr\u00fcndiger.<\/p>\n\n\n\n<p>Mit <em>Slow Living Magazine<\/em> feiern wir die Sch\u00f6nheit der Details und die Kunst des langsamen Lebens.<\/p>\n\n\n\n<div class=\"wp-block-buttons is-layout-flex wp-block-buttons-is-layout-flex\">\n<div class=\"wp-block-button is-style-cta\"><a class=\"wp-block-button__link wp-element-button\" href=\"https:\/\/gebruederthonetvienna.com\/wp-content\/uploads\/2025\/09\/Saracena_Issue_01.pdf\" target=\"_blank\" rel=\"noreferrer noopener\">Lade das Magazin herunter<\/a><\/div>\n<\/div>\n<\/div>\n<\/div><\/div>\n<\/div>\n\n<div style=\"height:var(--wp--preset--spacing--160)\" aria-hidden=\"true\" class=\"wp-block-spacer\"><\/div>\n\n<div class=\"wp-block-group alignfull is-style-breadcrumbs is-layout-constrained wp-block-group-is-layout-constrained\"><span><span><a href=\"https:\/\/gebruederthonetvienna.com\/de\/\">Home<\/a><\/span><\/span>\n<\/div>\n","protected":false},"excerpt":{"rendered":"<p>Katalog 2025 Entdecken Sie die gesamte Kollektion von Gebr\u00fcder Thonet Vienna im neuesten verf\u00fcgbaren Katalog.Darin finden Sie alle unsere ikonischen, historischen und zeitgen\u00f6ssischen St\u00fccke, die Tradition und Innovation vereinen, ideal, um jeden Raum mit zeitloser Eleganz einzurichten.Laden Sie den vollst\u00e4ndigen Katalog herunter und entdecken Sie die Details, Materialien und Oberfl\u00e4chen, die das Wesen unserer M\u00f6bel [&hellip;]<\/p>\n","protected":false},"author":9,"featured_media":0,"parent":22082,"menu_order":0,"comment_status":"closed","ping_status":"closed","template":"","meta":{"_acf_changed":false,"footnotes":""},"class_list":["post-21434","page","type-page","status-publish","hentry"],"acf":[],"yoast_head":"<!-- This site is optimized with the Yoast SEO plugin v24.7 - https:\/\/yoast.com\/wordpress\/plugins\/seo\/ -->\n<title>Kataloge - GTV<\/title>\n<meta name=\"robots\" content=\"index, follow, max-snippet:-1, max-image-preview:large, max-video-preview:-1\" \/>\n<link rel=\"canonical\" href=\"https:\/\/gebruederthonetvienna.com\/de\/profis\/kataloge\/\" \/>\n<meta property=\"og:locale\" content=\"de_DE\" \/>\n<meta property=\"og:type\" content=\"article\" \/>\n<meta property=\"og:title\" content=\"Kataloge - GTV\" \/>\n<meta property=\"og:description\" content=\"Katalog 2025 Entdecken Sie die gesamte Kollektion von Gebr\u00fcder Thonet Vienna im neuesten verf\u00fcgbaren Katalog.Darin finden Sie alle unsere ikonischen, historischen und zeitgen\u00f6ssischen St\u00fccke, die Tradition und Innovation vereinen, ideal, um jeden Raum mit zeitloser Eleganz einzurichten.Laden Sie den vollst\u00e4ndigen Katalog herunter und entdecken Sie die Details, Materialien und Oberfl\u00e4chen, die das Wesen unserer M\u00f6bel [&hellip;]\" \/>\n<meta property=\"og:url\" content=\"https:\/\/gebruederthonetvienna.com\/de\/profis\/kataloge\/\" \/>\n<meta property=\"og:site_name\" content=\"GTV\" \/>\n<meta property=\"article:modified_time\" content=\"2025-10-23T13:27:53+00:00\" \/>\n<meta property=\"og:image\" content=\"https:\/\/gebruederthonetvienna.com\/wp-content\/uploads\/2025\/03\/catalogo-2024.webp\" \/>\n\t<meta property=\"og:image:width\" content=\"960\" \/>\n\t<meta property=\"og:image:height\" content=\"1200\" \/>\n\t<meta property=\"og:image:type\" content=\"image\/webp\" \/>\n<meta name=\"twitter:card\" content=\"summary_large_image\" \/>\n<meta name=\"twitter:label1\" content=\"Gesch\u00e4tzte Lesezeit\" \/>\n\t<meta name=\"twitter:data1\" content=\"1\u00a0Minute\" \/>\n<script type=\"application\/ld+json\" class=\"yoast-schema-graph\">{\"@context\":\"https:\/\/schema.org\",\"@graph\":[{\"@type\":\"WebPage\",\"@id\":\"https:\/\/gebruederthonetvienna.com\/de\/profis\/kataloge\/\",\"url\":\"https:\/\/gebruederthonetvienna.com\/de\/profis\/kataloge\/\",\"name\":\"Kataloge - GTV\",\"isPartOf\":{\"@id\":\"https:\/\/gebruederthonetvienna.com\/de\/#website\"},\"primaryImageOfPage\":{\"@id\":\"https:\/\/gebruederthonetvienna.com\/de\/profis\/kataloge\/#primaryimage\"},\"image\":{\"@id\":\"https:\/\/gebruederthonetvienna.com\/de\/profis\/kataloge\/#primaryimage\"},\"thumbnailUrl\":\"https:\/\/gebruederthonetvienna.com\/wp-content\/uploads\/2025\/03\/catalogo-2024-819x1024.webp\",\"datePublished\":\"2025-03-13T13:08:33+00:00\",\"dateModified\":\"2025-10-23T13:27:53+00:00\",\"breadcrumb\":{\"@id\":\"https:\/\/gebruederthonetvienna.com\/de\/profis\/kataloge\/#breadcrumb\"},\"inLanguage\":\"de\",\"potentialAction\":[{\"@type\":\"ReadAction\",\"target\":[\"https:\/\/gebruederthonetvienna.com\/de\/profis\/kataloge\/\"]}]},{\"@type\":\"ImageObject\",\"inLanguage\":\"de\",\"@id\":\"https:\/\/gebruederthonetvienna.com\/de\/profis\/kataloge\/#primaryimage\",\"url\":\"https:\/\/gebruederthonetvienna.com\/wp-content\/uploads\/2025\/03\/catalogo-2024-819x1024.webp\",\"contentUrl\":\"https:\/\/gebruederthonetvienna.com\/wp-content\/uploads\/2025\/03\/catalogo-2024-819x1024.webp\"},{\"@type\":\"BreadcrumbList\",\"@id\":\"https:\/\/gebruederthonetvienna.com\/de\/profis\/kataloge\/#breadcrumb\",\"itemListElement\":[{\"@type\":\"ListItem\",\"position\":1,\"name\":\"Home\",\"item\":\"https:\/\/gebruederthonetvienna.com\/de\/\"},{\"@type\":\"ListItem\",\"position\":2,\"name\":\"Profis\",\"item\":\"https:\/\/gebruederthonetvienna.com\/de\/profis\/\"},{\"@type\":\"ListItem\",\"position\":3,\"name\":\"Kataloge\"}]},{\"@type\":\"WebSite\",\"@id\":\"https:\/\/gebruederthonetvienna.com\/de\/#website\",\"url\":\"https:\/\/gebruederthonetvienna.com\/de\/\",\"name\":\"GTV\",\"description\":\"\",\"publisher\":{\"@id\":\"https:\/\/gebruederthonetvienna.com\/de\/#organization\"},\"potentialAction\":[{\"@type\":\"SearchAction\",\"target\":{\"@type\":\"EntryPoint\",\"urlTemplate\":\"https:\/\/gebruederthonetvienna.com\/de\/?s={search_term_string}\"},\"query-input\":{\"@type\":\"PropertyValueSpecification\",\"valueRequired\":true,\"valueName\":\"search_term_string\"}}],\"inLanguage\":\"de\"},{\"@type\":\"Organization\",\"@id\":\"https:\/\/gebruederthonetvienna.com\/de\/#organization\",\"name\":\"GTV\",\"url\":\"https:\/\/gebruederthonetvienna.com\/de\/\",\"logo\":{\"@type\":\"ImageObject\",\"inLanguage\":\"de\",\"@id\":\"https:\/\/gebruederthonetvienna.com\/de\/#\/schema\/logo\/image\/\",\"url\":\"https:\/\/gebruederthonetvienna.com\/wp-content\/uploads\/2025\/03\/logo-black.webp\",\"contentUrl\":\"https:\/\/gebruederthonetvienna.com\/wp-content\/uploads\/2025\/03\/logo-black.webp\",\"width\":418,\"height\":343,\"caption\":\"GTV\"},\"image\":{\"@id\":\"https:\/\/gebruederthonetvienna.com\/de\/#\/schema\/logo\/image\/\"}}]}<\/script>\n<!-- \/ Yoast SEO plugin. -->","yoast_head_json":{"title":"Kataloge - GTV","robots":{"index":"index","follow":"follow","max-snippet":"max-snippet:-1","max-image-preview":"max-image-preview:large","max-video-preview":"max-video-preview:-1"},"canonical":"https:\/\/gebruederthonetvienna.com\/de\/profis\/kataloge\/","og_locale":"de_DE","og_type":"article","og_title":"Kataloge - GTV","og_description":"Katalog 2025 Entdecken Sie die gesamte Kollektion von Gebr\u00fcder Thonet Vienna im neuesten verf\u00fcgbaren Katalog.Darin finden Sie alle unsere ikonischen, historischen und zeitgen\u00f6ssischen St\u00fccke, die Tradition und Innovation vereinen, ideal, um jeden Raum mit zeitloser Eleganz einzurichten.Laden Sie den vollst\u00e4ndigen Katalog herunter und entdecken Sie die Details, Materialien und Oberfl\u00e4chen, die das Wesen unserer M\u00f6bel [&hellip;]","og_url":"https:\/\/gebruederthonetvienna.com\/de\/profis\/kataloge\/","og_site_name":"GTV","article_modified_time":"2025-10-23T13:27:53+00:00","og_image":[{"width":960,"height":1200,"url":"https:\/\/gebruederthonetvienna.com\/wp-content\/uploads\/2025\/03\/catalogo-2024.webp","type":"image\/webp"}],"twitter_card":"summary_large_image","twitter_misc":{"Gesch\u00e4tzte Lesezeit":"1\u00a0Minute"},"schema":{"@context":"https:\/\/schema.org","@graph":[{"@type":"WebPage","@id":"https:\/\/gebruederthonetvienna.com\/de\/profis\/kataloge\/","url":"https:\/\/gebruederthonetvienna.com\/de\/profis\/kataloge\/","name":"Kataloge - GTV","isPartOf":{"@id":"https:\/\/gebruederthonetvienna.com\/de\/#website"},"primaryImageOfPage":{"@id":"https:\/\/gebruederthonetvienna.com\/de\/profis\/kataloge\/#primaryimage"},"image":{"@id":"https:\/\/gebruederthonetvienna.com\/de\/profis\/kataloge\/#primaryimage"},"thumbnailUrl":"https:\/\/gebruederthonetvienna.com\/wp-content\/uploads\/2025\/03\/catalogo-2024-819x1024.webp","datePublished":"2025-03-13T13:08:33+00:00","dateModified":"2025-10-23T13:27:53+00:00","breadcrumb":{"@id":"https:\/\/gebruederthonetvienna.com\/de\/profis\/kataloge\/#breadcrumb"},"inLanguage":"de","potentialAction":[{"@type":"ReadAction","target":["https:\/\/gebruederthonetvienna.com\/de\/profis\/kataloge\/"]}]},{"@type":"ImageObject","inLanguage":"de","@id":"https:\/\/gebruederthonetvienna.com\/de\/profis\/kataloge\/#primaryimage","url":"https:\/\/gebruederthonetvienna.com\/wp-content\/uploads\/2025\/03\/catalogo-2024-819x1024.webp","contentUrl":"https:\/\/gebruederthonetvienna.com\/wp-content\/uploads\/2025\/03\/catalogo-2024-819x1024.webp"},{"@type":"BreadcrumbList","@id":"https:\/\/gebruederthonetvienna.com\/de\/profis\/kataloge\/#breadcrumb","itemListElement":[{"@type":"ListItem","position":1,"name":"Home","item":"https:\/\/gebruederthonetvienna.com\/de\/"},{"@type":"ListItem","position":2,"name":"Profis","item":"https:\/\/gebruederthonetvienna.com\/de\/profis\/"},{"@type":"ListItem","position":3,"name":"Kataloge"}]},{"@type":"WebSite","@id":"https:\/\/gebruederthonetvienna.com\/de\/#website","url":"https:\/\/gebruederthonetvienna.com\/de\/","name":"GTV","description":"","publisher":{"@id":"https:\/\/gebruederthonetvienna.com\/de\/#organization"},"potentialAction":[{"@type":"SearchAction","target":{"@type":"EntryPoint","urlTemplate":"https:\/\/gebruederthonetvienna.com\/de\/?s={search_term_string}"},"query-input":{"@type":"PropertyValueSpecification","valueRequired":true,"valueName":"search_term_string"}}],"inLanguage":"de"},{"@type":"Organization","@id":"https:\/\/gebruederthonetvienna.com\/de\/#organization","name":"GTV","url":"https:\/\/gebruederthonetvienna.com\/de\/","logo":{"@type":"ImageObject","inLanguage":"de","@id":"https:\/\/gebruederthonetvienna.com\/de\/#\/schema\/logo\/image\/","url":"https:\/\/gebruederthonetvienna.com\/wp-content\/uploads\/2025\/03\/logo-black.webp","contentUrl":"https:\/\/gebruederthonetvienna.com\/wp-content\/uploads\/2025\/03\/logo-black.webp","width":418,"height":343,"caption":"GTV"},"image":{"@id":"https:\/\/gebruederthonetvienna.com\/de\/#\/schema\/logo\/image\/"}}]}},"_links":{"self":[{"href":"https:\/\/gebruederthonetvienna.com\/de\/wp-json\/wp\/v2\/pages\/21434","targetHints":{"allow":["GET"]}}],"collection":[{"href":"https:\/\/gebruederthonetvienna.com\/de\/wp-json\/wp\/v2\/pages"}],"about":[{"href":"https:\/\/gebruederthonetvienna.com\/de\/wp-json\/wp\/v2\/types\/page"}],"author":[{"embeddable":true,"href":"https:\/\/gebruederthonetvienna.com\/de\/wp-json\/wp\/v2\/users\/9"}],"replies":[{"embeddable":true,"href":"https:\/\/gebruederthonetvienna.com\/de\/wp-json\/wp\/v2\/comments?post=21434"}],"version-history":[{"count":6,"href":"https:\/\/gebruederthonetvienna.com\/de\/wp-json\/wp\/v2\/pages\/21434\/revisions"}],"predecessor-version":[{"id":44606,"href":"https:\/\/gebruederthonetvienna.com\/de\/wp-json\/wp\/v2\/pages\/21434\/revisions\/44606"}],"up":[{"embeddable":true,"href":"https:\/\/gebruederthonetvienna.com\/de\/wp-json\/wp\/v2\/pages\/22082"}],"wp:attachment":[{"href":"https:\/\/gebruederthonetvienna.com\/de\/wp-json\/wp\/v2\/media?parent=21434"}],"curies":[{"name":"wp","href":"https:\/\/api.w.org\/{rel}","templated":true}]}}