{"id":21354,"date":"2025-03-13T14:07:48","date_gmt":"2025-03-13T13:07:48","guid":{"rendered":"https:\/\/gebruederthonetvienna.com\/nachhaltigkeit\/"},"modified":"2025-04-09T09:27:46","modified_gmt":"2025-04-09T07:27:46","slug":"nachhaltigkeit","status":"publish","type":"page","link":"https:\/\/gebruederthonetvienna.com\/de\/gtv-welt\/nachhaltigkeit\/","title":{"rendered":"Nachhaltigkeit"},"content":{"rendered":"\n<div class=\"wp-block-cover alignfull is-style-page-hero\"><span aria-hidden=\"true\" class=\"wp-block-cover__background has-background-dim-100 has-background-dim wp-block-cover__gradient-background has-background-gradient has-black-overlay-gradient-background\"><\/span><img loading=\"lazy\" decoding=\"async\" width=\"1195\" height=\"759\" class=\"wp-block-cover__image-background wp-image-19840\" alt=\"\" src=\"https:\/\/gebruederthonetvienna.com\/wp-content\/uploads\/2025\/03\/sostenibilita-hero-1.webp\" data-object-fit=\"cover\" srcset=\"https:\/\/gebruederthonetvienna.com\/wp-content\/uploads\/2025\/03\/sostenibilita-hero-1.webp 1195w, https:\/\/gebruederthonetvienna.com\/wp-content\/uploads\/2025\/03\/sostenibilita-hero-1-300x191.webp 300w, https:\/\/gebruederthonetvienna.com\/wp-content\/uploads\/2025\/03\/sostenibilita-hero-1-1024x650.webp 1024w, https:\/\/gebruederthonetvienna.com\/wp-content\/uploads\/2025\/03\/sostenibilita-hero-1-768x488.webp 768w\" sizes=\"auto, (max-width: 1195px) 100vw, 1195px\" \/><div class=\"wp-block-cover__inner-container is-layout-constrained wp-block-cover-is-layout-constrained\">\n<h1 class=\"wp-block-heading has-text-align-center has-58-font-size\">Nachhaltigkeit<\/h1>\n<\/div><\/div>\n\n<div style=\"height:5rem\" aria-hidden=\"true\" class=\"wp-block-spacer\"><\/div>\n\n<div class=\"wp-block-group alignwide is-layout-constrained wp-container-core-group-is-layout-c42ca0b5 wp-block-group-is-layout-constrained\" style=\"padding-right:var(--wp--preset--spacing--16);padding-left:var(--wp--preset--spacing--16)\">\n<h2 class=\"wp-block-heading has-text-align-center has-44-font-size\">Umweltschutz: Eine Herausforderung f\u00fcr die Zukunft, eine Chance f\u00fcr GTV<\/h2>\n<\/div>\n\n<div style=\"height:var(--wp--preset--spacing--80)\" aria-hidden=\"true\" class=\"wp-block-spacer\"><\/div>\n\n<div class=\"wp-block-group alignwide is-layout-constrained wp-container-core-group-is-layout-c42ca0b5 wp-block-group-is-layout-constrained\" style=\"padding-right:var(--wp--preset--spacing--16);padding-left:var(--wp--preset--spacing--16)\">\n<p style=\"font-style:normal;font-weight:300\">Jahr f\u00fcr Jahr hat GTV ein wachsendes Bewusstsein f\u00fcr Umweltfragen entwickelt und orientiert sich im Hinblick auf kontinuierliche Verbesserung an Vorschriften, die die Verwendung nachhaltiger Prozesse und Materialien bevorzugen. Ein greifbares Zeichen, ein fester Punkt, der einen Weg hin zur Kontinuit\u00e4t, auch ethisch, zwischen dem Produktionszyklus und dem Produkt zeichnet.<br \/><br \/>Ein konkretes Engagement des Unternehmens, um reale Garantien in Bezug auf Umweltvertr\u00e4glichkeit und Gesundheitsschutz der Verbraucher zu bieten, mit dem Ziel, eine Vertrauensbasis zu schaffen, die auf einem integrierten Ansatz f\u00fcr nachhaltige Entwicklung basiert.<\/p>\n<\/div>\n\n<div style=\"height:var(--wp--preset--spacing--80)\" aria-hidden=\"true\" class=\"wp-block-spacer\"><\/div>\n\n<div class=\"wp-block-group alignfull is-style-testo-foto is-layout-grid wp-container-core-group-is-layout-5422e1b4 wp-block-group-is-layout-grid\">\n<div style=\"height:100px\" aria-hidden=\"true\" class=\"wp-block-spacer\"><\/div>\n\n\n\n<figure class=\"wp-block-image size-full wp-container-content-9eba275d\"><img loading=\"lazy\" decoding=\"async\" width=\"916\" height=\"916\" src=\"https:\/\/gebruederthonetvienna.com\/wp-content\/uploads\/2025\/03\/sostenibilita-legno-1-1.jpg\" alt=\"\" class=\"wp-image-19845\" srcset=\"https:\/\/gebruederthonetvienna.com\/wp-content\/uploads\/2025\/03\/sostenibilita-legno-1-1.jpg 916w, https:\/\/gebruederthonetvienna.com\/wp-content\/uploads\/2025\/03\/sostenibilita-legno-1-1-300x300.jpg 300w, https:\/\/gebruederthonetvienna.com\/wp-content\/uploads\/2025\/03\/sostenibilita-legno-1-1-150x150.jpg 150w, https:\/\/gebruederthonetvienna.com\/wp-content\/uploads\/2025\/03\/sostenibilita-legno-1-1-768x768.jpg 768w\" sizes=\"auto, (max-width: 916px) 100vw, 916px\" \/><\/figure>\n\n\n\n<div style=\"height:100px\" aria-hidden=\"true\" class=\"wp-block-spacer\"><\/div>\n\n\n\n<div class=\"wp-block-group wp-container-content-e7279f90 is-layout-constrained wp-block-group-is-layout-constrained\">\n<h2 class=\"wp-block-heading has-work-sans-font-family has-28-font-size\" style=\"text-transform:uppercase\">FSC\u00ae zertifiziertes Holz (C123220)<\/h2>\n\n\n\n<p class=\"wp-container-content-516f2167\" style=\"font-style:normal;font-weight:300\">F\u00fcr die Herstellung ihrer Kollektionen w\u00e4hlt Gebr\u00fcder Thonet Vienna GmbH FSC\u00ae-zertifiziertes Holz (Forest Stewardship Council\u00ae), das f\u00fchrende internationale Zertifizierungssystem, das sicherstellt, dass das Holz aus W\u00e4ldern stammt, die nach strengen Umwelt-, Sozial- und Wirtschaftsstandards bewirtschaftet werden.<br \/><br \/>Neben dieser Wahl setzt GTV weniger sichtbare, aber ebenso wichtige Prozesse f\u00fcr die Nachhaltigkeit ein. Das Unternehmen hat den Lackierprozess umgestellt, indem es Polyurethan-Lacke durch wasserbasierte Farben ersetzt hat, wodurch die Emissionen in die Atmosph\u00e4re reduziert und ein besserer Schutz f\u00fcr das beteiligte Personal gew\u00e4hrleistet wird.<br \/><br \/>2021 startete GTV ein neues Green-Projekt und f\u00fchrte vollst\u00e4ndig nachhaltige Produkte ein, darunter den neuen Stuhl Beaulieu, der mit besonderem Augenmerk auf Nachhaltigkeit entworfen wurde.<\/p>\n<\/div>\n<\/div>\n\n<div style=\"height:var(--wp--preset--spacing--80)\" aria-hidden=\"true\" class=\"wp-block-spacer\"><\/div>\n\n<div style=\"height:10rem\" aria-hidden=\"true\" class=\"wp-block-spacer\"><\/div>\n\n<div class=\"wp-block-group alignwide is-vertical is-content-justification-center is-layout-flex wp-container-core-group-is-layout-3f2d17a9 wp-block-group-is-layout-flex\" style=\"margin-top:0;margin-bottom:0\">\n<h3 class=\"wp-block-heading has-text-align-center has-work-sans-font-family has-28-font-size\">SIE K\u00d6NNTEN AUCH INTERESSIERT SEIN<\/h3>\n\n\n\n<div class=\"wp-block-group alignwide is-style-mobile-single-col is-style-pagine-correlate is-layout-grid wp-container-core-group-is-layout-0af59e79 wp-block-group-is-layout-grid\" style=\"margin-top:0;margin-bottom:0;padding-right:var(--wp--preset--spacing--16);padding-left:var(--wp--preset--spacing--16)\">\n<div class=\"wp-block-group wp-container-content-a56e390f is-vertical is-content-justification-left is-layout-flex wp-container-core-group-is-layout-ba62253d wp-block-group-is-layout-flex\">\n<figure class=\"wp-block-image size-full\"><img loading=\"lazy\" decoding=\"async\" width=\"680\" height=\"850\" src=\"https:\/\/gebruederthonetvienna.com\/wp-content\/themes\/gtv-theme\/assets\/img\/patterns\/mondo-brand-manifesto.webp\" alt=\"\" class=\"wp-image-207\" style=\"object-fit:cover\" \/><\/figure>\n\n\n\n<h4 class=\"wp-block-heading has-work-sans-font-family has-28-font-size\" style=\"text-transform:uppercase\"><a href=\"https:\/\/gebruederthonetvienna.com\/de\/brand-manifesto\/\">Brand Manifesto<\/a><\/h4>\n<\/div>\n\n\n\n<div class=\"wp-block-group is-style-default wp-container-content-a56e390f is-vertical is-content-justification-left is-layout-flex wp-container-core-group-is-layout-ba62253d wp-block-group-is-layout-flex\">\n<figure class=\"wp-block-image size-full\"><img loading=\"lazy\" decoding=\"async\" width=\"680\" height=\"850\" src=\"https:\/\/gebruederthonetvienna.com\/wp-content\/themes\/gtv-theme\/assets\/img\/patterns\/mondo-heritage.webp\" alt=\"\" class=\"wp-image-212\" \/><\/figure>\n\n\n\n<h4 class=\"wp-block-heading has-work-sans-font-family has-28-font-size\" style=\"text-transform:uppercase\"><a href=\"https:\/\/gebruederthonetvienna.com\/de\/gtv-welt\/heritage\/\">Heritage<\/a><\/h4>\n<\/div>\n\n\n\n<div class=\"wp-block-group wp-container-content-a56e390f is-vertical is-content-justification-left is-layout-flex wp-container-core-group-is-layout-ba62253d wp-block-group-is-layout-flex\">\n<figure class=\"wp-block-image size-full\"><img loading=\"lazy\" decoding=\"async\" width=\"680\" height=\"850\" src=\"https:\/\/gebruederthonetvienna.com\/wp-content\/themes\/gtv-theme\/assets\/img\/patterns\/mondo-curvatura.webp\" alt=\"\" class=\"wp-image-209\" style=\"object-fit:cover\" \/><\/figure>\n\n\n\n<h4 class=\"wp-block-heading has-work-sans-font-family has-28-font-size\" style=\"text-transform:uppercase\"><a href=\"https:\/\/gebruederthonetvienna.com\/de\/gtv-welt\/die-kruemmung-des-holzes\/\">die Kr\u00fcmmung des Holzes<\/a><\/h4>\n<\/div>\n<\/div>\n<\/div>\n\n<div class=\"wp-block-group alignfull is-layout-constrained wp-block-group-is-layout-constrained\">\n<div style=\"height:10rem\" aria-hidden=\"true\" class=\"wp-block-spacer\"><\/div>\n\n\n\n<div class=\"wp-block-group alignfull is-style-breadcrumbs is-layout-constrained wp-block-group-is-layout-constrained\"><span><span><a href=\"https:\/\/gebruederthonetvienna.com\/de\/\">Home<\/a><\/span><\/span>\n<\/div>\n<\/div>\n","protected":false},"excerpt":{"rendered":"<p>Umweltschutz: Eine Herausforderung f\u00fcr die Zukunft, eine Chance f\u00fcr GTV Jahr f\u00fcr Jahr hat GTV ein wachsendes Bewusstsein f\u00fcr Umweltfragen entwickelt und orientiert sich im Hinblick auf kontinuierliche Verbesserung an Vorschriften, die die Verwendung nachhaltiger Prozesse und Materialien bevorzugen. Ein greifbares Zeichen, ein fester Punkt, der einen Weg hin zur Kontinuit\u00e4t, auch ethisch, zwischen dem [&hellip;]<\/p>\n","protected":false},"author":9,"featured_media":0,"parent":21854,"menu_order":0,"comment_status":"closed","ping_status":"closed","template":"","meta":{"_acf_changed":false,"footnotes":""},"class_list":["post-21354","page","type-page","status-publish","hentry"],"acf":[],"yoast_head":"<!-- This site is optimized with the Yoast SEO plugin v24.7 - https:\/\/yoast.com\/wordpress\/plugins\/seo\/ -->\n<title>Nachhaltigkeit - GTV<\/title>\n<meta name=\"robots\" content=\"index, follow, max-snippet:-1, max-image-preview:large, max-video-preview:-1\" \/>\n<link rel=\"canonical\" href=\"https:\/\/gebruederthonetvienna.com\/de\/gtv-welt\/nachhaltigkeit\/\" \/>\n<meta property=\"og:locale\" content=\"de_DE\" \/>\n<meta property=\"og:type\" content=\"article\" \/>\n<meta property=\"og:title\" content=\"Nachhaltigkeit - GTV\" \/>\n<meta property=\"og:description\" content=\"Umweltschutz: Eine Herausforderung f\u00fcr die Zukunft, eine Chance f\u00fcr GTV Jahr f\u00fcr Jahr hat GTV ein wachsendes Bewusstsein f\u00fcr Umweltfragen entwickelt und orientiert sich im Hinblick auf kontinuierliche Verbesserung an Vorschriften, die die Verwendung nachhaltiger Prozesse und Materialien bevorzugen. Ein greifbares Zeichen, ein fester Punkt, der einen Weg hin zur Kontinuit\u00e4t, auch ethisch, zwischen dem [&hellip;]\" \/>\n<meta property=\"og:url\" content=\"https:\/\/gebruederthonetvienna.com\/de\/gtv-welt\/nachhaltigkeit\/\" \/>\n<meta property=\"og:site_name\" content=\"GTV\" \/>\n<meta property=\"article:modified_time\" content=\"2025-04-09T07:27:46+00:00\" \/>\n<meta property=\"og:image\" content=\"https:\/\/gebruederthonetvienna.com\/wp-content\/uploads\/2025\/03\/sostenibilita-hero-1.webp\" \/>\n\t<meta property=\"og:image:width\" content=\"1195\" \/>\n\t<meta property=\"og:image:height\" content=\"759\" \/>\n\t<meta property=\"og:image:type\" content=\"image\/webp\" \/>\n<meta name=\"twitter:card\" content=\"summary_large_image\" \/>\n<meta name=\"twitter:label1\" content=\"Gesch\u00e4tzte Lesezeit\" \/>\n\t<meta name=\"twitter:data1\" content=\"1\u00a0Minute\" \/>\n<script type=\"application\/ld+json\" class=\"yoast-schema-graph\">{\"@context\":\"https:\/\/schema.org\",\"@graph\":[{\"@type\":\"WebPage\",\"@id\":\"https:\/\/gebruederthonetvienna.com\/de\/gtv-welt\/nachhaltigkeit\/\",\"url\":\"https:\/\/gebruederthonetvienna.com\/de\/gtv-welt\/nachhaltigkeit\/\",\"name\":\"Nachhaltigkeit - GTV\",\"isPartOf\":{\"@id\":\"https:\/\/gebruederthonetvienna.com\/de\/#website\"},\"primaryImageOfPage\":{\"@id\":\"https:\/\/gebruederthonetvienna.com\/de\/gtv-welt\/nachhaltigkeit\/#primaryimage\"},\"image\":{\"@id\":\"https:\/\/gebruederthonetvienna.com\/de\/gtv-welt\/nachhaltigkeit\/#primaryimage\"},\"thumbnailUrl\":\"https:\/\/gebruederthonetvienna.com\/wp-content\/uploads\/2025\/03\/sostenibilita-hero-1.webp\",\"datePublished\":\"2025-03-13T13:07:48+00:00\",\"dateModified\":\"2025-04-09T07:27:46+00:00\",\"breadcrumb\":{\"@id\":\"https:\/\/gebruederthonetvienna.com\/de\/gtv-welt\/nachhaltigkeit\/#breadcrumb\"},\"inLanguage\":\"de\",\"potentialAction\":[{\"@type\":\"ReadAction\",\"target\":[\"https:\/\/gebruederthonetvienna.com\/de\/gtv-welt\/nachhaltigkeit\/\"]}]},{\"@type\":\"ImageObject\",\"inLanguage\":\"de\",\"@id\":\"https:\/\/gebruederthonetvienna.com\/de\/gtv-welt\/nachhaltigkeit\/#primaryimage\",\"url\":\"https:\/\/gebruederthonetvienna.com\/wp-content\/uploads\/2025\/03\/sostenibilita-hero-1.webp\",\"contentUrl\":\"https:\/\/gebruederthonetvienna.com\/wp-content\/uploads\/2025\/03\/sostenibilita-hero-1.webp\"},{\"@type\":\"BreadcrumbList\",\"@id\":\"https:\/\/gebruederthonetvienna.com\/de\/gtv-welt\/nachhaltigkeit\/#breadcrumb\",\"itemListElement\":[{\"@type\":\"ListItem\",\"position\":1,\"name\":\"Home\",\"item\":\"https:\/\/gebruederthonetvienna.com\/de\/\"},{\"@type\":\"ListItem\",\"position\":2,\"name\":\"GTV Welt\",\"item\":\"https:\/\/gebruederthonetvienna.com\/de\/gtv-welt\/\"},{\"@type\":\"ListItem\",\"position\":3,\"name\":\"Nachhaltigkeit\"}]},{\"@type\":\"WebSite\",\"@id\":\"https:\/\/gebruederthonetvienna.com\/de\/#website\",\"url\":\"https:\/\/gebruederthonetvienna.com\/de\/\",\"name\":\"GTV\",\"description\":\"\",\"publisher\":{\"@id\":\"https:\/\/gebruederthonetvienna.com\/de\/#organization\"},\"potentialAction\":[{\"@type\":\"SearchAction\",\"target\":{\"@type\":\"EntryPoint\",\"urlTemplate\":\"https:\/\/gebruederthonetvienna.com\/de\/?s={search_term_string}\"},\"query-input\":{\"@type\":\"PropertyValueSpecification\",\"valueRequired\":true,\"valueName\":\"search_term_string\"}}],\"inLanguage\":\"de\"},{\"@type\":\"Organization\",\"@id\":\"https:\/\/gebruederthonetvienna.com\/de\/#organization\",\"name\":\"GTV\",\"url\":\"https:\/\/gebruederthonetvienna.com\/de\/\",\"logo\":{\"@type\":\"ImageObject\",\"inLanguage\":\"de\",\"@id\":\"https:\/\/gebruederthonetvienna.com\/de\/#\/schema\/logo\/image\/\",\"url\":\"https:\/\/gebruederthonetvienna.com\/wp-content\/uploads\/2025\/03\/logo-black.webp\",\"contentUrl\":\"https:\/\/gebruederthonetvienna.com\/wp-content\/uploads\/2025\/03\/logo-black.webp\",\"width\":418,\"height\":343,\"caption\":\"GTV\"},\"image\":{\"@id\":\"https:\/\/gebruederthonetvienna.com\/de\/#\/schema\/logo\/image\/\"}}]}<\/script>\n<!-- \/ Yoast SEO plugin. -->","yoast_head_json":{"title":"Nachhaltigkeit - GTV","robots":{"index":"index","follow":"follow","max-snippet":"max-snippet:-1","max-image-preview":"max-image-preview:large","max-video-preview":"max-video-preview:-1"},"canonical":"https:\/\/gebruederthonetvienna.com\/de\/gtv-welt\/nachhaltigkeit\/","og_locale":"de_DE","og_type":"article","og_title":"Nachhaltigkeit - GTV","og_description":"Umweltschutz: Eine Herausforderung f\u00fcr die Zukunft, eine Chance f\u00fcr GTV Jahr f\u00fcr Jahr hat GTV ein wachsendes Bewusstsein f\u00fcr Umweltfragen entwickelt und orientiert sich im Hinblick auf kontinuierliche Verbesserung an Vorschriften, die die Verwendung nachhaltiger Prozesse und Materialien bevorzugen. Ein greifbares Zeichen, ein fester Punkt, der einen Weg hin zur Kontinuit\u00e4t, auch ethisch, zwischen dem [&hellip;]","og_url":"https:\/\/gebruederthonetvienna.com\/de\/gtv-welt\/nachhaltigkeit\/","og_site_name":"GTV","article_modified_time":"2025-04-09T07:27:46+00:00","og_image":[{"width":1195,"height":759,"url":"https:\/\/gebruederthonetvienna.com\/wp-content\/uploads\/2025\/03\/sostenibilita-hero-1.webp","type":"image\/webp"}],"twitter_card":"summary_large_image","twitter_misc":{"Gesch\u00e4tzte Lesezeit":"1\u00a0Minute"},"schema":{"@context":"https:\/\/schema.org","@graph":[{"@type":"WebPage","@id":"https:\/\/gebruederthonetvienna.com\/de\/gtv-welt\/nachhaltigkeit\/","url":"https:\/\/gebruederthonetvienna.com\/de\/gtv-welt\/nachhaltigkeit\/","name":"Nachhaltigkeit - GTV","isPartOf":{"@id":"https:\/\/gebruederthonetvienna.com\/de\/#website"},"primaryImageOfPage":{"@id":"https:\/\/gebruederthonetvienna.com\/de\/gtv-welt\/nachhaltigkeit\/#primaryimage"},"image":{"@id":"https:\/\/gebruederthonetvienna.com\/de\/gtv-welt\/nachhaltigkeit\/#primaryimage"},"thumbnailUrl":"https:\/\/gebruederthonetvienna.com\/wp-content\/uploads\/2025\/03\/sostenibilita-hero-1.webp","datePublished":"2025-03-13T13:07:48+00:00","dateModified":"2025-04-09T07:27:46+00:00","breadcrumb":{"@id":"https:\/\/gebruederthonetvienna.com\/de\/gtv-welt\/nachhaltigkeit\/#breadcrumb"},"inLanguage":"de","potentialAction":[{"@type":"ReadAction","target":["https:\/\/gebruederthonetvienna.com\/de\/gtv-welt\/nachhaltigkeit\/"]}]},{"@type":"ImageObject","inLanguage":"de","@id":"https:\/\/gebruederthonetvienna.com\/de\/gtv-welt\/nachhaltigkeit\/#primaryimage","url":"https:\/\/gebruederthonetvienna.com\/wp-content\/uploads\/2025\/03\/sostenibilita-hero-1.webp","contentUrl":"https:\/\/gebruederthonetvienna.com\/wp-content\/uploads\/2025\/03\/sostenibilita-hero-1.webp"},{"@type":"BreadcrumbList","@id":"https:\/\/gebruederthonetvienna.com\/de\/gtv-welt\/nachhaltigkeit\/#breadcrumb","itemListElement":[{"@type":"ListItem","position":1,"name":"Home","item":"https:\/\/gebruederthonetvienna.com\/de\/"},{"@type":"ListItem","position":2,"name":"GTV Welt","item":"https:\/\/gebruederthonetvienna.com\/de\/gtv-welt\/"},{"@type":"ListItem","position":3,"name":"Nachhaltigkeit"}]},{"@type":"WebSite","@id":"https:\/\/gebruederthonetvienna.com\/de\/#website","url":"https:\/\/gebruederthonetvienna.com\/de\/","name":"GTV","description":"","publisher":{"@id":"https:\/\/gebruederthonetvienna.com\/de\/#organization"},"potentialAction":[{"@type":"SearchAction","target":{"@type":"EntryPoint","urlTemplate":"https:\/\/gebruederthonetvienna.com\/de\/?s={search_term_string}"},"query-input":{"@type":"PropertyValueSpecification","valueRequired":true,"valueName":"search_term_string"}}],"inLanguage":"de"},{"@type":"Organization","@id":"https:\/\/gebruederthonetvienna.com\/de\/#organization","name":"GTV","url":"https:\/\/gebruederthonetvienna.com\/de\/","logo":{"@type":"ImageObject","inLanguage":"de","@id":"https:\/\/gebruederthonetvienna.com\/de\/#\/schema\/logo\/image\/","url":"https:\/\/gebruederthonetvienna.com\/wp-content\/uploads\/2025\/03\/logo-black.webp","contentUrl":"https:\/\/gebruederthonetvienna.com\/wp-content\/uploads\/2025\/03\/logo-black.webp","width":418,"height":343,"caption":"GTV"},"image":{"@id":"https:\/\/gebruederthonetvienna.com\/de\/#\/schema\/logo\/image\/"}}]}},"_links":{"self":[{"href":"https:\/\/gebruederthonetvienna.com\/de\/wp-json\/wp\/v2\/pages\/21354","targetHints":{"allow":["GET"]}}],"collection":[{"href":"https:\/\/gebruederthonetvienna.com\/de\/wp-json\/wp\/v2\/pages"}],"about":[{"href":"https:\/\/gebruederthonetvienna.com\/de\/wp-json\/wp\/v2\/types\/page"}],"author":[{"embeddable":true,"href":"https:\/\/gebruederthonetvienna.com\/de\/wp-json\/wp\/v2\/users\/9"}],"replies":[{"embeddable":true,"href":"https:\/\/gebruederthonetvienna.com\/de\/wp-json\/wp\/v2\/comments?post=21354"}],"version-history":[{"count":3,"href":"https:\/\/gebruederthonetvienna.com\/de\/wp-json\/wp\/v2\/pages\/21354\/revisions"}],"predecessor-version":[{"id":21998,"href":"https:\/\/gebruederthonetvienna.com\/de\/wp-json\/wp\/v2\/pages\/21354\/revisions\/21998"}],"up":[{"embeddable":true,"href":"https:\/\/gebruederthonetvienna.com\/de\/wp-json\/wp\/v2\/pages\/21854"}],"wp:attachment":[{"href":"https:\/\/gebruederthonetvienna.com\/de\/wp-json\/wp\/v2\/media?parent=21354"}],"curies":[{"name":"wp","href":"https:\/\/api.w.org\/{rel}","templated":true}]}}