{"id":21320,"date":"2025-03-13T14:07:36","date_gmt":"2025-03-13T13:07:36","guid":{"rendered":"https:\/\/gebruederthonetvienna.com\/die-kruemmung-des-holzes\/"},"modified":"2025-04-09T09:31:36","modified_gmt":"2025-04-09T07:31:36","slug":"die-kruemmung-des-holzes","status":"publish","type":"page","link":"https:\/\/gebruederthonetvienna.com\/de\/gtv-welt\/die-kruemmung-des-holzes\/","title":{"rendered":"Die Biegung des Holzes"},"content":{"rendered":"\n<div class=\"wp-block-cover alignfull is-style-page-hero\"><span aria-hidden=\"true\" class=\"wp-block-cover__background has-background-dim-100 has-background-dim wp-block-cover__gradient-background has-background-gradient has-black-overlay-gradient-background\"><\/span><img loading=\"lazy\" decoding=\"async\" width=\"538\" height=\"777\" class=\"wp-block-cover__image-background wp-image-19762\" alt=\"\" src=\"https:\/\/gebruederthonetvienna.com\/wp-content\/uploads\/2025\/03\/curvatura-hero-1.webp\" data-object-fit=\"cover\" srcset=\"https:\/\/gebruederthonetvienna.com\/wp-content\/uploads\/2025\/03\/curvatura-hero-1.webp 538w, https:\/\/gebruederthonetvienna.com\/wp-content\/uploads\/2025\/03\/curvatura-hero-1-208x300.webp 208w\" sizes=\"auto, (max-width: 538px) 100vw, 538px\" \/><div class=\"wp-block-cover__inner-container is-layout-constrained wp-block-cover-is-layout-constrained\">\n<h1 class=\"wp-block-heading has-text-align-center has-58-font-size\">Die Biegung des Holzes<\/h1>\n<\/div><\/div>\n\n<div style=\"height:var(--wp--preset--spacing--80)\" aria-hidden=\"true\" class=\"wp-block-spacer\"><\/div>\n\n<div class=\"wp-block-group alignwide is-layout-constrained wp-container-core-group-is-layout-c42ca0b5 wp-block-group-is-layout-constrained\" style=\"padding-right:var(--wp--preset--spacing--16);padding-left:var(--wp--preset--spacing--16)\">\n<p style=\"font-style:normal;font-weight:300\">Die Technik des Holzbiegens ist eine alte Methode, die in der Handwerkskunst verschiedener Zivilisationen pr\u00e4sent war, aber lange Zeit im Hintergrund blieb, da ihre Produktivit\u00e4tsvorteile begrenzt waren.<\/p>\n<\/div>\n\n<div style=\"height:var(--wp--preset--spacing--80)\" aria-hidden=\"true\" class=\"wp-block-spacer\"><\/div>\n\n<div class=\"wp-block-group alignfull is-layout-grid wp-container-core-group-is-layout-2ee6572b wp-block-group-is-layout-grid\">\n<div style=\"height:100px\" aria-hidden=\"true\" class=\"wp-block-spacer\"><\/div>\n\n\n\n<figure class=\"wp-block-embed alignfull is-type-video is-provider-youtube wp-block-embed-youtube wp-embed-aspect-16-9 wp-has-aspect-ratio wp-container-content-46162e02\"><div class=\"wp-block-embed__wrapper\">\n<iframe loading=\"lazy\" title=\"The GTV Production Process\" width=\"500\" height=\"281\" src=\"https:\/\/www.youtube.com\/embed\/592pBs91790?feature=oembed\" frameborder=\"0\" allow=\"accelerometer; autoplay; clipboard-write; encrypted-media; gyroscope; picture-in-picture; web-share\" referrerpolicy=\"strict-origin-when-cross-origin\" allowfullscreen><\/iframe>\n<\/div><\/figure>\n<\/div>\n\n<div style=\"height:5rem\" aria-hidden=\"true\" class=\"wp-block-spacer\"><\/div>\n\n<div class=\"wp-block-group alignfull is-style-testo-foto is-layout-grid wp-container-core-group-is-layout-5422e1b4 wp-block-group-is-layout-grid\">\n<div style=\"height:100px\" aria-hidden=\"true\" class=\"wp-block-spacer\"><\/div>\n\n\n\n<div class=\"wp-block-group wp-container-content-e7279f90 is-layout-constrained wp-block-group-is-layout-constrained\">\n<h2 class=\"wp-block-heading has-work-sans-font-family has-28-font-size\" style=\"text-transform:uppercase\">Die Technik<\/h2>\n\n\n\n<p class=\"wp-container-content-516f2167\" style=\"font-style:normal;font-weight:300\">Die Intuition von Michael Thonet entstand aus der Beobachtung, dass frisches Holz flexibler ist als trockenes. Ausgehend von dieser \u00dcberlegung experimentierten Thonet und einige seiner Zeitgenossen mit der Biegung von B\u00fcndeln d\u00fcnner Holzbl\u00e4tter, die in kochenden Leim getaucht und anschlie\u00dfend in festen Formen getrocknet wurden.<br\/><br\/>Diese L\u00f6sung gew\u00e4hrleistete jedoch nicht die Widerstandsf\u00e4higkeit des Produkts, da der Klebstoff zu spr\u00f6de war. Um dieses Problem zu \u00fcberwinden, entschied sich Thonet, ausschlie\u00dflich mit den physikalischen Eigenschaften des Holzes zu arbeiten und den Leim vollst\u00e4ndig aus seinen Verfahren zu entfernen. Um eine h\u00f6here Flexibilit\u00e4t des Materials \u2013 auch nach dem Altern \u2013 zu erreichen, erh\u00f6hte er die Gleitf\u00e4higkeit zwischen den Fasern, indem er sie einer stark feuchten Umgebung aussetzte.<br\/> <br\/><\/p>\n<\/div>\n\n\n\n<div style=\"height:100px\" aria-hidden=\"true\" class=\"wp-block-spacer\"><\/div>\n\n\n\n<figure class=\"wp-block-image size-full wp-container-content-9eba275d\"><img decoding=\"async\" src=\"https:\/\/gebruederthonetvienna.com\/wp-content\/themes\/gtv-theme\/assets\/img\/patterns\/section-text-photo.webp\" alt=\"\" class=\"wp-image-243\"\/><\/figure>\n<\/div>\n\n<div style=\"height:5rem\" aria-hidden=\"true\" class=\"wp-block-spacer\"><\/div>\n\n<div class=\"wp-block-group alignfull is-style-testo-foto is-layout-grid wp-container-core-group-is-layout-5422e1b4 wp-block-group-is-layout-grid\">\n<div style=\"height:100px\" aria-hidden=\"true\" class=\"wp-block-spacer wp-container-content-4ad9bbd1\"><\/div>\n\n\n\n<figure class=\"wp-block-image size-full wp-container-content-3cb60348\"><img loading=\"lazy\" decoding=\"async\" width=\"1867\" height=\"1051\" src=\"https:\/\/gebruederthonetvienna.com\/wp-content\/uploads\/2025\/03\/curvatura-img.webp\" alt=\"\" class=\"wp-image-242\" srcset=\"https:\/\/gebruederthonetvienna.com\/wp-content\/uploads\/2025\/03\/curvatura-img.webp 1867w, https:\/\/gebruederthonetvienna.com\/wp-content\/uploads\/2025\/03\/curvatura-img-300x169.webp 300w, https:\/\/gebruederthonetvienna.com\/wp-content\/uploads\/2025\/03\/curvatura-img-1024x576.webp 1024w, https:\/\/gebruederthonetvienna.com\/wp-content\/uploads\/2025\/03\/curvatura-img-768x432.webp 768w, https:\/\/gebruederthonetvienna.com\/wp-content\/uploads\/2025\/03\/curvatura-img-1536x865.webp 1536w\" sizes=\"auto, (max-width: 1867px) 100vw, 1867px\" \/><\/figure>\n\n\n\n<div style=\"height:100px\" aria-hidden=\"true\" class=\"wp-block-spacer\"><\/div>\n<\/div>\n\n<div style=\"height:5rem\" aria-hidden=\"true\" class=\"wp-block-spacer\"><\/div>\n\n<div class=\"wp-block-group alignfull is-style-testo-foto is-layout-grid wp-container-core-group-is-layout-5422e1b4 wp-block-group-is-layout-grid\">\n<div style=\"height:100px\" aria-hidden=\"true\" class=\"wp-block-spacer\"><\/div>\n\n\n\n<figure class=\"wp-block-image size-full wp-container-content-9eba275d\"><img loading=\"lazy\" decoding=\"async\" width=\"916\" height=\"917\" src=\"https:\/\/gebruederthonetvienna.com\/wp-content\/uploads\/2025\/03\/curvatura-brevetto-1.webp\" alt=\"\" class=\"wp-image-19738\" srcset=\"https:\/\/gebruederthonetvienna.com\/wp-content\/uploads\/2025\/03\/curvatura-brevetto-1.webp 916w, https:\/\/gebruederthonetvienna.com\/wp-content\/uploads\/2025\/03\/curvatura-brevetto-1-300x300.webp 300w, https:\/\/gebruederthonetvienna.com\/wp-content\/uploads\/2025\/03\/curvatura-brevetto-1-150x150.webp 150w, https:\/\/gebruederthonetvienna.com\/wp-content\/uploads\/2025\/03\/curvatura-brevetto-1-768x769.webp 768w\" sizes=\"auto, (max-width: 916px) 100vw, 916px\" \/><\/figure>\n\n\n\n<div style=\"height:100px\" aria-hidden=\"true\" class=\"wp-block-spacer\"><\/div>\n\n\n\n<div class=\"wp-block-group wp-container-content-e7279f90 is-layout-constrained wp-block-group-is-layout-constrained\">\n<h2 class=\"wp-block-heading has-work-sans-font-family has-28-font-size\" style=\"text-transform:uppercase\">Das Patent<\/h2>\n\n\n\n<p class=\"wp-container-content-516f2167\" style=\"font-style:normal;font-weight:300\">Im Jahr 1842 lie\u00df Michael Thonet das Verfahren patentieren, das ihn weltweit ber\u00fchmt machte: Die Holzstreifen \u2013 vorzugsweise aus Buche, dank ihrer langen, gleichm\u00e4\u00dfigen und astfreien Fasern \u2013 wurden gedrechselt, in einem Autoklaven bedampft, um Feuchtigkeit aufzunehmen, anschlie\u00dfend mit Kraft gebogen und in Metallformen fixiert, bevor sie getrocknet wurden. \u200bNach der Fertigstellung der einzelnen Teile wurde das charakteristische Wiener Geflecht angebracht, ein unverwechselbares Merkmal des Unternehmens. \u200b<br\/><br\/>Ein wahrer industrieller Prozess, begleitet von der schrittweisen Eliminierung von Verzierungen und Verbindungen zugunsten strenger Linien und einer vereinfachten Montage.<\/p>\n<\/div>\n<\/div>\n\n<div style=\"height:5rem\" aria-hidden=\"true\" class=\"wp-block-spacer\"><\/div>\n\n<div class=\"wp-block-group alignwide is-layout-constrained wp-container-core-group-is-layout-c42ca0b5 wp-block-group-is-layout-constrained\" style=\"padding-right:var(--wp--preset--spacing--16);padding-left:var(--wp--preset--spacing--16)\">\n<p style=\"font-style:normal;font-weight:300\">Formale Eleganz, Stabilit\u00e4t und Leichtigkeit begr\u00fcndeten den Erfolg des Unternehmens, das innerhalb weniger Jahre Produktionsst\u00e4tten auf der ganzen Welt er\u00f6ffnete. Eine einzigartige Produktionsmethode, verwurzelt in einer geschichtstr\u00e4chtigen Tradition voller Inspirationen, die sich heute durch die Wahl hochwertiger Materialien neu erfindet. Die H\u00f6lzer, ausgew\u00e4hlt f\u00fcr ihre Widerstandsf\u00e4higkeit und Vielseitigkeit, werden mit edlen Stoffen kombiniert und bereichern die Kollektion mit raffinierten Farbnuancen.<\/p>\n<\/div>\n\n<div style=\"height:10rem\" aria-hidden=\"true\" class=\"wp-block-spacer\"><\/div>\n\n<div class=\"wp-block-group alignwide is-vertical is-content-justification-center is-layout-flex wp-container-core-group-is-layout-3f2d17a9 wp-block-group-is-layout-flex\" style=\"margin-top:0;margin-bottom:0\">\n<h3 class=\"wp-block-heading has-text-align-center has-work-sans-font-family has-28-font-size\">SIE K\u00d6NNTEN AUCH INTERESSIERT SEIN<\/h3>\n\n\n\n<div class=\"wp-block-group alignwide is-style-mobile-single-col is-style-pagine-correlate is-layout-grid wp-container-core-group-is-layout-0af59e79 wp-block-group-is-layout-grid\" style=\"margin-top:0;margin-bottom:0;padding-right:var(--wp--preset--spacing--16);padding-left:var(--wp--preset--spacing--16)\">\n<div class=\"wp-block-group wp-container-content-a56e390f is-vertical is-content-justification-left is-layout-flex wp-container-core-group-is-layout-ba62253d wp-block-group-is-layout-flex\">\n<figure class=\"wp-block-image size-full\"><img loading=\"lazy\" decoding=\"async\" width=\"680\" height=\"850\" src=\"https:\/\/gebruederthonetvienna.com\/wp-content\/themes\/gtv-theme\/assets\/img\/patterns\/mondo-brand-manifesto.webp\" alt=\"\" class=\"wp-image-207\" style=\"object-fit:cover\"\/><\/figure>\n\n\n\n<h4 class=\"wp-block-heading has-work-sans-font-family has-28-font-size\" style=\"text-transform:uppercase\"><a href=\"https:\/\/gebruederthonetvienna.com\/de\/gtv-welt\/markenmanifest\/\">Markenmanifest<\/a><\/h4>\n<\/div>\n\n\n\n<div class=\"wp-block-group is-style-default wp-container-content-a56e390f is-vertical is-content-justification-left is-layout-flex wp-container-core-group-is-layout-ba62253d wp-block-group-is-layout-flex\">\n<figure class=\"wp-block-image size-full\"><img loading=\"lazy\" decoding=\"async\" width=\"680\" height=\"850\" src=\"https:\/\/gebruederthonetvienna.com\/wp-content\/themes\/gtv-theme\/assets\/img\/patterns\/mondo-heritage.webp\" alt=\"\" class=\"wp-image-212\"\/><\/figure>\n\n\n\n<h4 class=\"wp-block-heading has-work-sans-font-family has-28-font-size\" style=\"text-transform:uppercase\"><a href=\"https:\/\/gebruederthonetvienna.com\/de\/gtv-welt\/heritage\/\">Erbe<\/a><\/h4>\n<\/div>\n\n\n\n<div class=\"wp-block-group wp-container-content-a56e390f is-vertical is-content-justification-left is-layout-flex wp-container-core-group-is-layout-ba62253d wp-block-group-is-layout-flex\">\n<figure class=\"wp-block-image size-full\"><img loading=\"lazy\" decoding=\"async\" width=\"680\" height=\"850\" src=\"https:\/\/gebruederthonetvienna.com\/wp-content\/themes\/gtv-theme\/assets\/img\/patterns\/mondo-sostenibilita.webp\" alt=\"\" class=\"wp-image-214\"\/><\/figure>\n\n\n\n<h4 class=\"wp-block-heading has-work-sans-font-family has-28-font-size\" style=\"text-transform:uppercase\"><a href=\"https:\/\/gebruederthonetvienna.com\/de\/gtv-welt\/nachhaltigkeit\/\">Nachhaltigkeit<\/a><\/h4>\n<\/div>\n<\/div>\n<\/div>\n\n<div class=\"wp-block-group alignfull is-layout-constrained wp-block-group-is-layout-constrained\">\n<div style=\"height:10rem\" aria-hidden=\"true\" class=\"wp-block-spacer\"><\/div>\n\n\n\n<div class=\"wp-block-group alignfull is-style-breadcrumbs is-layout-constrained wp-block-group-is-layout-constrained\"><span><span><a href=\"https:\/\/gebruederthonetvienna.com\/de\/\">Home<\/a><\/span><\/span>\n<\/div>\n<\/div>\n","protected":false},"excerpt":{"rendered":"<p>Die Technik des Holzbiegens ist eine alte Methode, die in der Handwerkskunst verschiedener Zivilisationen pr\u00e4sent war, aber lange Zeit im Hintergrund blieb, da ihre Produktivit\u00e4tsvorteile begrenzt waren. Die Technik Die Intuition von Michael Thonet entstand aus der Beobachtung, dass frisches Holz flexibler ist als trockenes. Ausgehend von dieser \u00dcberlegung experimentierten Thonet und einige seiner Zeitgenossen [&hellip;]<\/p>\n","protected":false},"author":9,"featured_media":0,"parent":21854,"menu_order":0,"comment_status":"closed","ping_status":"closed","template":"","meta":{"_acf_changed":false,"footnotes":""},"class_list":["post-21320","page","type-page","status-publish","hentry"],"acf":[],"yoast_head":"<!-- This site is optimized with the Yoast SEO plugin v24.7 - https:\/\/yoast.com\/wordpress\/plugins\/seo\/ -->\n<title>Die Biegung des Holzes - GTV<\/title>\n<meta name=\"robots\" content=\"index, follow, max-snippet:-1, max-image-preview:large, max-video-preview:-1\" \/>\n<link rel=\"canonical\" href=\"https:\/\/gebruederthonetvienna.com\/de\/gtv-welt\/die-kruemmung-des-holzes\/\" \/>\n<meta property=\"og:locale\" content=\"de_DE\" \/>\n<meta property=\"og:type\" content=\"article\" \/>\n<meta property=\"og:title\" content=\"Die Biegung des Holzes - GTV\" \/>\n<meta property=\"og:description\" content=\"Die Technik des Holzbiegens ist eine alte Methode, die in der Handwerkskunst verschiedener Zivilisationen pr\u00e4sent war, aber lange Zeit im Hintergrund blieb, da ihre Produktivit\u00e4tsvorteile begrenzt waren. Die Technik Die Intuition von Michael Thonet entstand aus der Beobachtung, dass frisches Holz flexibler ist als trockenes. Ausgehend von dieser \u00dcberlegung experimentierten Thonet und einige seiner Zeitgenossen [&hellip;]\" \/>\n<meta property=\"og:url\" content=\"https:\/\/gebruederthonetvienna.com\/de\/gtv-welt\/die-kruemmung-des-holzes\/\" \/>\n<meta property=\"og:site_name\" content=\"GTV\" \/>\n<meta property=\"article:modified_time\" content=\"2025-04-09T07:31:36+00:00\" \/>\n<meta property=\"og:image\" content=\"https:\/\/gebruederthonetvienna.com\/wp-content\/uploads\/2025\/03\/curvatura-hero-1.webp\" \/>\n\t<meta property=\"og:image:width\" content=\"538\" \/>\n\t<meta property=\"og:image:height\" content=\"777\" \/>\n\t<meta property=\"og:image:type\" content=\"image\/webp\" \/>\n<meta name=\"twitter:card\" content=\"summary_large_image\" \/>\n<meta name=\"twitter:label1\" content=\"Gesch\u00e4tzte Lesezeit\" \/>\n\t<meta name=\"twitter:data1\" content=\"2\u00a0Minute\" \/>\n<script type=\"application\/ld+json\" class=\"yoast-schema-graph\">{\"@context\":\"https:\/\/schema.org\",\"@graph\":[{\"@type\":\"WebPage\",\"@id\":\"https:\/\/gebruederthonetvienna.com\/de\/gtv-welt\/die-kruemmung-des-holzes\/\",\"url\":\"https:\/\/gebruederthonetvienna.com\/de\/gtv-welt\/die-kruemmung-des-holzes\/\",\"name\":\"Die Biegung des Holzes - GTV\",\"isPartOf\":{\"@id\":\"https:\/\/gebruederthonetvienna.com\/de\/#website\"},\"primaryImageOfPage\":{\"@id\":\"https:\/\/gebruederthonetvienna.com\/de\/gtv-welt\/die-kruemmung-des-holzes\/#primaryimage\"},\"image\":{\"@id\":\"https:\/\/gebruederthonetvienna.com\/de\/gtv-welt\/die-kruemmung-des-holzes\/#primaryimage\"},\"thumbnailUrl\":\"https:\/\/gebruederthonetvienna.com\/wp-content\/uploads\/2025\/03\/curvatura-hero-1.webp\",\"datePublished\":\"2025-03-13T13:07:36+00:00\",\"dateModified\":\"2025-04-09T07:31:36+00:00\",\"breadcrumb\":{\"@id\":\"https:\/\/gebruederthonetvienna.com\/de\/gtv-welt\/die-kruemmung-des-holzes\/#breadcrumb\"},\"inLanguage\":\"de\",\"potentialAction\":[{\"@type\":\"ReadAction\",\"target\":[\"https:\/\/gebruederthonetvienna.com\/de\/gtv-welt\/die-kruemmung-des-holzes\/\"]}]},{\"@type\":\"ImageObject\",\"inLanguage\":\"de\",\"@id\":\"https:\/\/gebruederthonetvienna.com\/de\/gtv-welt\/die-kruemmung-des-holzes\/#primaryimage\",\"url\":\"https:\/\/gebruederthonetvienna.com\/wp-content\/uploads\/2025\/03\/curvatura-hero-1.webp\",\"contentUrl\":\"https:\/\/gebruederthonetvienna.com\/wp-content\/uploads\/2025\/03\/curvatura-hero-1.webp\"},{\"@type\":\"BreadcrumbList\",\"@id\":\"https:\/\/gebruederthonetvienna.com\/de\/gtv-welt\/die-kruemmung-des-holzes\/#breadcrumb\",\"itemListElement\":[{\"@type\":\"ListItem\",\"position\":1,\"name\":\"Home\",\"item\":\"https:\/\/gebruederthonetvienna.com\/de\/\"},{\"@type\":\"ListItem\",\"position\":2,\"name\":\"GTV Welt\",\"item\":\"https:\/\/gebruederthonetvienna.com\/de\/gtv-welt\/\"},{\"@type\":\"ListItem\",\"position\":3,\"name\":\"Die Biegung des Holzes\"}]},{\"@type\":\"WebSite\",\"@id\":\"https:\/\/gebruederthonetvienna.com\/de\/#website\",\"url\":\"https:\/\/gebruederthonetvienna.com\/de\/\",\"name\":\"GTV\",\"description\":\"\",\"publisher\":{\"@id\":\"https:\/\/gebruederthonetvienna.com\/de\/#organization\"},\"potentialAction\":[{\"@type\":\"SearchAction\",\"target\":{\"@type\":\"EntryPoint\",\"urlTemplate\":\"https:\/\/gebruederthonetvienna.com\/de\/?s={search_term_string}\"},\"query-input\":{\"@type\":\"PropertyValueSpecification\",\"valueRequired\":true,\"valueName\":\"search_term_string\"}}],\"inLanguage\":\"de\"},{\"@type\":\"Organization\",\"@id\":\"https:\/\/gebruederthonetvienna.com\/de\/#organization\",\"name\":\"GTV\",\"url\":\"https:\/\/gebruederthonetvienna.com\/de\/\",\"logo\":{\"@type\":\"ImageObject\",\"inLanguage\":\"de\",\"@id\":\"https:\/\/gebruederthonetvienna.com\/de\/#\/schema\/logo\/image\/\",\"url\":\"https:\/\/gebruederthonetvienna.com\/wp-content\/uploads\/2025\/03\/logo-black.webp\",\"contentUrl\":\"https:\/\/gebruederthonetvienna.com\/wp-content\/uploads\/2025\/03\/logo-black.webp\",\"width\":418,\"height\":343,\"caption\":\"GTV\"},\"image\":{\"@id\":\"https:\/\/gebruederthonetvienna.com\/de\/#\/schema\/logo\/image\/\"}}]}<\/script>\n<!-- \/ Yoast SEO plugin. -->","yoast_head_json":{"title":"Die Biegung des Holzes - GTV","robots":{"index":"index","follow":"follow","max-snippet":"max-snippet:-1","max-image-preview":"max-image-preview:large","max-video-preview":"max-video-preview:-1"},"canonical":"https:\/\/gebruederthonetvienna.com\/de\/gtv-welt\/die-kruemmung-des-holzes\/","og_locale":"de_DE","og_type":"article","og_title":"Die Biegung des Holzes - GTV","og_description":"Die Technik des Holzbiegens ist eine alte Methode, die in der Handwerkskunst verschiedener Zivilisationen pr\u00e4sent war, aber lange Zeit im Hintergrund blieb, da ihre Produktivit\u00e4tsvorteile begrenzt waren. Die Technik Die Intuition von Michael Thonet entstand aus der Beobachtung, dass frisches Holz flexibler ist als trockenes. Ausgehend von dieser \u00dcberlegung experimentierten Thonet und einige seiner Zeitgenossen [&hellip;]","og_url":"https:\/\/gebruederthonetvienna.com\/de\/gtv-welt\/die-kruemmung-des-holzes\/","og_site_name":"GTV","article_modified_time":"2025-04-09T07:31:36+00:00","og_image":[{"width":538,"height":777,"url":"https:\/\/gebruederthonetvienna.com\/wp-content\/uploads\/2025\/03\/curvatura-hero-1.webp","type":"image\/webp"}],"twitter_card":"summary_large_image","twitter_misc":{"Gesch\u00e4tzte Lesezeit":"2\u00a0Minute"},"schema":{"@context":"https:\/\/schema.org","@graph":[{"@type":"WebPage","@id":"https:\/\/gebruederthonetvienna.com\/de\/gtv-welt\/die-kruemmung-des-holzes\/","url":"https:\/\/gebruederthonetvienna.com\/de\/gtv-welt\/die-kruemmung-des-holzes\/","name":"Die Biegung des Holzes - GTV","isPartOf":{"@id":"https:\/\/gebruederthonetvienna.com\/de\/#website"},"primaryImageOfPage":{"@id":"https:\/\/gebruederthonetvienna.com\/de\/gtv-welt\/die-kruemmung-des-holzes\/#primaryimage"},"image":{"@id":"https:\/\/gebruederthonetvienna.com\/de\/gtv-welt\/die-kruemmung-des-holzes\/#primaryimage"},"thumbnailUrl":"https:\/\/gebruederthonetvienna.com\/wp-content\/uploads\/2025\/03\/curvatura-hero-1.webp","datePublished":"2025-03-13T13:07:36+00:00","dateModified":"2025-04-09T07:31:36+00:00","breadcrumb":{"@id":"https:\/\/gebruederthonetvienna.com\/de\/gtv-welt\/die-kruemmung-des-holzes\/#breadcrumb"},"inLanguage":"de","potentialAction":[{"@type":"ReadAction","target":["https:\/\/gebruederthonetvienna.com\/de\/gtv-welt\/die-kruemmung-des-holzes\/"]}]},{"@type":"ImageObject","inLanguage":"de","@id":"https:\/\/gebruederthonetvienna.com\/de\/gtv-welt\/die-kruemmung-des-holzes\/#primaryimage","url":"https:\/\/gebruederthonetvienna.com\/wp-content\/uploads\/2025\/03\/curvatura-hero-1.webp","contentUrl":"https:\/\/gebruederthonetvienna.com\/wp-content\/uploads\/2025\/03\/curvatura-hero-1.webp"},{"@type":"BreadcrumbList","@id":"https:\/\/gebruederthonetvienna.com\/de\/gtv-welt\/die-kruemmung-des-holzes\/#breadcrumb","itemListElement":[{"@type":"ListItem","position":1,"name":"Home","item":"https:\/\/gebruederthonetvienna.com\/de\/"},{"@type":"ListItem","position":2,"name":"GTV Welt","item":"https:\/\/gebruederthonetvienna.com\/de\/gtv-welt\/"},{"@type":"ListItem","position":3,"name":"Die Biegung des Holzes"}]},{"@type":"WebSite","@id":"https:\/\/gebruederthonetvienna.com\/de\/#website","url":"https:\/\/gebruederthonetvienna.com\/de\/","name":"GTV","description":"","publisher":{"@id":"https:\/\/gebruederthonetvienna.com\/de\/#organization"},"potentialAction":[{"@type":"SearchAction","target":{"@type":"EntryPoint","urlTemplate":"https:\/\/gebruederthonetvienna.com\/de\/?s={search_term_string}"},"query-input":{"@type":"PropertyValueSpecification","valueRequired":true,"valueName":"search_term_string"}}],"inLanguage":"de"},{"@type":"Organization","@id":"https:\/\/gebruederthonetvienna.com\/de\/#organization","name":"GTV","url":"https:\/\/gebruederthonetvienna.com\/de\/","logo":{"@type":"ImageObject","inLanguage":"de","@id":"https:\/\/gebruederthonetvienna.com\/de\/#\/schema\/logo\/image\/","url":"https:\/\/gebruederthonetvienna.com\/wp-content\/uploads\/2025\/03\/logo-black.webp","contentUrl":"https:\/\/gebruederthonetvienna.com\/wp-content\/uploads\/2025\/03\/logo-black.webp","width":418,"height":343,"caption":"GTV"},"image":{"@id":"https:\/\/gebruederthonetvienna.com\/de\/#\/schema\/logo\/image\/"}}]}},"_links":{"self":[{"href":"https:\/\/gebruederthonetvienna.com\/de\/wp-json\/wp\/v2\/pages\/21320","targetHints":{"allow":["GET"]}}],"collection":[{"href":"https:\/\/gebruederthonetvienna.com\/de\/wp-json\/wp\/v2\/pages"}],"about":[{"href":"https:\/\/gebruederthonetvienna.com\/de\/wp-json\/wp\/v2\/types\/page"}],"author":[{"embeddable":true,"href":"https:\/\/gebruederthonetvienna.com\/de\/wp-json\/wp\/v2\/users\/9"}],"replies":[{"embeddable":true,"href":"https:\/\/gebruederthonetvienna.com\/de\/wp-json\/wp\/v2\/comments?post=21320"}],"version-history":[{"count":6,"href":"https:\/\/gebruederthonetvienna.com\/de\/wp-json\/wp\/v2\/pages\/21320\/revisions"}],"predecessor-version":[{"id":22006,"href":"https:\/\/gebruederthonetvienna.com\/de\/wp-json\/wp\/v2\/pages\/21320\/revisions\/22006"}],"up":[{"embeddable":true,"href":"https:\/\/gebruederthonetvienna.com\/de\/wp-json\/wp\/v2\/pages\/21854"}],"wp:attachment":[{"href":"https:\/\/gebruederthonetvienna.com\/de\/wp-json\/wp\/v2\/media?parent=21320"}],"curies":[{"name":"wp","href":"https:\/\/api.w.org\/{rel}","templated":true}]}}