{"id":20958,"date":"2025-03-13T14:09:47","date_gmt":"2025-03-13T13:09:47","guid":{"rendered":"https:\/\/gebruederthonetvienna.com\/contatti\/informationsanfrage\/"},"modified":"2025-04-05T12:33:25","modified_gmt":"2025-04-05T10:33:25","slug":"informationsanfrage","status":"publish","type":"page","link":"https:\/\/gebruederthonetvienna.com\/de\/contatti\/informationsanfrage\/","title":{"rendered":"Informationsanfrage"},"content":{"rendered":"\n<div class=\"wp-block-group alignfull is-layout-constrained wp-block-group-is-layout-constrained\"><h1 style=\"padding-top:var(--wp--preset--spacing--112);padding-bottom:var(--wp--preset--spacing--112);margin-top:0;margin-bottom:0;\" class=\"has-text-align-center wp-block-post-title has-58-font-size\">Informationsanfrage<\/h1>\n\n\n<div class=\"wp-block-media-text alignfull has-media-on-the-right is-stacked-on-mobile is-image-fill-element is-style-content-teaser has-light-grey-background-color has-background\" id=\"designer\"><div class=\"wp-block-media-text__content\">\n<div class=\"wp-block-group is-layout-constrained wp-container-core-group-is-layout-caa2d89a wp-block-group-is-layout-constrained\" style=\"padding-right:var(--wp--preset--spacing--80);padding-left:var(--wp--preset--spacing--80)\">\n<h2 class=\"wp-block-heading has-work-sans-font-family has-28-font-size\" style=\"text-transform:uppercase\">Haben Sie Fragen zu unseren Produkten oder Dienstleistungen?<\/h2>\n\n\n\n<p class=\"has-20-font-size\" style=\"font-style:normal;font-weight:300\">Unser Team steht Ihnen zur Verf\u00fcgung, um Ihnen alle Informationen zu geben, die Sie ben\u00f6tigen. Kontaktieren Sie uns, und wir werden gerne Ihre Anfragen so schnell wie m\u00f6glich beantworten.<\/p>\n\n\n\n<div class=\"wp-block-buttons is-layout-flex wp-block-buttons-is-layout-flex\">\n<div class=\"wp-block-button is-style-cta\"><a class=\"wp-block-button__link wp-element-button\" href=\"mailto:info@gebruederthonetvienna.com\">kontaktieren Sie uns<\/a><\/div>\n<\/div>\n<\/div>\n<\/div><figure class=\"wp-block-media-text__media\"><img loading=\"lazy\" decoding=\"async\" width=\"680\" height=\"850\" src=\"https:\/\/gebruederthonetvienna.com\/wp-content\/uploads\/2025\/03\/contatti-collaborazione-1.webp\" alt=\"\" class=\"wp-image-20060 size-full\" style=\"object-position:50% 50%\" srcset=\"https:\/\/gebruederthonetvienna.com\/wp-content\/uploads\/2025\/03\/contatti-collaborazione-1.webp 680w, https:\/\/gebruederthonetvienna.com\/wp-content\/uploads\/2025\/03\/contatti-collaborazione-1-240x300.webp 240w\" sizes=\"auto, (max-width: 680px) 100vw, 680px\" \/><\/figure><\/div>\n\n\n\n<div style=\"height:10rem\" aria-hidden=\"true\" class=\"wp-block-spacer\"><\/div>\n\n\n\n<div class=\"wp-block-group alignfull is-style-breadcrumbs is-layout-constrained wp-block-group-is-layout-constrained\"><span><span><a href=\"https:\/\/gebruederthonetvienna.com\/de\/\">Home<\/a><\/span><\/span>\n<\/div>\n<\/div>\n","protected":false},"excerpt":{"rendered":"<p>Haben Sie Fragen zu unseren Produkten oder Dienstleistungen? Unser Team steht Ihnen zur Verf\u00fcgung, um Ihnen alle Informationen zu geben, die Sie ben\u00f6tigen. Kontaktieren Sie uns, und wir werden gerne Ihre Anfragen so schnell wie m\u00f6glich beantworten.<\/p>\n","protected":false},"author":9,"featured_media":0,"parent":20791,"menu_order":0,"comment_status":"closed","ping_status":"closed","template":"","meta":{"_acf_changed":false,"footnotes":""},"class_list":["post-20958","page","type-page","status-publish","hentry"],"acf":[],"yoast_head":"<!-- This site is optimized with the Yoast SEO plugin v24.7 - https:\/\/yoast.com\/wordpress\/plugins\/seo\/ -->\n<title>Informationsanfrage - GTV<\/title>\n<meta name=\"robots\" content=\"index, follow, max-snippet:-1, max-image-preview:large, max-video-preview:-1\" \/>\n<link rel=\"canonical\" href=\"https:\/\/gebruederthonetvienna.com\/de\/contatti\/informationsanfrage\/\" \/>\n<meta property=\"og:locale\" content=\"de_DE\" \/>\n<meta property=\"og:type\" content=\"article\" \/>\n<meta property=\"og:title\" content=\"Informationsanfrage - GTV\" \/>\n<meta property=\"og:description\" content=\"Haben Sie Fragen zu unseren Produkten oder Dienstleistungen? Unser Team steht Ihnen zur Verf\u00fcgung, um Ihnen alle Informationen zu geben, die Sie ben\u00f6tigen. Kontaktieren Sie uns, und wir werden gerne Ihre Anfragen so schnell wie m\u00f6glich beantworten.\" \/>\n<meta property=\"og:url\" content=\"https:\/\/gebruederthonetvienna.com\/de\/contatti\/informationsanfrage\/\" \/>\n<meta property=\"og:site_name\" content=\"GTV\" \/>\n<meta property=\"article:modified_time\" content=\"2025-04-05T10:33:25+00:00\" \/>\n<meta property=\"og:image\" content=\"https:\/\/gebruederthonetvienna.com\/wp-content\/uploads\/2025\/03\/contatti-collaborazione-1.webp\" \/>\n\t<meta property=\"og:image:width\" content=\"680\" \/>\n\t<meta property=\"og:image:height\" content=\"850\" \/>\n\t<meta property=\"og:image:type\" content=\"image\/webp\" \/>\n<meta name=\"twitter:card\" content=\"summary_large_image\" \/>\n<script type=\"application\/ld+json\" class=\"yoast-schema-graph\">{\"@context\":\"https:\/\/schema.org\",\"@graph\":[{\"@type\":\"WebPage\",\"@id\":\"https:\/\/gebruederthonetvienna.com\/de\/contatti\/informationsanfrage\/\",\"url\":\"https:\/\/gebruederthonetvienna.com\/de\/contatti\/informationsanfrage\/\",\"name\":\"Informationsanfrage - GTV\",\"isPartOf\":{\"@id\":\"https:\/\/gebruederthonetvienna.com\/de\/#website\"},\"primaryImageOfPage\":{\"@id\":\"https:\/\/gebruederthonetvienna.com\/de\/contatti\/informationsanfrage\/#primaryimage\"},\"image\":{\"@id\":\"https:\/\/gebruederthonetvienna.com\/de\/contatti\/informationsanfrage\/#primaryimage\"},\"thumbnailUrl\":\"https:\/\/gebruederthonetvienna.com\/wp-content\/uploads\/2025\/03\/contatti-collaborazione-1.webp\",\"datePublished\":\"2025-03-13T13:09:47+00:00\",\"dateModified\":\"2025-04-05T10:33:25+00:00\",\"breadcrumb\":{\"@id\":\"https:\/\/gebruederthonetvienna.com\/de\/contatti\/informationsanfrage\/#breadcrumb\"},\"inLanguage\":\"de\",\"potentialAction\":[{\"@type\":\"ReadAction\",\"target\":[\"https:\/\/gebruederthonetvienna.com\/de\/contatti\/informationsanfrage\/\"]}]},{\"@type\":\"ImageObject\",\"inLanguage\":\"de\",\"@id\":\"https:\/\/gebruederthonetvienna.com\/de\/contatti\/informationsanfrage\/#primaryimage\",\"url\":\"https:\/\/gebruederthonetvienna.com\/wp-content\/uploads\/2025\/03\/contatti-collaborazione-1.webp\",\"contentUrl\":\"https:\/\/gebruederthonetvienna.com\/wp-content\/uploads\/2025\/03\/contatti-collaborazione-1.webp\"},{\"@type\":\"BreadcrumbList\",\"@id\":\"https:\/\/gebruederthonetvienna.com\/de\/contatti\/informationsanfrage\/#breadcrumb\",\"itemListElement\":[{\"@type\":\"ListItem\",\"position\":1,\"name\":\"Home\",\"item\":\"https:\/\/gebruederthonetvienna.com\/de\/\"},{\"@type\":\"ListItem\",\"position\":2,\"name\":\"Kontakte\",\"item\":\"https:\/\/gebruederthonetvienna.com\/de\/contatti\/\"},{\"@type\":\"ListItem\",\"position\":3,\"name\":\"Informationsanfrage\"}]},{\"@type\":\"WebSite\",\"@id\":\"https:\/\/gebruederthonetvienna.com\/de\/#website\",\"url\":\"https:\/\/gebruederthonetvienna.com\/de\/\",\"name\":\"GTV\",\"description\":\"\",\"publisher\":{\"@id\":\"https:\/\/gebruederthonetvienna.com\/de\/#organization\"},\"potentialAction\":[{\"@type\":\"SearchAction\",\"target\":{\"@type\":\"EntryPoint\",\"urlTemplate\":\"https:\/\/gebruederthonetvienna.com\/de\/?s={search_term_string}\"},\"query-input\":{\"@type\":\"PropertyValueSpecification\",\"valueRequired\":true,\"valueName\":\"search_term_string\"}}],\"inLanguage\":\"de\"},{\"@type\":\"Organization\",\"@id\":\"https:\/\/gebruederthonetvienna.com\/de\/#organization\",\"name\":\"GTV\",\"url\":\"https:\/\/gebruederthonetvienna.com\/de\/\",\"logo\":{\"@type\":\"ImageObject\",\"inLanguage\":\"de\",\"@id\":\"https:\/\/gebruederthonetvienna.com\/de\/#\/schema\/logo\/image\/\",\"url\":\"https:\/\/gebruederthonetvienna.com\/wp-content\/uploads\/2025\/03\/logo-black.webp\",\"contentUrl\":\"https:\/\/gebruederthonetvienna.com\/wp-content\/uploads\/2025\/03\/logo-black.webp\",\"width\":418,\"height\":343,\"caption\":\"GTV\"},\"image\":{\"@id\":\"https:\/\/gebruederthonetvienna.com\/de\/#\/schema\/logo\/image\/\"}}]}<\/script>\n<!-- \/ Yoast SEO plugin. -->","yoast_head_json":{"title":"Informationsanfrage - GTV","robots":{"index":"index","follow":"follow","max-snippet":"max-snippet:-1","max-image-preview":"max-image-preview:large","max-video-preview":"max-video-preview:-1"},"canonical":"https:\/\/gebruederthonetvienna.com\/de\/contatti\/informationsanfrage\/","og_locale":"de_DE","og_type":"article","og_title":"Informationsanfrage - GTV","og_description":"Haben Sie Fragen zu unseren Produkten oder Dienstleistungen? Unser Team steht Ihnen zur Verf\u00fcgung, um Ihnen alle Informationen zu geben, die Sie ben\u00f6tigen. Kontaktieren Sie uns, und wir werden gerne Ihre Anfragen so schnell wie m\u00f6glich beantworten.","og_url":"https:\/\/gebruederthonetvienna.com\/de\/contatti\/informationsanfrage\/","og_site_name":"GTV","article_modified_time":"2025-04-05T10:33:25+00:00","og_image":[{"width":680,"height":850,"url":"https:\/\/gebruederthonetvienna.com\/wp-content\/uploads\/2025\/03\/contatti-collaborazione-1.webp","type":"image\/webp"}],"twitter_card":"summary_large_image","schema":{"@context":"https:\/\/schema.org","@graph":[{"@type":"WebPage","@id":"https:\/\/gebruederthonetvienna.com\/de\/contatti\/informationsanfrage\/","url":"https:\/\/gebruederthonetvienna.com\/de\/contatti\/informationsanfrage\/","name":"Informationsanfrage - GTV","isPartOf":{"@id":"https:\/\/gebruederthonetvienna.com\/de\/#website"},"primaryImageOfPage":{"@id":"https:\/\/gebruederthonetvienna.com\/de\/contatti\/informationsanfrage\/#primaryimage"},"image":{"@id":"https:\/\/gebruederthonetvienna.com\/de\/contatti\/informationsanfrage\/#primaryimage"},"thumbnailUrl":"https:\/\/gebruederthonetvienna.com\/wp-content\/uploads\/2025\/03\/contatti-collaborazione-1.webp","datePublished":"2025-03-13T13:09:47+00:00","dateModified":"2025-04-05T10:33:25+00:00","breadcrumb":{"@id":"https:\/\/gebruederthonetvienna.com\/de\/contatti\/informationsanfrage\/#breadcrumb"},"inLanguage":"de","potentialAction":[{"@type":"ReadAction","target":["https:\/\/gebruederthonetvienna.com\/de\/contatti\/informationsanfrage\/"]}]},{"@type":"ImageObject","inLanguage":"de","@id":"https:\/\/gebruederthonetvienna.com\/de\/contatti\/informationsanfrage\/#primaryimage","url":"https:\/\/gebruederthonetvienna.com\/wp-content\/uploads\/2025\/03\/contatti-collaborazione-1.webp","contentUrl":"https:\/\/gebruederthonetvienna.com\/wp-content\/uploads\/2025\/03\/contatti-collaborazione-1.webp"},{"@type":"BreadcrumbList","@id":"https:\/\/gebruederthonetvienna.com\/de\/contatti\/informationsanfrage\/#breadcrumb","itemListElement":[{"@type":"ListItem","position":1,"name":"Home","item":"https:\/\/gebruederthonetvienna.com\/de\/"},{"@type":"ListItem","position":2,"name":"Kontakte","item":"https:\/\/gebruederthonetvienna.com\/de\/contatti\/"},{"@type":"ListItem","position":3,"name":"Informationsanfrage"}]},{"@type":"WebSite","@id":"https:\/\/gebruederthonetvienna.com\/de\/#website","url":"https:\/\/gebruederthonetvienna.com\/de\/","name":"GTV","description":"","publisher":{"@id":"https:\/\/gebruederthonetvienna.com\/de\/#organization"},"potentialAction":[{"@type":"SearchAction","target":{"@type":"EntryPoint","urlTemplate":"https:\/\/gebruederthonetvienna.com\/de\/?s={search_term_string}"},"query-input":{"@type":"PropertyValueSpecification","valueRequired":true,"valueName":"search_term_string"}}],"inLanguage":"de"},{"@type":"Organization","@id":"https:\/\/gebruederthonetvienna.com\/de\/#organization","name":"GTV","url":"https:\/\/gebruederthonetvienna.com\/de\/","logo":{"@type":"ImageObject","inLanguage":"de","@id":"https:\/\/gebruederthonetvienna.com\/de\/#\/schema\/logo\/image\/","url":"https:\/\/gebruederthonetvienna.com\/wp-content\/uploads\/2025\/03\/logo-black.webp","contentUrl":"https:\/\/gebruederthonetvienna.com\/wp-content\/uploads\/2025\/03\/logo-black.webp","width":418,"height":343,"caption":"GTV"},"image":{"@id":"https:\/\/gebruederthonetvienna.com\/de\/#\/schema\/logo\/image\/"}}]}},"_links":{"self":[{"href":"https:\/\/gebruederthonetvienna.com\/de\/wp-json\/wp\/v2\/pages\/20958","targetHints":{"allow":["GET"]}}],"collection":[{"href":"https:\/\/gebruederthonetvienna.com\/de\/wp-json\/wp\/v2\/pages"}],"about":[{"href":"https:\/\/gebruederthonetvienna.com\/de\/wp-json\/wp\/v2\/types\/page"}],"author":[{"embeddable":true,"href":"https:\/\/gebruederthonetvienna.com\/de\/wp-json\/wp\/v2\/users\/9"}],"replies":[{"embeddable":true,"href":"https:\/\/gebruederthonetvienna.com\/de\/wp-json\/wp\/v2\/comments?post=20958"}],"version-history":[{"count":2,"href":"https:\/\/gebruederthonetvienna.com\/de\/wp-json\/wp\/v2\/pages\/20958\/revisions"}],"predecessor-version":[{"id":20960,"href":"https:\/\/gebruederthonetvienna.com\/de\/wp-json\/wp\/v2\/pages\/20958\/revisions\/20960"}],"up":[{"embeddable":true,"href":"https:\/\/gebruederthonetvienna.com\/de\/wp-json\/wp\/v2\/pages\/20791"}],"wp:attachment":[{"href":"https:\/\/gebruederthonetvienna.com\/de\/wp-json\/wp\/v2\/media?parent=20958"}],"curies":[{"name":"wp","href":"https:\/\/api.w.org\/{rel}","templated":true}]}}